{"id":5851,"date":"2026-05-02T21:46:41","date_gmt":"2026-05-02T18:46:41","guid":{"rendered":"https:\/\/rasa.bio\/?post_type=product&#038;p=5851"},"modified":"2026-05-02T22:02:52","modified_gmt":"2026-05-02T19:02:52","slug":"kosmetika-ka-sabiedrotais","status":"publish","type":"product","link":"https:\/\/rasa.bio\/en\/veikals\/kosmetika-ka-sabiedrotais\/","title":{"rendered":"Kosm\u0113tika k\u0101 sabiedrotais &#8211; saruna ar kosm\u0113tikas \u0137\u012bmi\u0137i"},"content":{"rendered":"<p><strong> Spried par produkta kvalit\u0101ti nevis p\u0113c ra\u017eot\u0101ja sol\u012bjumiem, bet gan re\u0101lajiem faktiem, ko produkts un t\u0101 eti\u0137ete pasaka!<\/strong><\/p>\n<p><strong>K\u0101 orient\u0113ties kosm\u0113tisko produktu pasaul\u0113? savu \u0101du no saules negat\u012bv\u0101s ietekmes?\u00a0 <\/strong>\u0160\u012b saruna <span style=\"font-size: 16px;\">ir praktiska un viegli uztverama prezent\u0101cija par \u0101das kop\u0161anas kosm\u0113tikas sast\u0101vu un produktu izv\u0113li. Taj\u0101 uzzin\u0101si, k\u0101 las\u012bt produktu eti\u0137etes, atpaz\u012bt v\u0113rt\u012bg\u0101s akt\u012bv\u0101s vielas un izvair\u012bties no nev\u0113lam\u0101m sast\u0101vda\u013c\u0101m. Prezent\u0101cij\u0101 apskat\u012bta ar\u012b efekt\u012bva \u0101das kop\u0161anas rut\u012bna, produktu piem\u0113ri un sast\u0101vu anal\u012bze, pal\u012bdzot gudr\u0101k izv\u0113l\u0113ties kosm\u0113tiku ikdienai.<\/span><\/p>\n<section class=\"text-token-text-primary w-full focus:outline-none [--shadow-height:45px] has-data-writing-block:pointer-events-none has-data-writing-block:-mt-(--shadow-height) has-data-writing-block:pt-(--shadow-height) [&amp;:has([data-writing-block])&gt;*]:pointer-events-auto [content-visibility:auto] supports-[content-visibility:auto]:[contain-intrinsic-size:auto_100lvh] R6Vx5W_threadScrollVars scroll-mb-[calc(var(--scroll-root-safe-area-inset-bottom,0px)+var(--thread-response-height))] scroll-mt-[calc(var(--header-height)+min(200px,max(70px,20svh)))]\" dir=\"auto\" data-turn-id=\"request-WEB:7c10b80e-beb9-41d6-ba11-aaa0d6ded72c-0\" data-testid=\"conversation-turn-2\" data-scroll-anchor=\"false\" data-turn=\"assistant\">\n<div class=\"text-base my-auto mx-auto pb-10 [--thread-content-margin:var(--thread-content-margin-xs,calc(var(--spacing)*4))] @w-sm\/main:[--thread-content-margin:var(--thread-content-margin-sm,calc(var(--spacing)*6))] @w-lg\/main:[--thread-content-margin:var(--thread-content-margin-lg,calc(var(--spacing)*16))] px-(--thread-content-margin)\">\n<div class=\"[--thread-content-max-width:40rem] @w-lg\/main:[--thread-content-max-width:48rem] mx-auto max-w-(--thread-content-max-width) flex-1 group\/turn-messages focus-visible:outline-hidden relative flex w-full min-w-0 flex-col agent-turn\">\n<div class=\"z-0 flex min-h-[46px] justify-start\"><\/div>\n<div class=\"mt-3 w-full empty:hidden\">\n<div class=\"text-center\"><\/div>\n<\/div>\n<\/div>\n<\/div>\n<\/section>\n<div class=\"pointer-events-none -mt-px h-px translate-y-[calc(var(--scroll-root-safe-area-inset-bottom)-14*var(--spacing))]\" aria-hidden=\"true\"><\/div>\n","protected":false},"excerpt":{"rendered":"<p><strong>Ne\u013cauj m\u0101rketinga trikiem sevi maldin\u0101t! Spried par produkta kvalit\u0101ti nevis p\u0113c ra\u017eot\u0101ja sol\u012bjumiem, bet gan re\u0101lajiem faktiem, ko produkts un t\u0101 eti\u0137ete pasaka!\u00a0<\/strong><\/p>\n<p>Ieg\u0101d\u0101joties \u0161o kursu, kuru vad\u012bja kosm\u0113tikas \u0137\u012bmi\u0137e, ar 15 gadu pieredzi , Zane Grigale &#8211; Soro\u010dina,\u00a0 Tu ieg\u016bsi:<\/p>\n<ul>\n<li data-section-id=\"t4kbyi\" data-start=\"0\" data-end=\"86\">Iem\u0101c\u012bsies saprast kosm\u0113tikas produktu sast\u0101vu un atpaz\u012bt v\u0113rt\u012bg\u0101s akt\u012bv\u0101s vielas.<\/li>\n<li data-section-id=\"dh9l3d\" data-start=\"87\" data-end=\"198\">Sp\u0113si izvair\u012bties no nev\u0113lam\u0101m un potenci\u0101li kairino\u0161\u0101m sast\u0101vda\u013c\u0101m, izv\u0113loties \u0101dai draudz\u012bg\u0101kus produktus.<\/li>\n<li data-section-id=\"1fkeib2\" data-start=\"199\" data-end=\"323\" data-is-last-node=\"\">Ieg\u016bsi praktiskas zin\u0101\u0161anas efekt\u012bvai \u0101das kop\u0161anas rut\u012bnai \u2013 att\u012br\u012b\u0161anai, mitrin\u0101\u0161anai, aizsardz\u012bbai un \u0101das atjauno\u0161anai.<\/li>\n<li>Redz\u0113si &gt;20 produktu sast\u0101vu anal\u012bzi<\/li>\n<li>un daudz citi jaut\u0101jumi un atbildes.<\/li>\n<\/ul>\n<p><em>Sarunas ilgums &#8211; aptuveni 1h.\u00a0<\/em><\/p>\n<p>Ieg\u0101d\u0101joties \u0161o produktu, m\u0113s ar Tevi sazin\u0101simies un\u00a0 e-past\u0101 nos\u016bt\u012bsim piek\u013cuvi sarunai.<\/p>\n<p><b>\u0100das kop\u0161anai nav j\u0101b\u016bt sarezg\u012btai, tai j\u0101b\u016bt ir regul\u0101rai!<\/b><\/p>","protected":false},"featured_media":5852,"template":"","meta":{"site-sidebar-layout":"default","site-content-layout":"","ast-site-content-layout":"default","site-content-style":"default","site-sidebar-style":"default","ast-global-header-display":"","ast-banner-title-visibility":"","ast-main-header-display":"","ast-hfb-above-header-display":"","ast-hfb-below-header-display":"","ast-hfb-mobile-header-display":"","site-post-title":"","ast-breadcrumbs-content":"","ast-featured-img":"","footer-sml-layout":"","ast-disable-related-posts":"","theme-transparent-header-meta":"default","adv-header-id-meta":"","stick-header-meta":"","header-above-stick-meta":"","header-main-stick-meta":"","header-below-stick-meta":"","astra-migrate-meta-layouts":"set","ast-page-background-enabled":"default","ast-page-background-meta":{"desktop":{"background-color":"","background-image":"","background-repeat":"repeat","background-position":"center center","background-size":"auto","background-attachment":"scroll","background-type":"","background-media":"","overlay-type":"","overlay-color":"","overlay-opacity":"","overlay-gradient":""},"tablet":{"background-color":"","background-image":"","background-repeat":"repeat","background-position":"center center","background-size":"auto","background-attachment":"scroll","background-type":"","background-media":"","overlay-type":"","overlay-color":"","overlay-opacity":"","overlay-gradient":""},"mobile":{"background-color":"","background-image":"","background-repeat":"repeat","background-position":"center center","background-size":"auto","background-attachment":"scroll","background-type":"","background-media":"","overlay-type":"","overlay-color":"","overlay-opacity":"","overlay-gradient":""}},"ast-content-background-meta":{"desktop":{"background-color":"var(--ast-global-color-5)","background-image":"","background-repeat":"repeat","background-position":"center center","background-size":"auto","background-attachment":"scroll","background-type":"","background-media":"","overlay-type":"","overlay-color":"","overlay-opacity":"","overlay-gradient":""},"tablet":{"background-color":"var(--ast-global-color-5)","background-image":"","background-repeat":"repeat","background-position":"center center","background-size":"auto","background-attachment":"scroll","background-type":"","background-media":"","overlay-type":"","overlay-color":"","overlay-opacity":"","overlay-gradient":""},"mobile":{"background-color":"var(--ast-global-color-5)","background-image":"","background-repeat":"repeat","background-position":"center center","background-size":"auto","background-attachment":"scroll","background-type":"","background-media":"","overlay-type":"","overlay-color":"","overlay-opacity":"","overlay-gradient":""}}},"product_brand":[],"product_cat":[78],"product_tag":[],"class_list":{"0":"post-5851","1":"product","2":"type-product","3":"status-publish","4":"has-post-thumbnail","6":"product_cat-kursi-izaicinajumi","7":"desktop-align-left","8":"tablet-align-left","9":"mobile-align-left","11":"first","12":"instock","13":"virtual","14":"taxable","15":"purchasable","16":"product-type-simple"},"yoast_head":"<!-- This site is optimized with the Yoast SEO plugin v27.5 - https:\/\/yoast.com\/product\/yoast-seo-wordpress\/ -->\n<title>Kosm\u0113tika k\u0101 sabiedrotais - saruna ar kosm\u0113tikas \u0137\u012bmi\u0137i - RASA Botanicals<\/title>\n<meta name=\"description\" content=\"Ne\u013cauj m\u0101rketinga trikiem sevi maldin\u0101t!\" \/>\n<meta name=\"robots\" content=\"index, follow, max-snippet:-1, max-image-preview:large, max-video-preview:-1\" \/>\n<link rel=\"canonical\" href=\"https:\/\/rasa.bio\/en\/veikals\/kosmetika-ka-sabiedrotais\/\" \/>\n<meta property=\"og:locale\" content=\"en_GB\" \/>\n<meta property=\"og:type\" content=\"article\" \/>\n<meta property=\"og:title\" content=\"Kosm\u0113tika k\u0101 sabiedrotais - saruna ar kosm\u0113tikas \u0137\u012bmi\u0137i - RASA Botanicals\" \/>\n<meta property=\"og:description\" content=\"Ne\u013cauj m\u0101rketinga trikiem sevi maldin\u0101t!\" \/>\n<meta property=\"og:url\" content=\"https:\/\/rasa.bio\/en\/veikals\/kosmetika-ka-sabiedrotais\/\" \/>\n<meta property=\"og:site_name\" content=\"RASA Botanicals\" \/>\n<meta property=\"article:modified_time\" content=\"2026-05-02T19:02:52+00:00\" \/>\n<meta property=\"og:image\" content=\"https:\/\/rasa.bio\/wp-content\/uploads\/2026\/05\/ChatGPT-Image-Apr-30-2026-10_05_44-AM-3.png\" \/>\n\t<meta property=\"og:image:width\" content=\"1122\" \/>\n\t<meta property=\"og:image:height\" content=\"1402\" \/>\n\t<meta property=\"og:image:type\" content=\"image\/png\" \/>\n<meta name=\"twitter:card\" content=\"summary_large_image\" \/>\n<meta name=\"twitter:label1\" content=\"Estimated reading time\" \/>\n\t<meta name=\"twitter:data1\" content=\"1 minute\" \/>\n<script type=\"application\/ld+json\" class=\"yoast-schema-graph\">{\"@context\":\"https:\\\/\\\/schema.org\",\"@graph\":[{\"@type\":\"WebPage\",\"@id\":\"https:\\\/\\\/rasa.bio\\\/veikals\\\/kosmetika-ka-sabiedrotais\\\/\",\"url\":\"https:\\\/\\\/rasa.bio\\\/veikals\\\/kosmetika-ka-sabiedrotais\\\/\",\"name\":\"Kosm\u0113tika k\u0101 sabiedrotais - saruna ar kosm\u0113tikas \u0137\u012bmi\u0137i - RASA Botanicals\",\"isPartOf\":{\"@id\":\"https:\\\/\\\/rasa.bio\\\/#website\"},\"primaryImageOfPage\":{\"@id\":\"https:\\\/\\\/rasa.bio\\\/veikals\\\/kosmetika-ka-sabiedrotais\\\/#primaryimage\"},\"image\":{\"@id\":\"https:\\\/\\\/rasa.bio\\\/veikals\\\/kosmetika-ka-sabiedrotais\\\/#primaryimage\"},\"thumbnailUrl\":\"https:\\\/\\\/rasa.bio\\\/wp-content\\\/uploads\\\/2026\\\/05\\\/ChatGPT-Image-Apr-30-2026-10_05_44-AM-3.png\",\"datePublished\":\"2026-05-02T18:46:41+00:00\",\"dateModified\":\"2026-05-02T19:02:52+00:00\",\"description\":\"Ne\u013cauj m\u0101rketinga trikiem sevi maldin\u0101t!\",\"breadcrumb\":{\"@id\":\"https:\\\/\\\/rasa.bio\\\/veikals\\\/kosmetika-ka-sabiedrotais\\\/#breadcrumb\"},\"inLanguage\":\"en-GB\",\"potentialAction\":[{\"@type\":\"ReadAction\",\"target\":[\"https:\\\/\\\/rasa.bio\\\/veikals\\\/kosmetika-ka-sabiedrotais\\\/\"]}]},{\"@type\":\"ImageObject\",\"inLanguage\":\"en-GB\",\"@id\":\"https:\\\/\\\/rasa.bio\\\/veikals\\\/kosmetika-ka-sabiedrotais\\\/#primaryimage\",\"url\":\"https:\\\/\\\/rasa.bio\\\/wp-content\\\/uploads\\\/2026\\\/05\\\/ChatGPT-Image-Apr-30-2026-10_05_44-AM-3.png\",\"contentUrl\":\"https:\\\/\\\/rasa.bio\\\/wp-content\\\/uploads\\\/2026\\\/05\\\/ChatGPT-Image-Apr-30-2026-10_05_44-AM-3.png\",\"width\":1122,\"height\":1402},{\"@type\":\"BreadcrumbList\",\"@id\":\"https:\\\/\\\/rasa.bio\\\/veikals\\\/kosmetika-ka-sabiedrotais\\\/#breadcrumb\",\"itemListElement\":[{\"@type\":\"ListItem\",\"position\":1,\"name\":\"Veikals\",\"item\":\"https:\\\/\\\/rasa.bio\\\/veikals\\\/\"},{\"@type\":\"ListItem\",\"position\":2,\"name\":\"Kosm\u0113tika k\u0101 sabiedrotais &#8211; saruna ar kosm\u0113tikas \u0137\u012bmi\u0137i\"}]},{\"@type\":\"WebSite\",\"@id\":\"https:\\\/\\\/rasa.bio\\\/#website\",\"url\":\"https:\\\/\\\/rasa.bio\\\/\",\"name\":\"RASA Botanicals\",\"description\":\"\",\"publisher\":{\"@id\":\"https:\\\/\\\/rasa.bio\\\/#organization\"},\"potentialAction\":[{\"@type\":\"SearchAction\",\"target\":{\"@type\":\"EntryPoint\",\"urlTemplate\":\"https:\\\/\\\/rasa.bio\\\/?s={search_term_string}\"},\"query-input\":{\"@type\":\"PropertyValueSpecification\",\"valueRequired\":true,\"valueName\":\"search_term_string\"}}],\"inLanguage\":\"en-GB\"},{\"@type\":\"Organization\",\"@id\":\"https:\\\/\\\/rasa.bio\\\/#organization\",\"name\":\"RASA Botanicals\",\"url\":\"https:\\\/\\\/rasa.bio\\\/\",\"logo\":{\"@type\":\"ImageObject\",\"inLanguage\":\"en-GB\",\"@id\":\"https:\\\/\\\/rasa.bio\\\/#\\\/schema\\\/logo\\\/image\\\/\",\"url\":\"https:\\\/\\\/rasa.bio\\\/wp-content\\\/uploads\\\/2021\\\/06\\\/RASA-logo.svg\",\"contentUrl\":\"https:\\\/\\\/rasa.bio\\\/wp-content\\\/uploads\\\/2021\\\/06\\\/RASA-logo.svg\",\"width\":246,\"height\":302,\"caption\":\"RASA Botanicals\"},\"image\":{\"@id\":\"https:\\\/\\\/rasa.bio\\\/#\\\/schema\\\/logo\\\/image\\\/\"}}]}<\/script>\n<!-- \/ Yoast SEO plugin. -->","yoast_head_json":{"title":"Kosm\u0113tika k\u0101 sabiedrotais - saruna ar kosm\u0113tikas \u0137\u012bmi\u0137i - RASA Botanicals","description":"Ne\u013cauj m\u0101rketinga trikiem sevi maldin\u0101t!","robots":{"index":"index","follow":"follow","max-snippet":"max-snippet:-1","max-image-preview":"max-image-preview:large","max-video-preview":"max-video-preview:-1"},"canonical":"https:\/\/rasa.bio\/en\/veikals\/kosmetika-ka-sabiedrotais\/","og_locale":"en_GB","og_type":"article","og_title":"Kosm\u0113tika k\u0101 sabiedrotais - saruna ar kosm\u0113tikas \u0137\u012bmi\u0137i - RASA Botanicals","og_description":"Ne\u013cauj m\u0101rketinga trikiem sevi maldin\u0101t!","og_url":"https:\/\/rasa.bio\/en\/veikals\/kosmetika-ka-sabiedrotais\/","og_site_name":"RASA Botanicals","article_modified_time":"2026-05-02T19:02:52+00:00","og_image":[{"width":1122,"height":1402,"url":"https:\/\/rasa.bio\/wp-content\/uploads\/2026\/05\/ChatGPT-Image-Apr-30-2026-10_05_44-AM-3.png","type":"image\/png"}],"twitter_card":"summary_large_image","twitter_misc":{"Estimated reading time":"1 minute"},"schema":{"@context":"https:\/\/schema.org","@graph":[{"@type":"WebPage","@id":"https:\/\/rasa.bio\/veikals\/kosmetika-ka-sabiedrotais\/","url":"https:\/\/rasa.bio\/veikals\/kosmetika-ka-sabiedrotais\/","name":"Kosm\u0113tika k\u0101 sabiedrotais - saruna ar kosm\u0113tikas \u0137\u012bmi\u0137i - RASA Botanicals","isPartOf":{"@id":"https:\/\/rasa.bio\/#website"},"primaryImageOfPage":{"@id":"https:\/\/rasa.bio\/veikals\/kosmetika-ka-sabiedrotais\/#primaryimage"},"image":{"@id":"https:\/\/rasa.bio\/veikals\/kosmetika-ka-sabiedrotais\/#primaryimage"},"thumbnailUrl":"https:\/\/rasa.bio\/wp-content\/uploads\/2026\/05\/ChatGPT-Image-Apr-30-2026-10_05_44-AM-3.png","datePublished":"2026-05-02T18:46:41+00:00","dateModified":"2026-05-02T19:02:52+00:00","description":"Ne\u013cauj m\u0101rketinga trikiem sevi maldin\u0101t!","breadcrumb":{"@id":"https:\/\/rasa.bio\/veikals\/kosmetika-ka-sabiedrotais\/#breadcrumb"},"inLanguage":"en-GB","potentialAction":[{"@type":"ReadAction","target":["https:\/\/rasa.bio\/veikals\/kosmetika-ka-sabiedrotais\/"]}]},{"@type":"ImageObject","inLanguage":"en-GB","@id":"https:\/\/rasa.bio\/veikals\/kosmetika-ka-sabiedrotais\/#primaryimage","url":"https:\/\/rasa.bio\/wp-content\/uploads\/2026\/05\/ChatGPT-Image-Apr-30-2026-10_05_44-AM-3.png","contentUrl":"https:\/\/rasa.bio\/wp-content\/uploads\/2026\/05\/ChatGPT-Image-Apr-30-2026-10_05_44-AM-3.png","width":1122,"height":1402},{"@type":"BreadcrumbList","@id":"https:\/\/rasa.bio\/veikals\/kosmetika-ka-sabiedrotais\/#breadcrumb","itemListElement":[{"@type":"ListItem","position":1,"name":"Veikals","item":"https:\/\/rasa.bio\/veikals\/"},{"@type":"ListItem","position":2,"name":"Kosm\u0113tika k\u0101 sabiedrotais &#8211; saruna ar kosm\u0113tikas \u0137\u012bmi\u0137i"}]},{"@type":"WebSite","@id":"https:\/\/rasa.bio\/#website","url":"https:\/\/rasa.bio\/","name":"RASA Botanicals","description":"","publisher":{"@id":"https:\/\/rasa.bio\/#organization"},"potentialAction":[{"@type":"SearchAction","target":{"@type":"EntryPoint","urlTemplate":"https:\/\/rasa.bio\/?s={search_term_string}"},"query-input":{"@type":"PropertyValueSpecification","valueRequired":true,"valueName":"search_term_string"}}],"inLanguage":"en-GB"},{"@type":"Organization","@id":"https:\/\/rasa.bio\/#organization","name":"RASA Botanicals","url":"https:\/\/rasa.bio\/","logo":{"@type":"ImageObject","inLanguage":"en-GB","@id":"https:\/\/rasa.bio\/#\/schema\/logo\/image\/","url":"https:\/\/rasa.bio\/wp-content\/uploads\/2021\/06\/RASA-logo.svg","contentUrl":"https:\/\/rasa.bio\/wp-content\/uploads\/2021\/06\/RASA-logo.svg","width":246,"height":302,"caption":"RASA Botanicals"},"image":{"@id":"https:\/\/rasa.bio\/#\/schema\/logo\/image\/"}}]}},"_links":{"self":[{"href":"https:\/\/rasa.bio\/en\/wp-json\/wp\/v2\/product\/5851","targetHints":{"allow":["GET"]}}],"collection":[{"href":"https:\/\/rasa.bio\/en\/wp-json\/wp\/v2\/product"}],"about":[{"href":"https:\/\/rasa.bio\/en\/wp-json\/wp\/v2\/types\/product"}],"version-history":[{"count":3,"href":"https:\/\/rasa.bio\/en\/wp-json\/wp\/v2\/product\/5851\/revisions"}],"predecessor-version":[{"id":5857,"href":"https:\/\/rasa.bio\/en\/wp-json\/wp\/v2\/product\/5851\/revisions\/5857"}],"wp:featuredmedia":[{"embeddable":true,"href":"https:\/\/rasa.bio\/en\/wp-json\/wp\/v2\/media\/5852"}],"wp:attachment":[{"href":"https:\/\/rasa.bio\/en\/wp-json\/wp\/v2\/media?parent=5851"}],"wp:term":[{"taxonomy":"product_brand","embeddable":true,"href":"https:\/\/rasa.bio\/en\/wp-json\/wp\/v2\/product_brand?post=5851"},{"taxonomy":"product_cat","embeddable":true,"href":"https:\/\/rasa.bio\/en\/wp-json\/wp\/v2\/product_cat?post=5851"},{"taxonomy":"product_tag","embeddable":true,"href":"https:\/\/rasa.bio\/en\/wp-json\/wp\/v2\/product_tag?post=5851"}],"curies":[{"name":"wp","href":"https:\/\/api.w.org\/{rel}","templated":true}]}}