{"id":5518,"date":"2025-12-09T12:10:51","date_gmt":"2025-12-09T10:10:51","guid":{"rendered":"https:\/\/rasa.bio\/?post_type=product&#038;p=5518"},"modified":"2026-01-11T13:39:53","modified_gmt":"2026-01-11T11:39:53","slug":"kermena-krems-un-skrubis-komplekts","status":"publish","type":"product","link":"https:\/\/rasa.bio\/en\/veikals\/kermena-krems-un-skrubis-komplekts\/","title":{"rendered":"\u0136erme\u0146a kr\u0113ms un skrubis, komplekts"},"content":{"rendered":"<div data-elementor-type=\"product-post\" data-elementor-id=\"5518\" class=\"elementor elementor-5518\" data-elementor-post-type=\"product\">\n\t\t\t\t\t\t<section class=\"elementor-section elementor-top-section elementor-element elementor-element-ae34949 elementor-section-boxed elementor-section-height-default elementor-section-height-default\" data-id=\"ae34949\" data-element_type=\"section\" data-e-type=\"section\">\n\t\t\t\t\t\t<div class=\"elementor-container elementor-column-gap-default\">\n\t\t\t\t\t<div class=\"elementor-column elementor-col-50 elementor-top-column elementor-element elementor-element-f6892df\" data-id=\"f6892df\" data-element_type=\"column\" data-e-type=\"column\">\n\t\t\t<div class=\"elementor-widget-wrap elementor-element-populated\">\n\t\t\t\t\t\t<div class=\"elementor-element elementor-element-f7f0d95 elementor-widget elementor-widget-heading\" data-id=\"f7f0d95\" data-element_type=\"widget\" data-e-type=\"widget\" data-widget_type=\"heading.default\">\n\t\t\t\t<div class=\"elementor-widget-container\">\n\t\t\t\t\t<h2 class=\"elementor-heading-title elementor-size-default\">More about the product<\/h2>\t\t\t\t<\/div>\n\t\t\t\t<\/div>\n\t\t\t\t<div class=\"elementor-element elementor-element-7c782cf elementor-widget elementor-widget-text-editor\" data-id=\"7c782cf\" data-element_type=\"widget\" data-e-type=\"widget\" data-widget_type=\"text-editor.default\">\n\t\t\t\t<div class=\"elementor-widget-container\">\n\t\t\t\t\t\t\t\t\t<p><span style=\"font-style: inherit; font-weight: inherit;\">Skrubis ar augu da\u013ci\u0146\u0101m maigi att\u012bra \u0101du un no\u0146em ziemas pel\u0113kumu. \u0136erme\u0146a kr\u0113ms ar \u0161\u012b sviestu intens\u012bvi pabaros un mitrin\u0101s \u0101du.<\/span><\/p>\n<p>Izv\u0113lies savu skrubja versiju ar:<\/p>\n<ul>\n<li>smar\u017e\u012bgajiem Ievu ziediem,<\/li>\n<li>nomierino\u0161o Lavandu,<\/li>\n<li>refreshing peppermint,<\/li>\n<li>arom\u0101tisko lupst\u0101ju,<\/li>\n<li>nomierino\u0161ajiem piene\u0146u ziediem<\/li>\n<li>abraz\u012bvaj\u0101m smilts\u0113rk\u0161u lap\u0101m.&nbsp;<\/li>\n<\/ul>\t\t\t\t\t\t\t\t<\/div>\n\t\t\t\t<\/div>\n\t\t\t\t\t<\/div>\n\t\t<\/div>\n\t\t\t\t<div class=\"elementor-column elementor-col-50 elementor-top-column elementor-element elementor-element-c2783e9\" data-id=\"c2783e9\" data-element_type=\"column\" data-e-type=\"column\">\n\t\t\t<div class=\"elementor-widget-wrap\">\n\t\t\t\t\t\t\t<\/div>\n\t\t<\/div>\n\t\t\t\t\t<\/div>\n\t\t<\/section>\n\t\t\t\t<section class=\"elementor-section elementor-top-section elementor-element elementor-element-8310650 elementor-section-boxed elementor-section-height-default elementor-section-height-default\" data-id=\"8310650\" data-element_type=\"section\" data-e-type=\"section\" data-settings=\"{&quot;background_background&quot;:&quot;classic&quot;}\">\n\t\t\t\t\t\t<div class=\"elementor-container elementor-column-gap-default\">\n\t\t\t\t\t<div class=\"elementor-column elementor-col-100 elementor-top-column elementor-element elementor-element-10fd104\" data-id=\"10fd104\" data-element_type=\"column\" data-e-type=\"column\">\n\t\t\t<div class=\"elementor-widget-wrap elementor-element-populated\">\n\t\t\t\t\t\t<div class=\"elementor-element elementor-element-f803e6d elementor-widget elementor-widget-heading\" data-id=\"f803e6d\" data-element_type=\"widget\" data-e-type=\"widget\" data-widget_type=\"heading.default\">\n\t\t\t\t<div class=\"elementor-widget-container\">\n\t\t\t\t\t<h2 class=\"elementor-heading-title elementor-size-default\">Reviews<\/h2>\t\t\t\t<\/div>\n\t\t\t\t<\/div>\n\t\t\t\t<div class=\"elementor-element elementor-element-0a97a7c elementor-testimonial--layout-image_stacked elementor-testimonial--align-left elementor-testimonial--skin-default elementor-arrows-yes elementor-pagination-type-bullets elementor-widget elementor-widget-testimonial-carousel\" data-id=\"0a97a7c\" data-element_type=\"widget\" data-e-type=\"widget\" data-settings=\"{&quot;slides_per_view&quot;:&quot;3&quot;,&quot;slides_to_scroll&quot;:&quot;1&quot;,&quot;space_between&quot;:{&quot;unit&quot;:&quot;px&quot;,&quot;size&quot;:15,&quot;sizes&quot;:[]},&quot;slides_per_view_tablet&quot;:&quot;2&quot;,&quot;space_between_tablet&quot;:{&quot;unit&quot;:&quot;px&quot;,&quot;size&quot;:15,&quot;sizes&quot;:[]},&quot;show_arrows&quot;:&quot;yes&quot;,&quot;pagination&quot;:&quot;bullets&quot;,&quot;speed&quot;:500,&quot;autoplay&quot;:&quot;yes&quot;,&quot;autoplay_speed&quot;:5000,&quot;loop&quot;:&quot;yes&quot;,&quot;pause_on_hover&quot;:&quot;yes&quot;,&quot;pause_on_interaction&quot;:&quot;yes&quot;,&quot;space_between_mobile&quot;:{&quot;unit&quot;:&quot;px&quot;,&quot;size&quot;:10,&quot;sizes&quot;:[]}}\" data-widget_type=\"testimonial-carousel.default\">\n\t\t\t\t<div class=\"elementor-widget-container\">\n\t\t\t\t\t\t\t\t\t<div class=\"elementor-swiper\">\n\t\t\t\t\t<div class=\"elementor-main-swiper swiper\" role=\"region\" aria-roledescription=\"carousel\" aria-label=\"Slides\">\n\t\t\t\t<div class=\"swiper-wrapper\">\n\t\t\t\t\t\t\t\t\t\t\t<div class=\"swiper-slide\" role=\"group\" aria-roledescription=\"slide\">\n\t\t\t\t\t\t\t\t\t<div class=\"elementor-testimonial\">\n\t\t\t\t\t\t\t<div class=\"elementor-testimonial__content\">\n\t\t\t\t\t<div class=\"elementor-testimonial__text\">\n\t\t\t\t\t\tA high-quality, natural product that not only moisturizes the skin, but also creates the feeling that \"Mother Nature\" herself has taken part in the development of this product. \t\t\t\t\t<\/div>\n\t\t\t\t\t\t\t\t\t<\/div>\n\t\t\t\t\t\t<div class=\"elementor-testimonial__footer\">\n\t\t\t\t\t\t\t\t<cite class=\"elementor-testimonial__cite\"><span class=\"elementor-testimonial__name\">L\u012bga \u017do\u017ea<\/span><\/cite>\t\t\t<\/div>\n\t\t<\/div>\n\t\t\t\t\t\t\t\t<\/div>\n\t\t\t\t\t\t\t\t\t\t\t<div class=\"swiper-slide\" role=\"group\" aria-roledescription=\"slide\">\n\t\t\t\t\t\t\t\t\t<div class=\"elementor-testimonial\">\n\t\t\t\t\t\t\t<div class=\"elementor-testimonial__content\">\n\t\t\t\t\t<div class=\"elementor-testimonial__text\">\n\t\t\t\t\t\tA fantastic oil that moisturizes the skin perfectly and absorbs very quickly. I use it right after the shower and the skin feels silky and soft all day long.  \t\t\t\t\t<\/div>\n\t\t\t\t\t\t\t\t\t<\/div>\n\t\t\t\t\t\t<div class=\"elementor-testimonial__footer\">\n\t\t\t\t\t\t\t\t<cite class=\"elementor-testimonial__cite\"><span class=\"elementor-testimonial__name\">Laila B\u0113rzi\u0146a<\/span><\/cite>\t\t\t<\/div>\n\t\t<\/div>\n\t\t\t\t\t\t\t\t<\/div>\n\t\t\t\t\t\t\t\t\t\t\t<div class=\"swiper-slide\" role=\"group\" aria-roledescription=\"slide\">\n\t\t\t\t\t\t\t\t\t<div class=\"elementor-testimonial\">\n\t\t\t\t\t\t\t<div class=\"elementor-testimonial__content\">\n\t\t\t\t\t<div class=\"elementor-testimonial__text\">\n\t\t\t\t\t\tI have finally found products that don't irritate my skin. As I am very allergic, this oil is the perfect product for my sensitive skin. Couldn't ask for anything better. I use it both for face and body as a moisturizing cosmetic. \t\t\t\t\t<\/div>\n\t\t\t\t\t\t\t\t\t<\/div>\n\t\t\t\t\t\t<div class=\"elementor-testimonial__footer\">\n\t\t\t\t\t\t\t\t<cite class=\"elementor-testimonial__cite\"><span class=\"elementor-testimonial__name\">M. Haritonovs<\/span><\/cite>\t\t\t<\/div>\n\t\t<\/div>\n\t\t\t\t\t\t\t\t<\/div>\n\t\t\t\t\t\t\t\t\t\t\t<div class=\"swiper-slide\" role=\"group\" aria-roledescription=\"slide\">\n\t\t\t\t\t\t\t\t\t<div class=\"elementor-testimonial\">\n\t\t\t\t\t\t\t<div class=\"elementor-testimonial__content\">\n\t\t\t\t\t<div class=\"elementor-testimonial__text\">\n\t\t\t\t\t\tI use it both for my own face and as a baby massager. The oil is absorbed very quickly, does not leave a greasy feeling, but the skin remains really moisturized and soft. \t\t\t\t\t<\/div>\n\t\t\t\t\t\t\t\t\t<\/div>\n\t\t\t\t\t\t<div class=\"elementor-testimonial__footer\">\n\t\t\t\t\t\t\t\t<cite class=\"elementor-testimonial__cite\"><span class=\"elementor-testimonial__name\">Krist\u012bne Tihonova<\/span><\/cite>\t\t\t<\/div>\n\t\t<\/div>\n\t\t\t\t\t\t\t\t<\/div>\n\t\t\t\t\t\t\t\t\t<\/div>\n\t\t\t\t\t\t\t\t\t\t\t\t\t\t\t<div class=\"elementor-swiper-button elementor-swiper-button-prev\" role=\"button\" tabindex=\"0\" aria-label=\"Previous\">\n\t\t\t\t\t\t\t<svg aria-hidden=\"true\" class=\"e-font-icon-svg e-eicon-chevron-left\" viewbox=\"0 0 1000 1000\" xmlns=\"http:\/\/www.w3.org\/2000\/svg\"><path d=\"M646 125C629 125 613 133 604 142L308 442C296 454 292 471 292 487 292 504 296 521 308 533L604 854C617 867 629 875 646 875 663 875 679 871 692 858 704 846 713 829 713 812 713 796 708 779 692 767L438 487 692 225C700 217 708 204 708 187 708 171 704 154 692 142 675 129 663 125 646 125Z\"><\/path><\/svg>\t\t\t\t\t\t<\/div>\n\t\t\t\t\t\t<div class=\"elementor-swiper-button elementor-swiper-button-next\" role=\"button\" tabindex=\"0\" aria-label=\"Next\">\n\t\t\t\t\t\t\t<svg aria-hidden=\"true\" class=\"e-font-icon-svg e-eicon-chevron-right\" viewbox=\"0 0 1000 1000\" xmlns=\"http:\/\/www.w3.org\/2000\/svg\"><path d=\"M696 533C708 521 713 504 713 487 713 471 708 454 696 446L400 146C388 133 375 125 354 125 338 125 325 129 313 142 300 154 292 171 292 187 292 204 296 221 308 233L563 492 304 771C292 783 288 800 288 817 288 833 296 850 308 863 321 871 338 875 354 875 371 875 388 867 400 854L696 533Z\"><\/path><\/svg>\t\t\t\t\t\t<\/div>\n\t\t\t\t\t\t\t\t\t\t\t\t\t\t\t\t<div class=\"swiper-pagination\"><\/div>\n\t\t\t\t\t\t\t\t\t\t\t\t<\/div>\n\t\t\t\t<\/div>\n\t\t\t\t\t\t\t\t<\/div>\n\t\t\t\t<\/div>\n\t\t\t\t\t<\/div>\n\t\t<\/div>\n\t\t\t\t\t<\/div>\n\t\t<\/section>\n\t\t\t\t<\/div>","protected":false},"excerpt":{"rendered":"<p>D\u0101vanu komplekts, kas rad\u012bts \u0101das palutin\u0101\u0161anai!<\/p>\n<p>ntens\u012bvi barojo\u0161ais \u0137erme\u0146a kr\u0113ms dzi\u013ci mitrina, padarot \u0101du samtaini maigu, savuk\u0101rt arom\u0101tiskais \u0137erme\u0146a skrubis saudz\u012bgi no\u0146em atmiru\u0161\u0101s \u0161\u016bnas un pie\u0161\u0137ir \u0101dai mirdzumu.<\/p>","protected":false},"featured_media":5528,"template":"","meta":{"site-sidebar-layout":"default","site-content-layout":"default","ast-site-content-layout":"default","site-content-style":"default","site-sidebar-style":"default","ast-global-header-display":"","ast-banner-title-visibility":"","ast-main-header-display":"","ast-hfb-above-header-display":"","ast-hfb-below-header-display":"","ast-hfb-mobile-header-display":"","site-post-title":"","ast-breadcrumbs-content":"","ast-featured-img":"","footer-sml-layout":"","ast-disable-related-posts":"","theme-transparent-header-meta":"default","adv-header-id-meta":"","stick-header-meta":"","header-above-stick-meta":"","header-main-stick-meta":"","header-below-stick-meta":"","astra-migrate-meta-layouts":"set","ast-page-background-enabled":"default","ast-page-background-meta":{"desktop":{"background-color":"","background-image":"","background-repeat":"repeat","background-position":"center center","background-size":"auto","background-attachment":"scroll","background-type":"","background-media":"","overlay-type":"","overlay-color":"","overlay-opacity":"","overlay-gradient":""},"tablet":{"background-color":"","background-image":"","background-repeat":"repeat","background-position":"center center","background-size":"auto","background-attachment":"scroll","background-type":"","background-media":"","overlay-type":"","overlay-color":"","overlay-opacity":"","overlay-gradient":""},"mobile":{"background-color":"","background-image":"","background-repeat":"repeat","background-position":"center center","background-size":"auto","background-attachment":"scroll","background-type":"","background-media":"","overlay-type":"","overlay-color":"","overlay-opacity":"","overlay-gradient":""}},"ast-content-background-meta":{"desktop":{"background-color":"var(--ast-global-color-5)","background-image":"","background-repeat":"repeat","background-position":"center center","background-size":"auto","background-attachment":"scroll","background-type":"","background-media":"","overlay-type":"","overlay-color":"","overlay-opacity":"","overlay-gradient":""},"tablet":{"background-color":"var(--ast-global-color-5)","background-image":"","background-repeat":"repeat","background-position":"center center","background-size":"auto","background-attachment":"scroll","background-type":"","background-media":"","overlay-type":"","overlay-color":"","overlay-opacity":"","overlay-gradient":""},"mobile":{"background-color":"var(--ast-global-color-5)","background-image":"","background-repeat":"repeat","background-position":"center center","background-size":"auto","background-attachment":"scroll","background-type":"","background-media":"","overlay-type":"","overlay-color":"","overlay-opacity":"","overlay-gradient":""}}},"product_brand":[],"product_cat":[103],"product_tag":[],"class_list":{"0":"post-5518","1":"product","2":"type-product","3":"status-publish","4":"has-post-thumbnail","6":"product_cat-davanu-komplekti","7":"desktop-align-left","8":"tablet-align-left","9":"mobile-align-left","11":"first","12":"instock","13":"taxable","14":"shipping-taxable","15":"purchasable","16":"product-type-variable","17":"has-default-attributes"},"yoast_head":"<!-- This site is optimized with the Yoast SEO plugin v27.3 - https:\/\/yoast.com\/product\/yoast-seo-wordpress\/ -->\n<title>\u0136erme\u0146a kr\u0113ms un skrubis, komplekts - RASA Botanicals<\/title>\n<meta name=\"robots\" content=\"index, follow, max-snippet:-1, max-image-preview:large, max-video-preview:-1\" \/>\n<link rel=\"canonical\" href=\"https:\/\/rasa.bio\/en\/veikals\/kermena-krems-un-skrubis-komplekts\/\" \/>\n<meta property=\"og:locale\" content=\"en_GB\" \/>\n<meta property=\"og:type\" content=\"article\" \/>\n<meta property=\"og:title\" content=\"\u0136erme\u0146a kr\u0113ms un skrubis, komplekts - RASA Botanicals\" \/>\n<meta property=\"og:description\" content=\"D\u0101vanu komplekts, kas rad\u012bts \u0101das palutin\u0101\u0161anai!  ntens\u012bvi barojo\u0161ais \u0137erme\u0146a kr\u0113ms dzi\u013ci mitrina, padarot \u0101du samtaini maigu, savuk\u0101rt arom\u0101tiskais \u0137erme\u0146a skrubis saudz\u012bgi no\u0146em atmiru\u0161\u0101s \u0161\u016bnas un pie\u0161\u0137ir \u0101dai mirdzumu.\" \/>\n<meta property=\"og:url\" content=\"https:\/\/rasa.bio\/en\/veikals\/kermena-krems-un-skrubis-komplekts\/\" \/>\n<meta property=\"og:site_name\" content=\"RASA Botanicals\" \/>\n<meta property=\"article:modified_time\" content=\"2026-01-11T11:39:53+00:00\" \/>\n<meta property=\"og:image\" content=\"https:\/\/rasa.bio\/wp-content\/uploads\/2025\/12\/IMG_1450-scaled.jpg\" \/>\n\t<meta property=\"og:image:width\" content=\"1920\" \/>\n\t<meta property=\"og:image:height\" content=\"2560\" \/>\n\t<meta property=\"og:image:type\" content=\"image\/jpeg\" \/>\n<meta name=\"twitter:card\" content=\"summary_large_image\" \/>\n<script type=\"application\/ld+json\" class=\"yoast-schema-graph\">{\"@context\":\"https:\\\/\\\/schema.org\",\"@graph\":[{\"@type\":\"WebPage\",\"@id\":\"https:\\\/\\\/rasa.bio\\\/veikals\\\/kermena-krems-un-skrubis-komplekts\\\/\",\"url\":\"https:\\\/\\\/rasa.bio\\\/veikals\\\/kermena-krems-un-skrubis-komplekts\\\/\",\"name\":\"\u0136erme\u0146a kr\u0113ms un skrubis, komplekts - RASA Botanicals\",\"isPartOf\":{\"@id\":\"https:\\\/\\\/rasa.bio\\\/#website\"},\"primaryImageOfPage\":{\"@id\":\"https:\\\/\\\/rasa.bio\\\/veikals\\\/kermena-krems-un-skrubis-komplekts\\\/#primaryimage\"},\"image\":{\"@id\":\"https:\\\/\\\/rasa.bio\\\/veikals\\\/kermena-krems-un-skrubis-komplekts\\\/#primaryimage\"},\"thumbnailUrl\":\"https:\\\/\\\/rasa.bio\\\/wp-content\\\/uploads\\\/2025\\\/12\\\/IMG_1450-scaled.jpg\",\"datePublished\":\"2025-12-09T10:10:51+00:00\",\"dateModified\":\"2026-01-11T11:39:53+00:00\",\"breadcrumb\":{\"@id\":\"https:\\\/\\\/rasa.bio\\\/veikals\\\/kermena-krems-un-skrubis-komplekts\\\/#breadcrumb\"},\"inLanguage\":\"en-GB\",\"potentialAction\":[{\"@type\":\"ReadAction\",\"target\":[\"https:\\\/\\\/rasa.bio\\\/veikals\\\/kermena-krems-un-skrubis-komplekts\\\/\"]}]},{\"@type\":\"ImageObject\",\"inLanguage\":\"en-GB\",\"@id\":\"https:\\\/\\\/rasa.bio\\\/veikals\\\/kermena-krems-un-skrubis-komplekts\\\/#primaryimage\",\"url\":\"https:\\\/\\\/rasa.bio\\\/wp-content\\\/uploads\\\/2025\\\/12\\\/IMG_1450-scaled.jpg\",\"contentUrl\":\"https:\\\/\\\/rasa.bio\\\/wp-content\\\/uploads\\\/2025\\\/12\\\/IMG_1450-scaled.jpg\",\"width\":1920,\"height\":2560},{\"@type\":\"BreadcrumbList\",\"@id\":\"https:\\\/\\\/rasa.bio\\\/veikals\\\/kermena-krems-un-skrubis-komplekts\\\/#breadcrumb\",\"itemListElement\":[{\"@type\":\"ListItem\",\"position\":1,\"name\":\"Veikals\",\"item\":\"https:\\\/\\\/rasa.bio\\\/veikals\\\/\"},{\"@type\":\"ListItem\",\"position\":2,\"name\":\"\u0136erme\u0146a kr\u0113ms un skrubis, komplekts\"}]},{\"@type\":\"WebSite\",\"@id\":\"https:\\\/\\\/rasa.bio\\\/#website\",\"url\":\"https:\\\/\\\/rasa.bio\\\/\",\"name\":\"RASA Botanicals\",\"description\":\"\",\"publisher\":{\"@id\":\"https:\\\/\\\/rasa.bio\\\/#organization\"},\"potentialAction\":[{\"@type\":\"SearchAction\",\"target\":{\"@type\":\"EntryPoint\",\"urlTemplate\":\"https:\\\/\\\/rasa.bio\\\/?s={search_term_string}\"},\"query-input\":{\"@type\":\"PropertyValueSpecification\",\"valueRequired\":true,\"valueName\":\"search_term_string\"}}],\"inLanguage\":\"en-GB\"},{\"@type\":\"Organization\",\"@id\":\"https:\\\/\\\/rasa.bio\\\/#organization\",\"name\":\"RASA Botanicals\",\"url\":\"https:\\\/\\\/rasa.bio\\\/\",\"logo\":{\"@type\":\"ImageObject\",\"inLanguage\":\"en-GB\",\"@id\":\"https:\\\/\\\/rasa.bio\\\/#\\\/schema\\\/logo\\\/image\\\/\",\"url\":\"https:\\\/\\\/rasa.bio\\\/wp-content\\\/uploads\\\/2021\\\/06\\\/RASA-logo.svg\",\"contentUrl\":\"https:\\\/\\\/rasa.bio\\\/wp-content\\\/uploads\\\/2021\\\/06\\\/RASA-logo.svg\",\"width\":246,\"height\":302,\"caption\":\"RASA Botanicals\"},\"image\":{\"@id\":\"https:\\\/\\\/rasa.bio\\\/#\\\/schema\\\/logo\\\/image\\\/\"}}]}<\/script>\n<!-- \/ Yoast SEO plugin. -->","yoast_head_json":{"title":"\u0136erme\u0146a kr\u0113ms un skrubis, komplekts - RASA Botanicals","robots":{"index":"index","follow":"follow","max-snippet":"max-snippet:-1","max-image-preview":"max-image-preview:large","max-video-preview":"max-video-preview:-1"},"canonical":"https:\/\/rasa.bio\/en\/veikals\/kermena-krems-un-skrubis-komplekts\/","og_locale":"en_GB","og_type":"article","og_title":"\u0136erme\u0146a kr\u0113ms un skrubis, komplekts - RASA Botanicals","og_description":"D\u0101vanu komplekts, kas rad\u012bts \u0101das palutin\u0101\u0161anai!  ntens\u012bvi barojo\u0161ais \u0137erme\u0146a kr\u0113ms dzi\u013ci mitrina, padarot \u0101du samtaini maigu, savuk\u0101rt arom\u0101tiskais \u0137erme\u0146a skrubis saudz\u012bgi no\u0146em atmiru\u0161\u0101s \u0161\u016bnas un pie\u0161\u0137ir \u0101dai mirdzumu.","og_url":"https:\/\/rasa.bio\/en\/veikals\/kermena-krems-un-skrubis-komplekts\/","og_site_name":"RASA Botanicals","article_modified_time":"2026-01-11T11:39:53+00:00","og_image":[{"width":1920,"height":2560,"url":"https:\/\/rasa.bio\/wp-content\/uploads\/2025\/12\/IMG_1450-scaled.jpg","type":"image\/jpeg"}],"twitter_card":"summary_large_image","schema":{"@context":"https:\/\/schema.org","@graph":[{"@type":"WebPage","@id":"https:\/\/rasa.bio\/veikals\/kermena-krems-un-skrubis-komplekts\/","url":"https:\/\/rasa.bio\/veikals\/kermena-krems-un-skrubis-komplekts\/","name":"\u0136erme\u0146a kr\u0113ms un skrubis, komplekts - RASA Botanicals","isPartOf":{"@id":"https:\/\/rasa.bio\/#website"},"primaryImageOfPage":{"@id":"https:\/\/rasa.bio\/veikals\/kermena-krems-un-skrubis-komplekts\/#primaryimage"},"image":{"@id":"https:\/\/rasa.bio\/veikals\/kermena-krems-un-skrubis-komplekts\/#primaryimage"},"thumbnailUrl":"https:\/\/rasa.bio\/wp-content\/uploads\/2025\/12\/IMG_1450-scaled.jpg","datePublished":"2025-12-09T10:10:51+00:00","dateModified":"2026-01-11T11:39:53+00:00","breadcrumb":{"@id":"https:\/\/rasa.bio\/veikals\/kermena-krems-un-skrubis-komplekts\/#breadcrumb"},"inLanguage":"en-GB","potentialAction":[{"@type":"ReadAction","target":["https:\/\/rasa.bio\/veikals\/kermena-krems-un-skrubis-komplekts\/"]}]},{"@type":"ImageObject","inLanguage":"en-GB","@id":"https:\/\/rasa.bio\/veikals\/kermena-krems-un-skrubis-komplekts\/#primaryimage","url":"https:\/\/rasa.bio\/wp-content\/uploads\/2025\/12\/IMG_1450-scaled.jpg","contentUrl":"https:\/\/rasa.bio\/wp-content\/uploads\/2025\/12\/IMG_1450-scaled.jpg","width":1920,"height":2560},{"@type":"BreadcrumbList","@id":"https:\/\/rasa.bio\/veikals\/kermena-krems-un-skrubis-komplekts\/#breadcrumb","itemListElement":[{"@type":"ListItem","position":1,"name":"Veikals","item":"https:\/\/rasa.bio\/veikals\/"},{"@type":"ListItem","position":2,"name":"\u0136erme\u0146a kr\u0113ms un skrubis, komplekts"}]},{"@type":"WebSite","@id":"https:\/\/rasa.bio\/#website","url":"https:\/\/rasa.bio\/","name":"RASA Botanicals","description":"","publisher":{"@id":"https:\/\/rasa.bio\/#organization"},"potentialAction":[{"@type":"SearchAction","target":{"@type":"EntryPoint","urlTemplate":"https:\/\/rasa.bio\/?s={search_term_string}"},"query-input":{"@type":"PropertyValueSpecification","valueRequired":true,"valueName":"search_term_string"}}],"inLanguage":"en-GB"},{"@type":"Organization","@id":"https:\/\/rasa.bio\/#organization","name":"RASA Botanicals","url":"https:\/\/rasa.bio\/","logo":{"@type":"ImageObject","inLanguage":"en-GB","@id":"https:\/\/rasa.bio\/#\/schema\/logo\/image\/","url":"https:\/\/rasa.bio\/wp-content\/uploads\/2021\/06\/RASA-logo.svg","contentUrl":"https:\/\/rasa.bio\/wp-content\/uploads\/2021\/06\/RASA-logo.svg","width":246,"height":302,"caption":"RASA Botanicals"},"image":{"@id":"https:\/\/rasa.bio\/#\/schema\/logo\/image\/"}}]}},"_links":{"self":[{"href":"https:\/\/rasa.bio\/en\/wp-json\/wp\/v2\/product\/5518","targetHints":{"allow":["GET"]}}],"collection":[{"href":"https:\/\/rasa.bio\/en\/wp-json\/wp\/v2\/product"}],"about":[{"href":"https:\/\/rasa.bio\/en\/wp-json\/wp\/v2\/types\/product"}],"version-history":[{"count":9,"href":"https:\/\/rasa.bio\/en\/wp-json\/wp\/v2\/product\/5518\/revisions"}],"predecessor-version":[{"id":5579,"href":"https:\/\/rasa.bio\/en\/wp-json\/wp\/v2\/product\/5518\/revisions\/5579"}],"wp:featuredmedia":[{"embeddable":true,"href":"https:\/\/rasa.bio\/en\/wp-json\/wp\/v2\/media\/5528"}],"wp:attachment":[{"href":"https:\/\/rasa.bio\/en\/wp-json\/wp\/v2\/media?parent=5518"}],"wp:term":[{"taxonomy":"product_brand","embeddable":true,"href":"https:\/\/rasa.bio\/en\/wp-json\/wp\/v2\/product_brand?post=5518"},{"taxonomy":"product_cat","embeddable":true,"href":"https:\/\/rasa.bio\/en\/wp-json\/wp\/v2\/product_cat?post=5518"},{"taxonomy":"product_tag","embeddable":true,"href":"https:\/\/rasa.bio\/en\/wp-json\/wp\/v2\/product_tag?post=5518"}],"curies":[{"name":"wp","href":"https:\/\/api.w.org\/{rel}","templated":true}]}}