{"id":5210,"date":"2025-04-08T22:39:51","date_gmt":"2025-04-08T19:39:51","guid":{"rendered":"https:\/\/rasa.bio\/?post_type=product&#038;p=5210"},"modified":"2025-06-03T11:20:53","modified_gmt":"2025-06-03T08:20:53","slug":"konsultacija-kosmetisko-produktu-izstrade","status":"publish","type":"product","link":"https:\/\/rasa.bio\/en\/veikals\/konsultacija-kosmetisko-produktu-izstrade\/","title":{"rendered":"Konsult\u0101cija kosm\u0113tisko produktu izstr\u0101d\u0113"},"content":{"rendered":"","protected":false},"excerpt":{"rendered":"<div class=\"elementor-element elementor-element-5f7442d8 elementor-widget elementor-widget-woocommerce-product-title elementor-page-title elementor-widget-heading\" data-id=\"5f7442d8\" data-element_type=\"widget\" data-widget_type=\"woocommerce-product-title.default\">\n<div class=\"elementor-widget-container\">If you are interested in developing your own cosmetic products, apply for an online consultation with our specialists, during which you will receive:<\/div>\n<\/div>\n<div class=\"elementor-element elementor-element-5ebb5f58 elementor-widget elementor-widget-woocommerce-product-short-description\" data-id=\"5ebb5f58\" data-element_type=\"widget\" data-widget_type=\"woocommerce-product-short-description.default\">\n<div class=\"elementor-widget-container\">\n<ul>\n<li class=\"woocommerce-product-details__short-description\">Ieteikumus kosm\u0113tisko produktu izstr\u0101d\u0113 (formulas, tehnolo\u0123ija, eti\u0137e\u0161u info) <strong>no profesion\u0101\u013ciem 14 + gadu pieredzi<\/strong>.<\/li>\n<li class=\"woocommerce-product-details__short-description\">Assistance in the organization and planning of production processes.<\/li>\n<\/ul>\n<div>Sarunas laiks: 30 min<\/div>\n<div>P\u0113c konsult\u0101cijas ieg\u0101des nepiecie\u0161ams aizpild\u012bt anketu &#8211; <a href=\"https:\/\/forms.gle\/AMcpb5Cm7Je7PJidA\">https:\/\/forms.gle\/AMcpb5Cm7Je7PJidA<\/a>.<\/div>\n<\/div>\n<\/div>","protected":false},"featured_media":5224,"template":"","meta":{"site-sidebar-layout":"default","site-content-layout":"","ast-site-content-layout":"default","site-content-style":"default","site-sidebar-style":"default","ast-global-header-display":"","ast-banner-title-visibility":"","ast-main-header-display":"","ast-hfb-above-header-display":"","ast-hfb-below-header-display":"","ast-hfb-mobile-header-display":"","site-post-title":"","ast-breadcrumbs-content":"","ast-featured-img":"","footer-sml-layout":"","ast-disable-related-posts":"","theme-transparent-header-meta":"default","adv-header-id-meta":"","stick-header-meta":"","header-above-stick-meta":"","header-main-stick-meta":"","header-below-stick-meta":"","astra-migrate-meta-layouts":"set","ast-page-background-enabled":"default","ast-page-background-meta":{"desktop":{"background-color":"","background-image":"","background-repeat":"repeat","background-position":"center center","background-size":"auto","background-attachment":"scroll","background-type":"","background-media":"","overlay-type":"","overlay-color":"","overlay-opacity":"","overlay-gradient":""},"tablet":{"background-color":"","background-image":"","background-repeat":"repeat","background-position":"center center","background-size":"auto","background-attachment":"scroll","background-type":"","background-media":"","overlay-type":"","overlay-color":"","overlay-opacity":"","overlay-gradient":""},"mobile":{"background-color":"","background-image":"","background-repeat":"repeat","background-position":"center center","background-size":"auto","background-attachment":"scroll","background-type":"","background-media":"","overlay-type":"","overlay-color":"","overlay-opacity":"","overlay-gradient":""}},"ast-content-background-meta":{"desktop":{"background-color":"var(--ast-global-color-5)","background-image":"","background-repeat":"repeat","background-position":"center center","background-size":"auto","background-attachment":"scroll","background-type":"","background-media":"","overlay-type":"","overlay-color":"","overlay-opacity":"","overlay-gradient":""},"tablet":{"background-color":"var(--ast-global-color-5)","background-image":"","background-repeat":"repeat","background-position":"center center","background-size":"auto","background-attachment":"scroll","background-type":"","background-media":"","overlay-type":"","overlay-color":"","overlay-opacity":"","overlay-gradient":""},"mobile":{"background-color":"var(--ast-global-color-5)","background-image":"","background-repeat":"repeat","background-position":"center center","background-size":"auto","background-attachment":"scroll","background-type":"","background-media":"","overlay-type":"","overlay-color":"","overlay-opacity":"","overlay-gradient":""}}},"product_brand":[],"product_cat":[100],"product_tag":[],"class_list":{"0":"post-5210","1":"product","2":"type-product","3":"status-publish","4":"has-post-thumbnail","6":"product_cat-konsultacija-kosmetisko-produktu-izstrade","7":"desktop-align-left","8":"tablet-align-left","9":"mobile-align-left","11":"first","12":"instock","13":"virtual","14":"taxable","15":"purchasable","16":"product-type-simple"},"yoast_head":"<!-- This site is optimized with the Yoast SEO plugin v27.3 - https:\/\/yoast.com\/product\/yoast-seo-wordpress\/ -->\n<title>Konsult\u0101cija kosm\u0113tisko produktu izstr\u0101d\u0113 - RASA Botanicals<\/title>\n<meta name=\"description\" content=\"Ieteikumi kosm\u0113tisko produktu izstr\u0101d\u0113 (formulas, tehnolo\u0123ija, eti\u0137e\u0161u info, ra\u017eo\u0161ana) no profesion\u0101\u013ciem 14 + gadu pieredzi.\" \/>\n<meta name=\"robots\" content=\"index, follow, max-snippet:-1, max-image-preview:large, max-video-preview:-1\" \/>\n<link rel=\"canonical\" href=\"https:\/\/rasa.bio\/en\/veikals\/konsultacija-kosmetisko-produktu-izstrade\/\" \/>\n<meta property=\"og:locale\" content=\"en_GB\" \/>\n<meta property=\"og:type\" content=\"article\" \/>\n<meta property=\"og:title\" content=\"Konsult\u0101cija kosm\u0113tisko produktu izstr\u0101d\u0113 - RASA Botanicals\" \/>\n<meta property=\"og:description\" content=\"Ieteikumi kosm\u0113tisko produktu izstr\u0101d\u0113 (formulas, tehnolo\u0123ija, eti\u0137e\u0161u info, ra\u017eo\u0161ana) no profesion\u0101\u013ciem 14 + gadu pieredzi.\" \/>\n<meta property=\"og:url\" content=\"https:\/\/rasa.bio\/en\/veikals\/konsultacija-kosmetisko-produktu-izstrade\/\" \/>\n<meta property=\"og:site_name\" content=\"RASA Botanicals\" \/>\n<meta property=\"article:modified_time\" content=\"2025-06-03T08:20:53+00:00\" \/>\n<meta property=\"og:image\" content=\"https:\/\/rasa.bio\/wp-content\/uploads\/2025\/04\/Simple-and-Cozy-Office-Nook.jpg\" \/>\n\t<meta property=\"og:image:width\" content=\"720\" \/>\n\t<meta property=\"og:image:height\" content=\"1280\" \/>\n\t<meta property=\"og:image:type\" content=\"image\/jpeg\" \/>\n<meta name=\"twitter:card\" content=\"summary_large_image\" \/>\n<script type=\"application\/ld+json\" class=\"yoast-schema-graph\">{\"@context\":\"https:\\\/\\\/schema.org\",\"@graph\":[{\"@type\":\"WebPage\",\"@id\":\"https:\\\/\\\/rasa.bio\\\/veikals\\\/konsultacija-kosmetisko-produktu-izstrade\\\/\",\"url\":\"https:\\\/\\\/rasa.bio\\\/veikals\\\/konsultacija-kosmetisko-produktu-izstrade\\\/\",\"name\":\"Konsult\u0101cija kosm\u0113tisko produktu izstr\u0101d\u0113 - RASA Botanicals\",\"isPartOf\":{\"@id\":\"https:\\\/\\\/rasa.bio\\\/#website\"},\"primaryImageOfPage\":{\"@id\":\"https:\\\/\\\/rasa.bio\\\/veikals\\\/konsultacija-kosmetisko-produktu-izstrade\\\/#primaryimage\"},\"image\":{\"@id\":\"https:\\\/\\\/rasa.bio\\\/veikals\\\/konsultacija-kosmetisko-produktu-izstrade\\\/#primaryimage\"},\"thumbnailUrl\":\"https:\\\/\\\/rasa.bio\\\/wp-content\\\/uploads\\\/2025\\\/04\\\/Simple-and-Cozy-Office-Nook.jpg\",\"datePublished\":\"2025-04-08T19:39:51+00:00\",\"dateModified\":\"2025-06-03T08:20:53+00:00\",\"description\":\"Ieteikumi kosm\u0113tisko produktu izstr\u0101d\u0113 (formulas, tehnolo\u0123ija, eti\u0137e\u0161u info, ra\u017eo\u0161ana) no profesion\u0101\u013ciem 14 + gadu pieredzi.\",\"breadcrumb\":{\"@id\":\"https:\\\/\\\/rasa.bio\\\/veikals\\\/konsultacija-kosmetisko-produktu-izstrade\\\/#breadcrumb\"},\"inLanguage\":\"en-GB\",\"potentialAction\":[{\"@type\":\"ReadAction\",\"target\":[\"https:\\\/\\\/rasa.bio\\\/veikals\\\/konsultacija-kosmetisko-produktu-izstrade\\\/\"]}]},{\"@type\":\"ImageObject\",\"inLanguage\":\"en-GB\",\"@id\":\"https:\\\/\\\/rasa.bio\\\/veikals\\\/konsultacija-kosmetisko-produktu-izstrade\\\/#primaryimage\",\"url\":\"https:\\\/\\\/rasa.bio\\\/wp-content\\\/uploads\\\/2025\\\/04\\\/Simple-and-Cozy-Office-Nook.jpg\",\"contentUrl\":\"https:\\\/\\\/rasa.bio\\\/wp-content\\\/uploads\\\/2025\\\/04\\\/Simple-and-Cozy-Office-Nook.jpg\",\"width\":720,\"height\":1280},{\"@type\":\"BreadcrumbList\",\"@id\":\"https:\\\/\\\/rasa.bio\\\/veikals\\\/konsultacija-kosmetisko-produktu-izstrade\\\/#breadcrumb\",\"itemListElement\":[{\"@type\":\"ListItem\",\"position\":1,\"name\":\"Veikals\",\"item\":\"https:\\\/\\\/rasa.bio\\\/veikals\\\/\"},{\"@type\":\"ListItem\",\"position\":2,\"name\":\"Konsult\u0101cija kosm\u0113tisko produktu izstr\u0101d\u0113\"}]},{\"@type\":\"WebSite\",\"@id\":\"https:\\\/\\\/rasa.bio\\\/#website\",\"url\":\"https:\\\/\\\/rasa.bio\\\/\",\"name\":\"RASA Botanicals\",\"description\":\"\",\"publisher\":{\"@id\":\"https:\\\/\\\/rasa.bio\\\/#organization\"},\"potentialAction\":[{\"@type\":\"SearchAction\",\"target\":{\"@type\":\"EntryPoint\",\"urlTemplate\":\"https:\\\/\\\/rasa.bio\\\/?s={search_term_string}\"},\"query-input\":{\"@type\":\"PropertyValueSpecification\",\"valueRequired\":true,\"valueName\":\"search_term_string\"}}],\"inLanguage\":\"en-GB\"},{\"@type\":\"Organization\",\"@id\":\"https:\\\/\\\/rasa.bio\\\/#organization\",\"name\":\"RASA Botanicals\",\"url\":\"https:\\\/\\\/rasa.bio\\\/\",\"logo\":{\"@type\":\"ImageObject\",\"inLanguage\":\"en-GB\",\"@id\":\"https:\\\/\\\/rasa.bio\\\/#\\\/schema\\\/logo\\\/image\\\/\",\"url\":\"https:\\\/\\\/rasa.bio\\\/wp-content\\\/uploads\\\/2021\\\/06\\\/RASA-logo.svg\",\"contentUrl\":\"https:\\\/\\\/rasa.bio\\\/wp-content\\\/uploads\\\/2021\\\/06\\\/RASA-logo.svg\",\"width\":246,\"height\":302,\"caption\":\"RASA Botanicals\"},\"image\":{\"@id\":\"https:\\\/\\\/rasa.bio\\\/#\\\/schema\\\/logo\\\/image\\\/\"}}]}<\/script>\n<!-- \/ Yoast SEO plugin. -->","yoast_head_json":{"title":"Konsult\u0101cija kosm\u0113tisko produktu izstr\u0101d\u0113 - RASA Botanicals","description":"Ieteikumi kosm\u0113tisko produktu izstr\u0101d\u0113 (formulas, tehnolo\u0123ija, eti\u0137e\u0161u info, ra\u017eo\u0161ana) no profesion\u0101\u013ciem 14 + gadu pieredzi.","robots":{"index":"index","follow":"follow","max-snippet":"max-snippet:-1","max-image-preview":"max-image-preview:large","max-video-preview":"max-video-preview:-1"},"canonical":"https:\/\/rasa.bio\/en\/veikals\/konsultacija-kosmetisko-produktu-izstrade\/","og_locale":"en_GB","og_type":"article","og_title":"Konsult\u0101cija kosm\u0113tisko produktu izstr\u0101d\u0113 - RASA Botanicals","og_description":"Ieteikumi kosm\u0113tisko produktu izstr\u0101d\u0113 (formulas, tehnolo\u0123ija, eti\u0137e\u0161u info, ra\u017eo\u0161ana) no profesion\u0101\u013ciem 14 + gadu pieredzi.","og_url":"https:\/\/rasa.bio\/en\/veikals\/konsultacija-kosmetisko-produktu-izstrade\/","og_site_name":"RASA Botanicals","article_modified_time":"2025-06-03T08:20:53+00:00","og_image":[{"width":720,"height":1280,"url":"https:\/\/rasa.bio\/wp-content\/uploads\/2025\/04\/Simple-and-Cozy-Office-Nook.jpg","type":"image\/jpeg"}],"twitter_card":"summary_large_image","schema":{"@context":"https:\/\/schema.org","@graph":[{"@type":"WebPage","@id":"https:\/\/rasa.bio\/veikals\/konsultacija-kosmetisko-produktu-izstrade\/","url":"https:\/\/rasa.bio\/veikals\/konsultacija-kosmetisko-produktu-izstrade\/","name":"Konsult\u0101cija kosm\u0113tisko produktu izstr\u0101d\u0113 - RASA Botanicals","isPartOf":{"@id":"https:\/\/rasa.bio\/#website"},"primaryImageOfPage":{"@id":"https:\/\/rasa.bio\/veikals\/konsultacija-kosmetisko-produktu-izstrade\/#primaryimage"},"image":{"@id":"https:\/\/rasa.bio\/veikals\/konsultacija-kosmetisko-produktu-izstrade\/#primaryimage"},"thumbnailUrl":"https:\/\/rasa.bio\/wp-content\/uploads\/2025\/04\/Simple-and-Cozy-Office-Nook.jpg","datePublished":"2025-04-08T19:39:51+00:00","dateModified":"2025-06-03T08:20:53+00:00","description":"Ieteikumi kosm\u0113tisko produktu izstr\u0101d\u0113 (formulas, tehnolo\u0123ija, eti\u0137e\u0161u info, ra\u017eo\u0161ana) no profesion\u0101\u013ciem 14 + gadu pieredzi.","breadcrumb":{"@id":"https:\/\/rasa.bio\/veikals\/konsultacija-kosmetisko-produktu-izstrade\/#breadcrumb"},"inLanguage":"en-GB","potentialAction":[{"@type":"ReadAction","target":["https:\/\/rasa.bio\/veikals\/konsultacija-kosmetisko-produktu-izstrade\/"]}]},{"@type":"ImageObject","inLanguage":"en-GB","@id":"https:\/\/rasa.bio\/veikals\/konsultacija-kosmetisko-produktu-izstrade\/#primaryimage","url":"https:\/\/rasa.bio\/wp-content\/uploads\/2025\/04\/Simple-and-Cozy-Office-Nook.jpg","contentUrl":"https:\/\/rasa.bio\/wp-content\/uploads\/2025\/04\/Simple-and-Cozy-Office-Nook.jpg","width":720,"height":1280},{"@type":"BreadcrumbList","@id":"https:\/\/rasa.bio\/veikals\/konsultacija-kosmetisko-produktu-izstrade\/#breadcrumb","itemListElement":[{"@type":"ListItem","position":1,"name":"Veikals","item":"https:\/\/rasa.bio\/veikals\/"},{"@type":"ListItem","position":2,"name":"Konsult\u0101cija kosm\u0113tisko produktu izstr\u0101d\u0113"}]},{"@type":"WebSite","@id":"https:\/\/rasa.bio\/#website","url":"https:\/\/rasa.bio\/","name":"RASA Botanicals","description":"","publisher":{"@id":"https:\/\/rasa.bio\/#organization"},"potentialAction":[{"@type":"SearchAction","target":{"@type":"EntryPoint","urlTemplate":"https:\/\/rasa.bio\/?s={search_term_string}"},"query-input":{"@type":"PropertyValueSpecification","valueRequired":true,"valueName":"search_term_string"}}],"inLanguage":"en-GB"},{"@type":"Organization","@id":"https:\/\/rasa.bio\/#organization","name":"RASA Botanicals","url":"https:\/\/rasa.bio\/","logo":{"@type":"ImageObject","inLanguage":"en-GB","@id":"https:\/\/rasa.bio\/#\/schema\/logo\/image\/","url":"https:\/\/rasa.bio\/wp-content\/uploads\/2021\/06\/RASA-logo.svg","contentUrl":"https:\/\/rasa.bio\/wp-content\/uploads\/2021\/06\/RASA-logo.svg","width":246,"height":302,"caption":"RASA Botanicals"},"image":{"@id":"https:\/\/rasa.bio\/#\/schema\/logo\/image\/"}}]}},"_links":{"self":[{"href":"https:\/\/rasa.bio\/en\/wp-json\/wp\/v2\/product\/5210","targetHints":{"allow":["GET"]}}],"collection":[{"href":"https:\/\/rasa.bio\/en\/wp-json\/wp\/v2\/product"}],"about":[{"href":"https:\/\/rasa.bio\/en\/wp-json\/wp\/v2\/types\/product"}],"version-history":[{"count":15,"href":"https:\/\/rasa.bio\/en\/wp-json\/wp\/v2\/product\/5210\/revisions"}],"predecessor-version":[{"id":5365,"href":"https:\/\/rasa.bio\/en\/wp-json\/wp\/v2\/product\/5210\/revisions\/5365"}],"wp:featuredmedia":[{"embeddable":true,"href":"https:\/\/rasa.bio\/en\/wp-json\/wp\/v2\/media\/5224"}],"wp:attachment":[{"href":"https:\/\/rasa.bio\/en\/wp-json\/wp\/v2\/media?parent=5210"}],"wp:term":[{"taxonomy":"product_brand","embeddable":true,"href":"https:\/\/rasa.bio\/en\/wp-json\/wp\/v2\/product_brand?post=5210"},{"taxonomy":"product_cat","embeddable":true,"href":"https:\/\/rasa.bio\/en\/wp-json\/wp\/v2\/product_cat?post=5210"},{"taxonomy":"product_tag","embeddable":true,"href":"https:\/\/rasa.bio\/en\/wp-json\/wp\/v2\/product_tag?post=5210"}],"curies":[{"name":"wp","href":"https:\/\/api.w.org\/{rel}","templated":true}]}}