{"id":4936,"date":"2024-12-12T14:30:02","date_gmt":"2024-12-12T12:30:02","guid":{"rendered":"https:\/\/rasa.bio\/?post_type=product&#038;p=4936"},"modified":"2026-01-11T13:40:51","modified_gmt":"2026-01-11T11:40:51","slug":"dabas-produkti-receptes-matu-stavokla-uzlabosanai","status":"publish","type":"product","link":"https:\/\/rasa.bio\/en\/veikals\/dabas-produkti-receptes-matu-stavokla-uzlabosanai\/","title":{"rendered":"Daba k\u0101 pal\u012bgs matu vesel\u012bbas st\u0101vok\u013ca uzlabo\u0161an\u0101 &#8211; saruna ar Agnesi Ozoli\u0146u"},"content":{"rendered":"","protected":false},"excerpt":{"rendered":"<p><strong>P\u0113d\u0113jo 30 gadu laik\u0101, gan v\u012brie\u0161u, gan sievie\u0161u matu st\u0101voklis ir KRITISKI PASLIKTIN\u0100JIES!\u00a0Ko dar\u012bt, lai ieg\u016btu vesel\u012bgus matus, un k\u0101di so\u013ci veicami, lai piepild\u012btu \u0161o savu sapni?\u00a0<\/strong><img decoding=\"async\" class=\"emoji\" role=\"img\" draggable=\"false\" src=\"https:\/\/s.w.org\/images\/core\/emoji\/15.0.3\/svg\/2728.svg\" alt=\"\u2728\" \/><\/p>\n<p>Agnese Ozoli\u0146ai, t\u0101 d\u0113v\u0113tajai Matu Fejai, ir <span class=\"OYPEnA font-feature-liga-off font-feature-clig-off font-feature-calt-off text-decoration-none text-strikethrough-none\">vair\u0101kk\u0101rt izdevies atjaunot sev skaisto matu rotu. \u0160aj\u0101 lekcij\u0101 <\/span>Tu ieg\u016bsi atbildi uz \u0161\u0101diem jaut\u0101jumiem:<\/p>\n<ul>\n<li>K\u0101ds ir m\u016bsdienu apburtais matu kop\u0161anas aplis, k\u0101 no t\u0101\u00a0 izk\u013c\u016bt?<\/li>\n<li>Kas ir tas, kas kait\u0113 Tavu matu vesel\u012bgumam?<\/li>\n<li>Cik bie\u017ei b\u016btu ieteicams mazg\u0101t matus?<\/li>\n<li>Ar ko s\u0101kt, ja esi nol\u0113musi s\u0101kt apzin\u0101ti r\u016bp\u0113ties par saviem matiem?<\/li>\n<li>K\u0101 veikt dab\u012bgo matu botox?<\/li>\n<li>K\u0101dus dabas produktus Agnese iesaka izmantot ikkatrai?<\/li>\n<li>Dab\u012bgu matu kop\u0161anas l\u012bdzek\u013cu receptes.<\/li>\n<li>Citi jaut\u0101jumi un atbildes.<\/li>\n<\/ul>\n<p><em>Sarunas ilgums &#8211; aptuveni 1h.\u00a0<\/em><\/p>\n<p><strong>Tavs skaisto matu st\u0101sts s\u0101kas ar Tevi, Tavu v\u0113lmi zin\u0101t un izzin\u0101t, lai nepie\u013cautu jau pie\u013caut\u0101s k\u013c\u016bdas, un dar\u012btu \u0161odien to, par ko pateiksies n\u0101kotn\u0113.\u00a0<\/strong><\/p>\n<p><em>P\u0113c pas\u016bt\u012bjuma veik\u0161anas, m\u0113s nos\u016bt\u012bsim\u00a0 piek\u013cuvi sarun\u0101m.<\/em><\/p>","protected":false},"featured_media":4937,"template":"","meta":{"site-sidebar-layout":"default","site-content-layout":"","ast-site-content-layout":"default","site-content-style":"default","site-sidebar-style":"default","ast-global-header-display":"","ast-banner-title-visibility":"","ast-main-header-display":"","ast-hfb-above-header-display":"","ast-hfb-below-header-display":"","ast-hfb-mobile-header-display":"","site-post-title":"","ast-breadcrumbs-content":"","ast-featured-img":"","footer-sml-layout":"","ast-disable-related-posts":"","theme-transparent-header-meta":"default","adv-header-id-meta":"","stick-header-meta":"","header-above-stick-meta":"","header-main-stick-meta":"","header-below-stick-meta":"","astra-migrate-meta-layouts":"set","ast-page-background-enabled":"default","ast-page-background-meta":{"desktop":{"background-color":"","background-image":"","background-repeat":"repeat","background-position":"center center","background-size":"auto","background-attachment":"scroll","background-type":"","background-media":"","overlay-type":"","overlay-color":"","overlay-opacity":"","overlay-gradient":""},"tablet":{"background-color":"","background-image":"","background-repeat":"repeat","background-position":"center center","background-size":"auto","background-attachment":"scroll","background-type":"","background-media":"","overlay-type":"","overlay-color":"","overlay-opacity":"","overlay-gradient":""},"mobile":{"background-color":"","background-image":"","background-repeat":"repeat","background-position":"center center","background-size":"auto","background-attachment":"scroll","background-type":"","background-media":"","overlay-type":"","overlay-color":"","overlay-opacity":"","overlay-gradient":""}},"ast-content-background-meta":{"desktop":{"background-color":"var(--ast-global-color-5)","background-image":"","background-repeat":"repeat","background-position":"center center","background-size":"auto","background-attachment":"scroll","background-type":"","background-media":"","overlay-type":"","overlay-color":"","overlay-opacity":"","overlay-gradient":""},"tablet":{"background-color":"var(--ast-global-color-5)","background-image":"","background-repeat":"repeat","background-position":"center center","background-size":"auto","background-attachment":"scroll","background-type":"","background-media":"","overlay-type":"","overlay-color":"","overlay-opacity":"","overlay-gradient":""},"mobile":{"background-color":"var(--ast-global-color-5)","background-image":"","background-repeat":"repeat","background-position":"center center","background-size":"auto","background-attachment":"scroll","background-type":"","background-media":"","overlay-type":"","overlay-color":"","overlay-opacity":"","overlay-gradient":""}}},"product_brand":[],"product_cat":[78],"product_tag":[],"class_list":{"0":"post-4936","1":"product","2":"type-product","3":"status-publish","4":"has-post-thumbnail","6":"product_cat-kursi-izaicinajumi","7":"desktop-align-left","8":"tablet-align-left","9":"mobile-align-left","11":"first","12":"instock","13":"virtual","14":"taxable","15":"purchasable","16":"product-type-simple"},"yoast_head":"<!-- This site is optimized with the Yoast SEO plugin v27.5 - https:\/\/yoast.com\/product\/yoast-seo-wordpress\/ -->\n<title>Daba k\u0101 pal\u012bgs matu vesel\u012bbas st\u0101vok\u013ca uzlabo\u0161an\u0101 - saruna ar Agnesi Ozoli\u0146u - RASA Botanicals<\/title>\n<meta name=\"description\" content=\"K\u0101 ar to, ko sniedz daba, m\u0113s varam kopt savus matus? K\u0101dus dab\u012bgus matu kop\u0161anas produktus Tu vari pagatavot m\u0101jas apst\u0101k\u013cos?\" \/>\n<meta name=\"robots\" content=\"index, follow, max-snippet:-1, max-image-preview:large, max-video-preview:-1\" \/>\n<link rel=\"canonical\" href=\"https:\/\/rasa.bio\/en\/veikals\/dabas-produkti-receptes-matu-stavokla-uzlabosanai\/\" \/>\n<meta property=\"og:locale\" content=\"en_GB\" \/>\n<meta property=\"og:type\" content=\"article\" \/>\n<meta property=\"og:title\" content=\"Daba k\u0101 pal\u012bgs matu vesel\u012bbas st\u0101vok\u013ca uzlabo\u0161an\u0101 - saruna ar Agnesi Ozoli\u0146u - RASA Botanicals\" \/>\n<meta property=\"og:description\" content=\"K\u0101 ar to, ko sniedz daba, m\u0113s varam kopt savus matus? K\u0101dus dab\u012bgus matu kop\u0161anas produktus Tu vari pagatavot m\u0101jas apst\u0101k\u013cos?\" \/>\n<meta property=\"og:url\" content=\"https:\/\/rasa.bio\/en\/veikals\/dabas-produkti-receptes-matu-stavokla-uzlabosanai\/\" \/>\n<meta property=\"og:site_name\" content=\"RASA Botanicals\" \/>\n<meta property=\"article:modified_time\" content=\"2026-01-11T11:40:51+00:00\" \/>\n<meta property=\"og:image\" content=\"https:\/\/rasa.bio\/wp-content\/uploads\/2024\/12\/RB-posti-1024x1024.png\" \/>\n\t<meta property=\"og:image:width\" content=\"1024\" \/>\n\t<meta property=\"og:image:height\" content=\"1024\" \/>\n\t<meta property=\"og:image:type\" content=\"image\/png\" \/>\n<meta name=\"twitter:card\" content=\"summary_large_image\" \/>\n<script type=\"application\/ld+json\" class=\"yoast-schema-graph\">{\"@context\":\"https:\\\/\\\/schema.org\",\"@graph\":[{\"@type\":\"WebPage\",\"@id\":\"https:\\\/\\\/rasa.bio\\\/veikals\\\/dabas-produkti-receptes-matu-stavokla-uzlabosanai\\\/\",\"url\":\"https:\\\/\\\/rasa.bio\\\/veikals\\\/dabas-produkti-receptes-matu-stavokla-uzlabosanai\\\/\",\"name\":\"Daba k\u0101 pal\u012bgs matu vesel\u012bbas st\u0101vok\u013ca uzlabo\u0161an\u0101 - saruna ar Agnesi Ozoli\u0146u - RASA Botanicals\",\"isPartOf\":{\"@id\":\"https:\\\/\\\/rasa.bio\\\/#website\"},\"primaryImageOfPage\":{\"@id\":\"https:\\\/\\\/rasa.bio\\\/veikals\\\/dabas-produkti-receptes-matu-stavokla-uzlabosanai\\\/#primaryimage\"},\"image\":{\"@id\":\"https:\\\/\\\/rasa.bio\\\/veikals\\\/dabas-produkti-receptes-matu-stavokla-uzlabosanai\\\/#primaryimage\"},\"thumbnailUrl\":\"https:\\\/\\\/rasa.bio\\\/wp-content\\\/uploads\\\/2024\\\/12\\\/RB-posti.png\",\"datePublished\":\"2024-12-12T12:30:02+00:00\",\"dateModified\":\"2026-01-11T11:40:51+00:00\",\"description\":\"K\u0101 ar to, ko sniedz daba, m\u0113s varam kopt savus matus? K\u0101dus dab\u012bgus matu kop\u0161anas produktus Tu vari pagatavot m\u0101jas apst\u0101k\u013cos?\",\"breadcrumb\":{\"@id\":\"https:\\\/\\\/rasa.bio\\\/veikals\\\/dabas-produkti-receptes-matu-stavokla-uzlabosanai\\\/#breadcrumb\"},\"inLanguage\":\"en-GB\",\"potentialAction\":[{\"@type\":\"ReadAction\",\"target\":[\"https:\\\/\\\/rasa.bio\\\/veikals\\\/dabas-produkti-receptes-matu-stavokla-uzlabosanai\\\/\"]}]},{\"@type\":\"ImageObject\",\"inLanguage\":\"en-GB\",\"@id\":\"https:\\\/\\\/rasa.bio\\\/veikals\\\/dabas-produkti-receptes-matu-stavokla-uzlabosanai\\\/#primaryimage\",\"url\":\"https:\\\/\\\/rasa.bio\\\/wp-content\\\/uploads\\\/2024\\\/12\\\/RB-posti.png\",\"contentUrl\":\"https:\\\/\\\/rasa.bio\\\/wp-content\\\/uploads\\\/2024\\\/12\\\/RB-posti.png\",\"width\":2700,\"height\":2700},{\"@type\":\"BreadcrumbList\",\"@id\":\"https:\\\/\\\/rasa.bio\\\/veikals\\\/dabas-produkti-receptes-matu-stavokla-uzlabosanai\\\/#breadcrumb\",\"itemListElement\":[{\"@type\":\"ListItem\",\"position\":1,\"name\":\"Veikals\",\"item\":\"https:\\\/\\\/rasa.bio\\\/veikals\\\/\"},{\"@type\":\"ListItem\",\"position\":2,\"name\":\"Daba k\u0101 pal\u012bgs matu vesel\u012bbas st\u0101vok\u013ca uzlabo\u0161an\u0101 &#8211; saruna ar Agnesi Ozoli\u0146u\"}]},{\"@type\":\"WebSite\",\"@id\":\"https:\\\/\\\/rasa.bio\\\/#website\",\"url\":\"https:\\\/\\\/rasa.bio\\\/\",\"name\":\"RASA Botanicals\",\"description\":\"\",\"publisher\":{\"@id\":\"https:\\\/\\\/rasa.bio\\\/#organization\"},\"potentialAction\":[{\"@type\":\"SearchAction\",\"target\":{\"@type\":\"EntryPoint\",\"urlTemplate\":\"https:\\\/\\\/rasa.bio\\\/?s={search_term_string}\"},\"query-input\":{\"@type\":\"PropertyValueSpecification\",\"valueRequired\":true,\"valueName\":\"search_term_string\"}}],\"inLanguage\":\"en-GB\"},{\"@type\":\"Organization\",\"@id\":\"https:\\\/\\\/rasa.bio\\\/#organization\",\"name\":\"RASA Botanicals\",\"url\":\"https:\\\/\\\/rasa.bio\\\/\",\"logo\":{\"@type\":\"ImageObject\",\"inLanguage\":\"en-GB\",\"@id\":\"https:\\\/\\\/rasa.bio\\\/#\\\/schema\\\/logo\\\/image\\\/\",\"url\":\"https:\\\/\\\/rasa.bio\\\/wp-content\\\/uploads\\\/2021\\\/06\\\/RASA-logo.svg\",\"contentUrl\":\"https:\\\/\\\/rasa.bio\\\/wp-content\\\/uploads\\\/2021\\\/06\\\/RASA-logo.svg\",\"width\":246,\"height\":302,\"caption\":\"RASA Botanicals\"},\"image\":{\"@id\":\"https:\\\/\\\/rasa.bio\\\/#\\\/schema\\\/logo\\\/image\\\/\"}}]}<\/script>\n<!-- \/ Yoast SEO plugin. -->","yoast_head_json":{"title":"Daba k\u0101 pal\u012bgs matu vesel\u012bbas st\u0101vok\u013ca uzlabo\u0161an\u0101 - saruna ar Agnesi Ozoli\u0146u - RASA Botanicals","description":"K\u0101 ar to, ko sniedz daba, m\u0113s varam kopt savus matus? K\u0101dus dab\u012bgus matu kop\u0161anas produktus Tu vari pagatavot m\u0101jas apst\u0101k\u013cos?","robots":{"index":"index","follow":"follow","max-snippet":"max-snippet:-1","max-image-preview":"max-image-preview:large","max-video-preview":"max-video-preview:-1"},"canonical":"https:\/\/rasa.bio\/en\/veikals\/dabas-produkti-receptes-matu-stavokla-uzlabosanai\/","og_locale":"en_GB","og_type":"article","og_title":"Daba k\u0101 pal\u012bgs matu vesel\u012bbas st\u0101vok\u013ca uzlabo\u0161an\u0101 - saruna ar Agnesi Ozoli\u0146u - RASA Botanicals","og_description":"K\u0101 ar to, ko sniedz daba, m\u0113s varam kopt savus matus? K\u0101dus dab\u012bgus matu kop\u0161anas produktus Tu vari pagatavot m\u0101jas apst\u0101k\u013cos?","og_url":"https:\/\/rasa.bio\/en\/veikals\/dabas-produkti-receptes-matu-stavokla-uzlabosanai\/","og_site_name":"RASA Botanicals","article_modified_time":"2026-01-11T11:40:51+00:00","og_image":[{"width":1024,"height":1024,"url":"https:\/\/rasa.bio\/wp-content\/uploads\/2024\/12\/RB-posti-1024x1024.png","type":"image\/png"}],"twitter_card":"summary_large_image","schema":{"@context":"https:\/\/schema.org","@graph":[{"@type":"WebPage","@id":"https:\/\/rasa.bio\/veikals\/dabas-produkti-receptes-matu-stavokla-uzlabosanai\/","url":"https:\/\/rasa.bio\/veikals\/dabas-produkti-receptes-matu-stavokla-uzlabosanai\/","name":"Daba k\u0101 pal\u012bgs matu vesel\u012bbas st\u0101vok\u013ca uzlabo\u0161an\u0101 - saruna ar Agnesi Ozoli\u0146u - RASA Botanicals","isPartOf":{"@id":"https:\/\/rasa.bio\/#website"},"primaryImageOfPage":{"@id":"https:\/\/rasa.bio\/veikals\/dabas-produkti-receptes-matu-stavokla-uzlabosanai\/#primaryimage"},"image":{"@id":"https:\/\/rasa.bio\/veikals\/dabas-produkti-receptes-matu-stavokla-uzlabosanai\/#primaryimage"},"thumbnailUrl":"https:\/\/rasa.bio\/wp-content\/uploads\/2024\/12\/RB-posti.png","datePublished":"2024-12-12T12:30:02+00:00","dateModified":"2026-01-11T11:40:51+00:00","description":"K\u0101 ar to, ko sniedz daba, m\u0113s varam kopt savus matus? K\u0101dus dab\u012bgus matu kop\u0161anas produktus Tu vari pagatavot m\u0101jas apst\u0101k\u013cos?","breadcrumb":{"@id":"https:\/\/rasa.bio\/veikals\/dabas-produkti-receptes-matu-stavokla-uzlabosanai\/#breadcrumb"},"inLanguage":"en-GB","potentialAction":[{"@type":"ReadAction","target":["https:\/\/rasa.bio\/veikals\/dabas-produkti-receptes-matu-stavokla-uzlabosanai\/"]}]},{"@type":"ImageObject","inLanguage":"en-GB","@id":"https:\/\/rasa.bio\/veikals\/dabas-produkti-receptes-matu-stavokla-uzlabosanai\/#primaryimage","url":"https:\/\/rasa.bio\/wp-content\/uploads\/2024\/12\/RB-posti.png","contentUrl":"https:\/\/rasa.bio\/wp-content\/uploads\/2024\/12\/RB-posti.png","width":2700,"height":2700},{"@type":"BreadcrumbList","@id":"https:\/\/rasa.bio\/veikals\/dabas-produkti-receptes-matu-stavokla-uzlabosanai\/#breadcrumb","itemListElement":[{"@type":"ListItem","position":1,"name":"Veikals","item":"https:\/\/rasa.bio\/veikals\/"},{"@type":"ListItem","position":2,"name":"Daba k\u0101 pal\u012bgs matu vesel\u012bbas st\u0101vok\u013ca uzlabo\u0161an\u0101 &#8211; saruna ar Agnesi Ozoli\u0146u"}]},{"@type":"WebSite","@id":"https:\/\/rasa.bio\/#website","url":"https:\/\/rasa.bio\/","name":"RASA Botanicals","description":"","publisher":{"@id":"https:\/\/rasa.bio\/#organization"},"potentialAction":[{"@type":"SearchAction","target":{"@type":"EntryPoint","urlTemplate":"https:\/\/rasa.bio\/?s={search_term_string}"},"query-input":{"@type":"PropertyValueSpecification","valueRequired":true,"valueName":"search_term_string"}}],"inLanguage":"en-GB"},{"@type":"Organization","@id":"https:\/\/rasa.bio\/#organization","name":"RASA Botanicals","url":"https:\/\/rasa.bio\/","logo":{"@type":"ImageObject","inLanguage":"en-GB","@id":"https:\/\/rasa.bio\/#\/schema\/logo\/image\/","url":"https:\/\/rasa.bio\/wp-content\/uploads\/2021\/06\/RASA-logo.svg","contentUrl":"https:\/\/rasa.bio\/wp-content\/uploads\/2021\/06\/RASA-logo.svg","width":246,"height":302,"caption":"RASA Botanicals"},"image":{"@id":"https:\/\/rasa.bio\/#\/schema\/logo\/image\/"}}]}},"_links":{"self":[{"href":"https:\/\/rasa.bio\/en\/wp-json\/wp\/v2\/product\/4936","targetHints":{"allow":["GET"]}}],"collection":[{"href":"https:\/\/rasa.bio\/en\/wp-json\/wp\/v2\/product"}],"about":[{"href":"https:\/\/rasa.bio\/en\/wp-json\/wp\/v2\/types\/product"}],"version-history":[{"count":4,"href":"https:\/\/rasa.bio\/en\/wp-json\/wp\/v2\/product\/4936\/revisions"}],"predecessor-version":[{"id":4941,"href":"https:\/\/rasa.bio\/en\/wp-json\/wp\/v2\/product\/4936\/revisions\/4941"}],"wp:featuredmedia":[{"embeddable":true,"href":"https:\/\/rasa.bio\/en\/wp-json\/wp\/v2\/media\/4937"}],"wp:attachment":[{"href":"https:\/\/rasa.bio\/en\/wp-json\/wp\/v2\/media?parent=4936"}],"wp:term":[{"taxonomy":"product_brand","embeddable":true,"href":"https:\/\/rasa.bio\/en\/wp-json\/wp\/v2\/product_brand?post=4936"},{"taxonomy":"product_cat","embeddable":true,"href":"https:\/\/rasa.bio\/en\/wp-json\/wp\/v2\/product_cat?post=4936"},{"taxonomy":"product_tag","embeddable":true,"href":"https:\/\/rasa.bio\/en\/wp-json\/wp\/v2\/product_tag?post=4936"}],"curies":[{"name":"wp","href":"https:\/\/api.w.org\/{rel}","templated":true}]}}