{"id":4930,"date":"2024-12-12T13:55:49","date_gmt":"2024-12-12T11:55:49","guid":{"rendered":"https:\/\/rasa.bio\/?post_type=product&#038;p=4930"},"modified":"2026-01-11T13:41:19","modified_gmt":"2026-01-11T11:41:19","slug":"ekspertu-zelta-padomi-veseligiem-matiem","status":"publish","type":"product","link":"https:\/\/rasa.bio\/en\/veikals\/ekspertu-zelta-padomi-veseligiem-matiem\/","title":{"rendered":"Ekspertu zelta padomi vesel\u012bgiem matiem ( 6 speci\u0101listu sarunas)"},"content":{"rendered":"<p>Ieg\u0101d\u0101joties \u0161o produktu &#8220;ekspertu zelta padomi vesel\u012bgiem matiem&#8221;, tu ieg\u016bsi piek\u013cuvi 6 da\u017e\u0101d\u0101m speci\u0101listu sarun\u0101m, kur\u0101s:<\/p>\n<ul>\n<li>Agnese Grand\u0101ne \u2013 biohakere, st\u0101sta par<span style=\"font-weight: 400;\"> matu vesel\u012bbu, uzturu, uztura bag\u0101tin\u0101t\u0101jiem. K\u0101diem asins anal\u012b\u017eu r\u0101d\u012bt\u0101jiem v\u0113rst uzman\u012bbu?<\/span><\/li>\n<li>Zane Grigale Soro\u010dina \u2013 kosm\u0113tikas \u0137\u012bmi\u0137e, <span style=\"font-weight: 400;\">\u00a0dal\u0101s ar izejviel\u0101m, no kur\u0101m ieteicams izvair\u012bties, un kuras tie\u0161i mekl\u0113t produktu sast\u0101vos. Da\u017e\u0101du matu kop\u0161anas produktu sast\u0101vu anal\u012bze,\u00a0 kosm\u0113tisko produktu rekomend\u0101cijas.<\/span><\/li>\n<li>Daina Einberga \u2013 terapeite | kou\u010ds, skaidro to, k\u0101 <span style=\"font-weight: 400;\">\u00a0psihoemocion\u0101lie iemesli ietekm\u0113 matu vesel\u012bbu.<\/span><\/li>\n<li>Madara Kup\u010da \u2013 kosmetolo\u0123e | manu\u0101l\u0101 sejas model\u0113t\u0101ja,\u00a0 demonstr\u0113 <span style=\"font-weight: 400;\">galvas un skalpa mas\u0101\u017eu, mas\u0101\u017eas tehnikas, lai veicin\u0101tu matu aug\u0161anu.<\/span><\/li>\n<li>Agnese Ozoli\u0146a &#8211;<span class=\"OYPEnA font-feature-liga-off font-feature-clig-off font-feature-calt-off text-decoration-none text-strikethrough-none\">matu feja, kas, ar dabas l\u012bdzek\u013ciem, vair\u0101kk\u0101rt atjaunojusi sev skaisto matu rotu, skaidro, k\u0101ds m\u016bsdien\u0101s ir <\/span>\u00a0m<span style=\"font-weight: 400;\">atu kop\u0161anas apburtais aplis. K\u0101 no t\u0101 izk\u013c\u016bt? Dal\u0101s dab\u012bgo izejvielu recept\u0113s matu kop\u0161anai.<\/span><\/li>\n<li>Laura \u013bitvinova &#8211; friziere, atbild uz aktu\u0101lajiem jaut\u0101jumiem un dal\u0101s sav\u0101, k\u0101 friziera pieredz\u0113.<\/li>\n<\/ul>\n<p><strong>Tavs skaisto matu st\u0101sts s\u0101kas ar Tevi, Tavu v\u0113lmi zin\u0101t un izzin\u0101t, lai nepie\u013cautu jau pie\u013caut\u0101s k\u013c\u016bdas, un dar\u012btu \u0161odien to, par ko pateiksies n\u0101kotn\u0113.\u00a0<\/strong><\/p>\n<p><em>P\u0113c pas\u016bt\u012bjuma veik\u0161anas, m\u0113s nos\u016bt\u012bsim\u00a0 piek\u013cuvi sarun\u0101m.<\/em><\/p>","protected":false},"excerpt":{"rendered":"<p>\ud83d\udd0d 9 no 10 sieviet\u0113m apgalvo, ka matu un galvas \u0101das vesel\u012bgums ietekm\u0113 vi\u0146u pa\u0161p\u0101rliecin\u0101t\u012bbu un labsaj\u016btu. Bet, diem\u017e\u0113l, p\u0113d\u0113jo 30 gadu laik\u0101, gan v\u012brie\u0161u, gan sievie\u0161u matu st\u0101voklis ir <strong>KRITISKI PASLIKTIN\u0100JIES! <\/strong>Ko dar\u012bt, lai ieg\u016btu vesel\u012bgus matus, un k\u0101di so\u013ci veicami, lai piepild\u012btu \u0161o savu sapni? \u2728 Kam v\u0113rst uzman\u012bbu? K\u0101 nenozust lielaj\u0101 daudzum\u0101 m\u0101rketinga sol\u012bjumu, kad \u0161\u0137ietami katrs n\u0101kamais produkts b\u016bs tas &#8220;\u012bstais&#8221;, kuru Tu mekl\u0113?<\/p>\n<p>Lai rastu skaidr\u012bbu un sa\u0146emtu atbildes uz da\u017eneda\u017e\u0101diem jaut\u0101jumiem par matu vesel\u012bgumu, m\u0113s esam aicin\u0101ju\u0161i da\u017e\u0101dus speci\u0101listus sniegt savu viedokli par t\u0113mu &#8211; mati!<\/p>\n<p><strong><em>(Uzzini vair\u0101k inform\u0101cijas nedaudz zem\u0101k.)<\/em><\/strong><\/p>","protected":false},"featured_media":4179,"template":"","meta":{"site-sidebar-layout":"default","site-content-layout":"","ast-site-content-layout":"default","site-content-style":"default","site-sidebar-style":"default","ast-global-header-display":"","ast-banner-title-visibility":"","ast-main-header-display":"","ast-hfb-above-header-display":"","ast-hfb-below-header-display":"","ast-hfb-mobile-header-display":"","site-post-title":"","ast-breadcrumbs-content":"","ast-featured-img":"","footer-sml-layout":"","ast-disable-related-posts":"","theme-transparent-header-meta":"default","adv-header-id-meta":"","stick-header-meta":"","header-above-stick-meta":"","header-main-stick-meta":"","header-below-stick-meta":"","astra-migrate-meta-layouts":"set","ast-page-background-enabled":"default","ast-page-background-meta":{"desktop":{"background-color":"","background-image":"","background-repeat":"repeat","background-position":"center center","background-size":"auto","background-attachment":"scroll","background-type":"","background-media":"","overlay-type":"","overlay-color":"","overlay-opacity":"","overlay-gradient":""},"tablet":{"background-color":"","background-image":"","background-repeat":"repeat","background-position":"center center","background-size":"auto","background-attachment":"scroll","background-type":"","background-media":"","overlay-type":"","overlay-color":"","overlay-opacity":"","overlay-gradient":""},"mobile":{"background-color":"","background-image":"","background-repeat":"repeat","background-position":"center center","background-size":"auto","background-attachment":"scroll","background-type":"","background-media":"","overlay-type":"","overlay-color":"","overlay-opacity":"","overlay-gradient":""}},"ast-content-background-meta":{"desktop":{"background-color":"var(--ast-global-color-5)","background-image":"","background-repeat":"repeat","background-position":"center center","background-size":"auto","background-attachment":"scroll","background-type":"","background-media":"","overlay-type":"","overlay-color":"","overlay-opacity":"","overlay-gradient":""},"tablet":{"background-color":"var(--ast-global-color-5)","background-image":"","background-repeat":"repeat","background-position":"center center","background-size":"auto","background-attachment":"scroll","background-type":"","background-media":"","overlay-type":"","overlay-color":"","overlay-opacity":"","overlay-gradient":""},"mobile":{"background-color":"var(--ast-global-color-5)","background-image":"","background-repeat":"repeat","background-position":"center center","background-size":"auto","background-attachment":"scroll","background-type":"","background-media":"","overlay-type":"","overlay-color":"","overlay-opacity":"","overlay-gradient":""}}},"product_brand":[],"product_cat":[78],"product_tag":[],"class_list":{"0":"post-4930","1":"product","2":"type-product","3":"status-publish","4":"has-post-thumbnail","6":"product_cat-kursi-izaicinajumi","7":"desktop-align-left","8":"tablet-align-left","9":"mobile-align-left","11":"first","12":"instock","13":"virtual","14":"taxable","15":"purchasable","16":"product-type-simple"},"yoast_head":"<!-- This site is optimized with the Yoast SEO plugin v27.3 - https:\/\/yoast.com\/product\/yoast-seo-wordpress\/ -->\n<title>Ekspertu zelta padomi vesel\u012bgiem matiem ( 6 speci\u0101listu sarunas) - RASA Botanicals<\/title>\n<meta name=\"description\" content=\"Ekspertu zelta padomi vesel\u012bgiem matiem ( 6 speci\u0101listu sarunas), lai uzlabotu matu vesel\u012bbas st\u0101vokli. Ar ko s\u0101kt? Ko dar\u012bt? Kam v\u0113rst uzman\u012bbu?\" \/>\n<meta name=\"robots\" content=\"index, follow, max-snippet:-1, max-image-preview:large, max-video-preview:-1\" \/>\n<link rel=\"canonical\" href=\"https:\/\/rasa.bio\/en\/veikals\/ekspertu-zelta-padomi-veseligiem-matiem\/\" \/>\n<meta property=\"og:locale\" content=\"en_GB\" \/>\n<meta property=\"og:type\" content=\"article\" \/>\n<meta property=\"og:title\" content=\"Ekspertu zelta padomi vesel\u012bgiem matiem ( 6 speci\u0101listu sarunas) - RASA Botanicals\" \/>\n<meta property=\"og:description\" content=\"Ekspertu zelta padomi vesel\u012bgiem matiem ( 6 speci\u0101listu sarunas), lai uzlabotu matu vesel\u012bbas st\u0101vokli. Ar ko s\u0101kt? Ko dar\u012bt? Kam v\u0113rst uzman\u012bbu?\" \/>\n<meta property=\"og:url\" content=\"https:\/\/rasa.bio\/en\/veikals\/ekspertu-zelta-padomi-veseligiem-matiem\/\" \/>\n<meta property=\"og:site_name\" content=\"RASA Botanicals\" \/>\n<meta property=\"article:modified_time\" content=\"2026-01-11T11:41:19+00:00\" \/>\n<meta property=\"og:image\" content=\"https:\/\/rasa.bio\/wp-content\/uploads\/2023\/11\/SRC01373-1.jpg\" \/>\n\t<meta property=\"og:image:width\" content=\"1667\" \/>\n\t<meta property=\"og:image:height\" content=\"2500\" \/>\n\t<meta property=\"og:image:type\" content=\"image\/jpeg\" \/>\n<meta name=\"twitter:card\" content=\"summary_large_image\" \/>\n<meta name=\"twitter:label1\" content=\"Estimated reading time\" \/>\n\t<meta name=\"twitter:data1\" content=\"1 minute\" \/>\n<script type=\"application\/ld+json\" class=\"yoast-schema-graph\">{\"@context\":\"https:\\\/\\\/schema.org\",\"@graph\":[{\"@type\":\"WebPage\",\"@id\":\"https:\\\/\\\/rasa.bio\\\/veikals\\\/ekspertu-zelta-padomi-veseligiem-matiem\\\/\",\"url\":\"https:\\\/\\\/rasa.bio\\\/veikals\\\/ekspertu-zelta-padomi-veseligiem-matiem\\\/\",\"name\":\"Ekspertu zelta padomi vesel\u012bgiem matiem ( 6 speci\u0101listu sarunas) - RASA Botanicals\",\"isPartOf\":{\"@id\":\"https:\\\/\\\/rasa.bio\\\/#website\"},\"primaryImageOfPage\":{\"@id\":\"https:\\\/\\\/rasa.bio\\\/veikals\\\/ekspertu-zelta-padomi-veseligiem-matiem\\\/#primaryimage\"},\"image\":{\"@id\":\"https:\\\/\\\/rasa.bio\\\/veikals\\\/ekspertu-zelta-padomi-veseligiem-matiem\\\/#primaryimage\"},\"thumbnailUrl\":\"https:\\\/\\\/rasa.bio\\\/wp-content\\\/uploads\\\/2023\\\/11\\\/SRC01373-1.jpg\",\"datePublished\":\"2024-12-12T11:55:49+00:00\",\"dateModified\":\"2026-01-11T11:41:19+00:00\",\"description\":\"Ekspertu zelta padomi vesel\u012bgiem matiem ( 6 speci\u0101listu sarunas), lai uzlabotu matu vesel\u012bbas st\u0101vokli. Ar ko s\u0101kt? Ko dar\u012bt? Kam v\u0113rst uzman\u012bbu?\",\"breadcrumb\":{\"@id\":\"https:\\\/\\\/rasa.bio\\\/veikals\\\/ekspertu-zelta-padomi-veseligiem-matiem\\\/#breadcrumb\"},\"inLanguage\":\"en-GB\",\"potentialAction\":[{\"@type\":\"ReadAction\",\"target\":[\"https:\\\/\\\/rasa.bio\\\/veikals\\\/ekspertu-zelta-padomi-veseligiem-matiem\\\/\"]}]},{\"@type\":\"ImageObject\",\"inLanguage\":\"en-GB\",\"@id\":\"https:\\\/\\\/rasa.bio\\\/veikals\\\/ekspertu-zelta-padomi-veseligiem-matiem\\\/#primaryimage\",\"url\":\"https:\\\/\\\/rasa.bio\\\/wp-content\\\/uploads\\\/2023\\\/11\\\/SRC01373-1.jpg\",\"contentUrl\":\"https:\\\/\\\/rasa.bio\\\/wp-content\\\/uploads\\\/2023\\\/11\\\/SRC01373-1.jpg\",\"width\":1667,\"height\":2500},{\"@type\":\"BreadcrumbList\",\"@id\":\"https:\\\/\\\/rasa.bio\\\/veikals\\\/ekspertu-zelta-padomi-veseligiem-matiem\\\/#breadcrumb\",\"itemListElement\":[{\"@type\":\"ListItem\",\"position\":1,\"name\":\"Veikals\",\"item\":\"https:\\\/\\\/rasa.bio\\\/veikals\\\/\"},{\"@type\":\"ListItem\",\"position\":2,\"name\":\"Ekspertu zelta padomi vesel\u012bgiem matiem ( 6 speci\u0101listu sarunas)\"}]},{\"@type\":\"WebSite\",\"@id\":\"https:\\\/\\\/rasa.bio\\\/#website\",\"url\":\"https:\\\/\\\/rasa.bio\\\/\",\"name\":\"RASA Botanicals\",\"description\":\"\",\"publisher\":{\"@id\":\"https:\\\/\\\/rasa.bio\\\/#organization\"},\"potentialAction\":[{\"@type\":\"SearchAction\",\"target\":{\"@type\":\"EntryPoint\",\"urlTemplate\":\"https:\\\/\\\/rasa.bio\\\/?s={search_term_string}\"},\"query-input\":{\"@type\":\"PropertyValueSpecification\",\"valueRequired\":true,\"valueName\":\"search_term_string\"}}],\"inLanguage\":\"en-GB\"},{\"@type\":\"Organization\",\"@id\":\"https:\\\/\\\/rasa.bio\\\/#organization\",\"name\":\"RASA Botanicals\",\"url\":\"https:\\\/\\\/rasa.bio\\\/\",\"logo\":{\"@type\":\"ImageObject\",\"inLanguage\":\"en-GB\",\"@id\":\"https:\\\/\\\/rasa.bio\\\/#\\\/schema\\\/logo\\\/image\\\/\",\"url\":\"https:\\\/\\\/rasa.bio\\\/wp-content\\\/uploads\\\/2021\\\/06\\\/RASA-logo.svg\",\"contentUrl\":\"https:\\\/\\\/rasa.bio\\\/wp-content\\\/uploads\\\/2021\\\/06\\\/RASA-logo.svg\",\"width\":246,\"height\":302,\"caption\":\"RASA Botanicals\"},\"image\":{\"@id\":\"https:\\\/\\\/rasa.bio\\\/#\\\/schema\\\/logo\\\/image\\\/\"}}]}<\/script>\n<!-- \/ Yoast SEO plugin. -->","yoast_head_json":{"title":"Ekspertu zelta padomi vesel\u012bgiem matiem ( 6 speci\u0101listu sarunas) - RASA Botanicals","description":"Ekspertu zelta padomi vesel\u012bgiem matiem ( 6 speci\u0101listu sarunas), lai uzlabotu matu vesel\u012bbas st\u0101vokli. Ar ko s\u0101kt? Ko dar\u012bt? Kam v\u0113rst uzman\u012bbu?","robots":{"index":"index","follow":"follow","max-snippet":"max-snippet:-1","max-image-preview":"max-image-preview:large","max-video-preview":"max-video-preview:-1"},"canonical":"https:\/\/rasa.bio\/en\/veikals\/ekspertu-zelta-padomi-veseligiem-matiem\/","og_locale":"en_GB","og_type":"article","og_title":"Ekspertu zelta padomi vesel\u012bgiem matiem ( 6 speci\u0101listu sarunas) - RASA Botanicals","og_description":"Ekspertu zelta padomi vesel\u012bgiem matiem ( 6 speci\u0101listu sarunas), lai uzlabotu matu vesel\u012bbas st\u0101vokli. Ar ko s\u0101kt? Ko dar\u012bt? Kam v\u0113rst uzman\u012bbu?","og_url":"https:\/\/rasa.bio\/en\/veikals\/ekspertu-zelta-padomi-veseligiem-matiem\/","og_site_name":"RASA Botanicals","article_modified_time":"2026-01-11T11:41:19+00:00","og_image":[{"width":1667,"height":2500,"url":"https:\/\/rasa.bio\/wp-content\/uploads\/2023\/11\/SRC01373-1.jpg","type":"image\/jpeg"}],"twitter_card":"summary_large_image","twitter_misc":{"Estimated reading time":"1 minute"},"schema":{"@context":"https:\/\/schema.org","@graph":[{"@type":"WebPage","@id":"https:\/\/rasa.bio\/veikals\/ekspertu-zelta-padomi-veseligiem-matiem\/","url":"https:\/\/rasa.bio\/veikals\/ekspertu-zelta-padomi-veseligiem-matiem\/","name":"Ekspertu zelta padomi vesel\u012bgiem matiem ( 6 speci\u0101listu sarunas) - RASA Botanicals","isPartOf":{"@id":"https:\/\/rasa.bio\/#website"},"primaryImageOfPage":{"@id":"https:\/\/rasa.bio\/veikals\/ekspertu-zelta-padomi-veseligiem-matiem\/#primaryimage"},"image":{"@id":"https:\/\/rasa.bio\/veikals\/ekspertu-zelta-padomi-veseligiem-matiem\/#primaryimage"},"thumbnailUrl":"https:\/\/rasa.bio\/wp-content\/uploads\/2023\/11\/SRC01373-1.jpg","datePublished":"2024-12-12T11:55:49+00:00","dateModified":"2026-01-11T11:41:19+00:00","description":"Ekspertu zelta padomi vesel\u012bgiem matiem ( 6 speci\u0101listu sarunas), lai uzlabotu matu vesel\u012bbas st\u0101vokli. Ar ko s\u0101kt? Ko dar\u012bt? Kam v\u0113rst uzman\u012bbu?","breadcrumb":{"@id":"https:\/\/rasa.bio\/veikals\/ekspertu-zelta-padomi-veseligiem-matiem\/#breadcrumb"},"inLanguage":"en-GB","potentialAction":[{"@type":"ReadAction","target":["https:\/\/rasa.bio\/veikals\/ekspertu-zelta-padomi-veseligiem-matiem\/"]}]},{"@type":"ImageObject","inLanguage":"en-GB","@id":"https:\/\/rasa.bio\/veikals\/ekspertu-zelta-padomi-veseligiem-matiem\/#primaryimage","url":"https:\/\/rasa.bio\/wp-content\/uploads\/2023\/11\/SRC01373-1.jpg","contentUrl":"https:\/\/rasa.bio\/wp-content\/uploads\/2023\/11\/SRC01373-1.jpg","width":1667,"height":2500},{"@type":"BreadcrumbList","@id":"https:\/\/rasa.bio\/veikals\/ekspertu-zelta-padomi-veseligiem-matiem\/#breadcrumb","itemListElement":[{"@type":"ListItem","position":1,"name":"Veikals","item":"https:\/\/rasa.bio\/veikals\/"},{"@type":"ListItem","position":2,"name":"Ekspertu zelta padomi vesel\u012bgiem matiem ( 6 speci\u0101listu sarunas)"}]},{"@type":"WebSite","@id":"https:\/\/rasa.bio\/#website","url":"https:\/\/rasa.bio\/","name":"RASA Botanicals","description":"","publisher":{"@id":"https:\/\/rasa.bio\/#organization"},"potentialAction":[{"@type":"SearchAction","target":{"@type":"EntryPoint","urlTemplate":"https:\/\/rasa.bio\/?s={search_term_string}"},"query-input":{"@type":"PropertyValueSpecification","valueRequired":true,"valueName":"search_term_string"}}],"inLanguage":"en-GB"},{"@type":"Organization","@id":"https:\/\/rasa.bio\/#organization","name":"RASA Botanicals","url":"https:\/\/rasa.bio\/","logo":{"@type":"ImageObject","inLanguage":"en-GB","@id":"https:\/\/rasa.bio\/#\/schema\/logo\/image\/","url":"https:\/\/rasa.bio\/wp-content\/uploads\/2021\/06\/RASA-logo.svg","contentUrl":"https:\/\/rasa.bio\/wp-content\/uploads\/2021\/06\/RASA-logo.svg","width":246,"height":302,"caption":"RASA Botanicals"},"image":{"@id":"https:\/\/rasa.bio\/#\/schema\/logo\/image\/"}}]}},"_links":{"self":[{"href":"https:\/\/rasa.bio\/en\/wp-json\/wp\/v2\/product\/4930","targetHints":{"allow":["GET"]}}],"collection":[{"href":"https:\/\/rasa.bio\/en\/wp-json\/wp\/v2\/product"}],"about":[{"href":"https:\/\/rasa.bio\/en\/wp-json\/wp\/v2\/types\/product"}],"version-history":[{"count":5,"href":"https:\/\/rasa.bio\/en\/wp-json\/wp\/v2\/product\/4930\/revisions"}],"predecessor-version":[{"id":4935,"href":"https:\/\/rasa.bio\/en\/wp-json\/wp\/v2\/product\/4930\/revisions\/4935"}],"wp:featuredmedia":[{"embeddable":true,"href":"https:\/\/rasa.bio\/en\/wp-json\/wp\/v2\/media\/4179"}],"wp:attachment":[{"href":"https:\/\/rasa.bio\/en\/wp-json\/wp\/v2\/media?parent=4930"}],"wp:term":[{"taxonomy":"product_brand","embeddable":true,"href":"https:\/\/rasa.bio\/en\/wp-json\/wp\/v2\/product_brand?post=4930"},{"taxonomy":"product_cat","embeddable":true,"href":"https:\/\/rasa.bio\/en\/wp-json\/wp\/v2\/product_cat?post=4930"},{"taxonomy":"product_tag","embeddable":true,"href":"https:\/\/rasa.bio\/en\/wp-json\/wp\/v2\/product_tag?post=4930"}],"curies":[{"name":"wp","href":"https:\/\/api.w.org\/{rel}","templated":true}]}}