{"id":4558,"date":"2024-07-24T11:55:48","date_gmt":"2024-07-24T08:55:48","guid":{"rendered":"https:\/\/rasa.bio\/?post_type=product&#038;p=4558"},"modified":"2026-01-11T13:42:22","modified_gmt":"2026-01-11T11:42:22","slug":"diy-skrubji-2","status":"publish","type":"product","link":"https:\/\/rasa.bio\/en\/veikals\/diy-skrubji-2\/","title":{"rendered":"DIY skrubju komplekts 2 pers."},"content":{"rendered":"","protected":false},"excerpt":{"rendered":"<p>\u0160is DIY jeb uztaisi pats skrubju komplekts var b\u016bt lieliska papildus aktivit\u0101te\u00a0 Tav\u0101 dzim\u0161anas dienas ball\u012bt\u0113, piknik\u0101 vai satik\u0161an\u0101s reiz\u0113 ar draudzen\u0113m, mammu vai dzimtas sieviet\u0113m! Pavadiet kop\u012bgi laiku radot! <strong>Par dabas caurstr\u0101votiem un ma\u0123iskiem kop\u0101 b\u016b\u0161anas mirk\u013ciem.<\/strong><\/p>\n<p>&nbsp;<\/p>\n<p><em>Komplekt\u0101 ir iek\u013cautas 2 burci\u0146as,\u00a0 s\u0101ls, pam\u0101c\u012bba skrubja veido\u0161anai un Latvij\u0101 iev\u0101kto augu mais\u012bjumi &#8211;\u00a0<\/em><\/p>\n<div>\n<ul>\n<li>peoniju kr\u0101\u0161\u0146ums;<\/li>\n<li>piene\u0146u vieglums;<\/li>\n<li>ceri\u0146u naivums;<\/li>\n<li>un b\u0113rza lapu pamat\u012bgums.<\/li>\n<\/ul>\n<\/div>","protected":false},"featured_media":4559,"template":"","meta":{"site-sidebar-layout":"default","site-content-layout":"","ast-site-content-layout":"default","site-content-style":"default","site-sidebar-style":"default","ast-global-header-display":"","ast-banner-title-visibility":"","ast-main-header-display":"","ast-hfb-above-header-display":"","ast-hfb-below-header-display":"","ast-hfb-mobile-header-display":"","site-post-title":"","ast-breadcrumbs-content":"","ast-featured-img":"","footer-sml-layout":"","ast-disable-related-posts":"","theme-transparent-header-meta":"default","adv-header-id-meta":"","stick-header-meta":"","header-above-stick-meta":"","header-main-stick-meta":"","header-below-stick-meta":"","astra-migrate-meta-layouts":"set","ast-page-background-enabled":"default","ast-page-background-meta":{"desktop":{"background-color":"","background-image":"","background-repeat":"repeat","background-position":"center center","background-size":"auto","background-attachment":"scroll","background-type":"","background-media":"","overlay-type":"","overlay-color":"","overlay-opacity":"","overlay-gradient":""},"tablet":{"background-color":"","background-image":"","background-repeat":"repeat","background-position":"center center","background-size":"auto","background-attachment":"scroll","background-type":"","background-media":"","overlay-type":"","overlay-color":"","overlay-opacity":"","overlay-gradient":""},"mobile":{"background-color":"","background-image":"","background-repeat":"repeat","background-position":"center center","background-size":"auto","background-attachment":"scroll","background-type":"","background-media":"","overlay-type":"","overlay-color":"","overlay-opacity":"","overlay-gradient":""}},"ast-content-background-meta":{"desktop":{"background-color":"var(--ast-global-color-5)","background-image":"","background-repeat":"repeat","background-position":"center center","background-size":"auto","background-attachment":"scroll","background-type":"","background-media":"","overlay-type":"","overlay-color":"","overlay-opacity":"","overlay-gradient":""},"tablet":{"background-color":"var(--ast-global-color-5)","background-image":"","background-repeat":"repeat","background-position":"center center","background-size":"auto","background-attachment":"scroll","background-type":"","background-media":"","overlay-type":"","overlay-color":"","overlay-opacity":"","overlay-gradient":""},"mobile":{"background-color":"var(--ast-global-color-5)","background-image":"","background-repeat":"repeat","background-position":"center center","background-size":"auto","background-attachment":"scroll","background-type":"","background-media":"","overlay-type":"","overlay-color":"","overlay-opacity":"","overlay-gradient":""}}},"product_brand":[],"product_cat":[98],"product_tag":[],"class_list":{"0":"post-4558","1":"product","2":"type-product","3":"status-publish","4":"has-post-thumbnail","6":"product_cat-uztaisi-pats-savu-skrubi","7":"desktop-align-left","8":"tablet-align-left","9":"mobile-align-left","11":"first","12":"instock","13":"taxable","14":"shipping-taxable","15":"purchasable","16":"product-type-simple"},"yoast_head":"<!-- This site is optimized with the Yoast SEO plugin v27.3 - https:\/\/yoast.com\/product\/yoast-seo-wordpress\/ -->\n<title>DIY skrubju komplekts 2 pers. - RASA Botanicals<\/title>\n<meta name=\"description\" content=\"\u0160is DIY jeb uztaisi pats komplekts b\u016bs papildus aktivit\u0101te Tav\u0101 dzim\u0161anas dienas ball\u012bt\u0113, piknik\u0101, satik\u0161an\u0101s reiz\u0113 ar draudzen\u0113m, dzimtas sieviet\u0113m.\" \/>\n<meta name=\"robots\" content=\"index, follow, max-snippet:-1, max-image-preview:large, max-video-preview:-1\" \/>\n<link rel=\"canonical\" href=\"https:\/\/rasa.bio\/en\/veikals\/diy-skrubji-2\/\" \/>\n<meta property=\"og:locale\" content=\"en_GB\" \/>\n<meta property=\"og:type\" content=\"article\" \/>\n<meta property=\"og:title\" content=\"DIY skrubju komplekts 2 pers. - RASA Botanicals\" \/>\n<meta property=\"og:description\" content=\"\u0160is DIY jeb uztaisi pats komplekts b\u016bs papildus aktivit\u0101te Tav\u0101 dzim\u0161anas dienas ball\u012bt\u0113, piknik\u0101, satik\u0161an\u0101s reiz\u0113 ar draudzen\u0113m, dzimtas sieviet\u0113m.\" \/>\n<meta property=\"og:url\" content=\"https:\/\/rasa.bio\/en\/veikals\/diy-skrubji-2\/\" \/>\n<meta property=\"og:site_name\" content=\"RASA Botanicals\" \/>\n<meta property=\"article:modified_time\" content=\"2026-01-11T11:42:22+00:00\" \/>\n<meta property=\"og:image\" content=\"https:\/\/rasa.bio\/wp-content\/uploads\/2024\/07\/945f30c5-b428-44d0-a9b9-58a5e3f17bb7.jpeg\" \/>\n\t<meta property=\"og:image:width\" content=\"1536\" \/>\n\t<meta property=\"og:image:height\" content=\"2048\" \/>\n\t<meta property=\"og:image:type\" content=\"image\/jpeg\" \/>\n<meta name=\"twitter:card\" content=\"summary_large_image\" \/>\n<script type=\"application\/ld+json\" class=\"yoast-schema-graph\">{\"@context\":\"https:\\\/\\\/schema.org\",\"@graph\":[{\"@type\":\"WebPage\",\"@id\":\"https:\\\/\\\/rasa.bio\\\/veikals\\\/diy-skrubji-2\\\/\",\"url\":\"https:\\\/\\\/rasa.bio\\\/veikals\\\/diy-skrubji-2\\\/\",\"name\":\"DIY skrubju komplekts 2 pers. - RASA Botanicals\",\"isPartOf\":{\"@id\":\"https:\\\/\\\/rasa.bio\\\/#website\"},\"primaryImageOfPage\":{\"@id\":\"https:\\\/\\\/rasa.bio\\\/veikals\\\/diy-skrubji-2\\\/#primaryimage\"},\"image\":{\"@id\":\"https:\\\/\\\/rasa.bio\\\/veikals\\\/diy-skrubji-2\\\/#primaryimage\"},\"thumbnailUrl\":\"https:\\\/\\\/rasa.bio\\\/wp-content\\\/uploads\\\/2024\\\/07\\\/945f30c5-b428-44d0-a9b9-58a5e3f17bb7.jpeg\",\"datePublished\":\"2024-07-24T08:55:48+00:00\",\"dateModified\":\"2026-01-11T11:42:22+00:00\",\"description\":\"\u0160is DIY jeb uztaisi pats komplekts b\u016bs papildus aktivit\u0101te Tav\u0101 dzim\u0161anas dienas ball\u012bt\u0113, piknik\u0101, satik\u0161an\u0101s reiz\u0113 ar draudzen\u0113m, dzimtas sieviet\u0113m.\",\"breadcrumb\":{\"@id\":\"https:\\\/\\\/rasa.bio\\\/veikals\\\/diy-skrubji-2\\\/#breadcrumb\"},\"inLanguage\":\"en-GB\",\"potentialAction\":[{\"@type\":\"ReadAction\",\"target\":[\"https:\\\/\\\/rasa.bio\\\/veikals\\\/diy-skrubji-2\\\/\"]}]},{\"@type\":\"ImageObject\",\"inLanguage\":\"en-GB\",\"@id\":\"https:\\\/\\\/rasa.bio\\\/veikals\\\/diy-skrubji-2\\\/#primaryimage\",\"url\":\"https:\\\/\\\/rasa.bio\\\/wp-content\\\/uploads\\\/2024\\\/07\\\/945f30c5-b428-44d0-a9b9-58a5e3f17bb7.jpeg\",\"contentUrl\":\"https:\\\/\\\/rasa.bio\\\/wp-content\\\/uploads\\\/2024\\\/07\\\/945f30c5-b428-44d0-a9b9-58a5e3f17bb7.jpeg\",\"width\":1536,\"height\":2048},{\"@type\":\"BreadcrumbList\",\"@id\":\"https:\\\/\\\/rasa.bio\\\/veikals\\\/diy-skrubji-2\\\/#breadcrumb\",\"itemListElement\":[{\"@type\":\"ListItem\",\"position\":1,\"name\":\"Veikals\",\"item\":\"https:\\\/\\\/rasa.bio\\\/veikals\\\/\"},{\"@type\":\"ListItem\",\"position\":2,\"name\":\"DIY skrubju komplekts 2 pers.\"}]},{\"@type\":\"WebSite\",\"@id\":\"https:\\\/\\\/rasa.bio\\\/#website\",\"url\":\"https:\\\/\\\/rasa.bio\\\/\",\"name\":\"RASA Botanicals\",\"description\":\"\",\"publisher\":{\"@id\":\"https:\\\/\\\/rasa.bio\\\/#organization\"},\"potentialAction\":[{\"@type\":\"SearchAction\",\"target\":{\"@type\":\"EntryPoint\",\"urlTemplate\":\"https:\\\/\\\/rasa.bio\\\/?s={search_term_string}\"},\"query-input\":{\"@type\":\"PropertyValueSpecification\",\"valueRequired\":true,\"valueName\":\"search_term_string\"}}],\"inLanguage\":\"en-GB\"},{\"@type\":\"Organization\",\"@id\":\"https:\\\/\\\/rasa.bio\\\/#organization\",\"name\":\"RASA Botanicals\",\"url\":\"https:\\\/\\\/rasa.bio\\\/\",\"logo\":{\"@type\":\"ImageObject\",\"inLanguage\":\"en-GB\",\"@id\":\"https:\\\/\\\/rasa.bio\\\/#\\\/schema\\\/logo\\\/image\\\/\",\"url\":\"https:\\\/\\\/rasa.bio\\\/wp-content\\\/uploads\\\/2021\\\/06\\\/RASA-logo.svg\",\"contentUrl\":\"https:\\\/\\\/rasa.bio\\\/wp-content\\\/uploads\\\/2021\\\/06\\\/RASA-logo.svg\",\"width\":246,\"height\":302,\"caption\":\"RASA Botanicals\"},\"image\":{\"@id\":\"https:\\\/\\\/rasa.bio\\\/#\\\/schema\\\/logo\\\/image\\\/\"}}]}<\/script>\n<!-- \/ Yoast SEO plugin. -->","yoast_head_json":{"title":"DIY skrubju komplekts 2 pers. - RASA Botanicals","description":"\u0160is DIY jeb uztaisi pats komplekts b\u016bs papildus aktivit\u0101te Tav\u0101 dzim\u0161anas dienas ball\u012bt\u0113, piknik\u0101, satik\u0161an\u0101s reiz\u0113 ar draudzen\u0113m, dzimtas sieviet\u0113m.","robots":{"index":"index","follow":"follow","max-snippet":"max-snippet:-1","max-image-preview":"max-image-preview:large","max-video-preview":"max-video-preview:-1"},"canonical":"https:\/\/rasa.bio\/en\/veikals\/diy-skrubji-2\/","og_locale":"en_GB","og_type":"article","og_title":"DIY skrubju komplekts 2 pers. - RASA Botanicals","og_description":"\u0160is DIY jeb uztaisi pats komplekts b\u016bs papildus aktivit\u0101te Tav\u0101 dzim\u0161anas dienas ball\u012bt\u0113, piknik\u0101, satik\u0161an\u0101s reiz\u0113 ar draudzen\u0113m, dzimtas sieviet\u0113m.","og_url":"https:\/\/rasa.bio\/en\/veikals\/diy-skrubji-2\/","og_site_name":"RASA Botanicals","article_modified_time":"2026-01-11T11:42:22+00:00","og_image":[{"width":1536,"height":2048,"url":"https:\/\/rasa.bio\/wp-content\/uploads\/2024\/07\/945f30c5-b428-44d0-a9b9-58a5e3f17bb7.jpeg","type":"image\/jpeg"}],"twitter_card":"summary_large_image","schema":{"@context":"https:\/\/schema.org","@graph":[{"@type":"WebPage","@id":"https:\/\/rasa.bio\/veikals\/diy-skrubji-2\/","url":"https:\/\/rasa.bio\/veikals\/diy-skrubji-2\/","name":"DIY skrubju komplekts 2 pers. - RASA Botanicals","isPartOf":{"@id":"https:\/\/rasa.bio\/#website"},"primaryImageOfPage":{"@id":"https:\/\/rasa.bio\/veikals\/diy-skrubji-2\/#primaryimage"},"image":{"@id":"https:\/\/rasa.bio\/veikals\/diy-skrubji-2\/#primaryimage"},"thumbnailUrl":"https:\/\/rasa.bio\/wp-content\/uploads\/2024\/07\/945f30c5-b428-44d0-a9b9-58a5e3f17bb7.jpeg","datePublished":"2024-07-24T08:55:48+00:00","dateModified":"2026-01-11T11:42:22+00:00","description":"\u0160is DIY jeb uztaisi pats komplekts b\u016bs papildus aktivit\u0101te Tav\u0101 dzim\u0161anas dienas ball\u012bt\u0113, piknik\u0101, satik\u0161an\u0101s reiz\u0113 ar draudzen\u0113m, dzimtas sieviet\u0113m.","breadcrumb":{"@id":"https:\/\/rasa.bio\/veikals\/diy-skrubji-2\/#breadcrumb"},"inLanguage":"en-GB","potentialAction":[{"@type":"ReadAction","target":["https:\/\/rasa.bio\/veikals\/diy-skrubji-2\/"]}]},{"@type":"ImageObject","inLanguage":"en-GB","@id":"https:\/\/rasa.bio\/veikals\/diy-skrubji-2\/#primaryimage","url":"https:\/\/rasa.bio\/wp-content\/uploads\/2024\/07\/945f30c5-b428-44d0-a9b9-58a5e3f17bb7.jpeg","contentUrl":"https:\/\/rasa.bio\/wp-content\/uploads\/2024\/07\/945f30c5-b428-44d0-a9b9-58a5e3f17bb7.jpeg","width":1536,"height":2048},{"@type":"BreadcrumbList","@id":"https:\/\/rasa.bio\/veikals\/diy-skrubji-2\/#breadcrumb","itemListElement":[{"@type":"ListItem","position":1,"name":"Veikals","item":"https:\/\/rasa.bio\/veikals\/"},{"@type":"ListItem","position":2,"name":"DIY skrubju komplekts 2 pers."}]},{"@type":"WebSite","@id":"https:\/\/rasa.bio\/#website","url":"https:\/\/rasa.bio\/","name":"RASA Botanicals","description":"","publisher":{"@id":"https:\/\/rasa.bio\/#organization"},"potentialAction":[{"@type":"SearchAction","target":{"@type":"EntryPoint","urlTemplate":"https:\/\/rasa.bio\/?s={search_term_string}"},"query-input":{"@type":"PropertyValueSpecification","valueRequired":true,"valueName":"search_term_string"}}],"inLanguage":"en-GB"},{"@type":"Organization","@id":"https:\/\/rasa.bio\/#organization","name":"RASA Botanicals","url":"https:\/\/rasa.bio\/","logo":{"@type":"ImageObject","inLanguage":"en-GB","@id":"https:\/\/rasa.bio\/#\/schema\/logo\/image\/","url":"https:\/\/rasa.bio\/wp-content\/uploads\/2021\/06\/RASA-logo.svg","contentUrl":"https:\/\/rasa.bio\/wp-content\/uploads\/2021\/06\/RASA-logo.svg","width":246,"height":302,"caption":"RASA Botanicals"},"image":{"@id":"https:\/\/rasa.bio\/#\/schema\/logo\/image\/"}}]}},"_links":{"self":[{"href":"https:\/\/rasa.bio\/en\/wp-json\/wp\/v2\/product\/4558","targetHints":{"allow":["GET"]}}],"collection":[{"href":"https:\/\/rasa.bio\/en\/wp-json\/wp\/v2\/product"}],"about":[{"href":"https:\/\/rasa.bio\/en\/wp-json\/wp\/v2\/types\/product"}],"version-history":[{"count":6,"href":"https:\/\/rasa.bio\/en\/wp-json\/wp\/v2\/product\/4558\/revisions"}],"predecessor-version":[{"id":4584,"href":"https:\/\/rasa.bio\/en\/wp-json\/wp\/v2\/product\/4558\/revisions\/4584"}],"wp:featuredmedia":[{"embeddable":true,"href":"https:\/\/rasa.bio\/en\/wp-json\/wp\/v2\/media\/4559"}],"wp:attachment":[{"href":"https:\/\/rasa.bio\/en\/wp-json\/wp\/v2\/media?parent=4558"}],"wp:term":[{"taxonomy":"product_brand","embeddable":true,"href":"https:\/\/rasa.bio\/en\/wp-json\/wp\/v2\/product_brand?post=4558"},{"taxonomy":"product_cat","embeddable":true,"href":"https:\/\/rasa.bio\/en\/wp-json\/wp\/v2\/product_cat?post=4558"},{"taxonomy":"product_tag","embeddable":true,"href":"https:\/\/rasa.bio\/en\/wp-json\/wp\/v2\/product_tag?post=4558"}],"curies":[{"name":"wp","href":"https:\/\/api.w.org\/{rel}","templated":true}]}}