{"id":4420,"date":"2024-05-28T14:36:32","date_gmt":"2024-05-28T11:36:32","guid":{"rendered":"https:\/\/rasa.bio\/?post_type=product&#038;p=4420"},"modified":"2026-01-11T13:43:27","modified_gmt":"2026-01-11T11:43:27","slug":"sejas-masaza-majas-apstaklos","status":"publish","type":"product","link":"https:\/\/rasa.bio\/en\/veikals\/sejas-masaza-majas-apstaklos\/","title":{"rendered":"Sejas mas\u0101\u017ea m\u0101jas apst\u0101k\u013cos &#8211; pam\u0101c\u012bba no manu\u0101l\u0101s sejas model\u0113t\u0101jas"},"content":{"rendered":"<p><strong>Praktiska pam\u0101c\u012bba manu\u0101laj\u0101 sejas model\u0113\u0161an\u0101.<\/strong> Manu\u0101l\u0101 sejas model\u0113t\u0101ja\u00a0 Madara Kup\u010da past\u0101st\u012bs un par\u0101d\u012bs to, k\u0101d\u0113\u013c un k\u0101 pareizi veikt sejas \u0101das mas\u0101\u017eu, lai izvair\u012btos no \u0101das st\u0101vok\u013ca pasliktin\u0101\u0161an\u0101s un noveco\u0161anas. K\u0101ds ir Tavas sejas \u0101das tips, un k\u0101du kop\u0161anu tas prasa? K\u0101 ik dienu velt\u012bt\u0101s p\u0101ris min\u016btes sejas mas\u0101\u017eai var \u013caut Tev uzlabot sejas \u0101das st\u0101vokli ilgtermi\u0146\u0101 un pasarg\u0101t no potenci\u0101li nepiecie\u0161amaj\u0101m injekcij\u0101m?<\/p>","protected":false},"excerpt":{"rendered":"<p><strong>Tava \u0101da ir Tavs spogulis! \u013bauj tai mirdz\u0113t, veicot regul\u0101ras un apzin\u0101tas mas\u0101\u017eas!<\/strong><\/p>\n<p>Ieg\u0101d\u0101joties \u0161o pam\u0101c\u012bbu, kuru vada manu\u0101l\u0101 sejas model\u0113t\u0101ja Madara Kup\u010da,\u00a0 Tu uzzin\u0101si:<\/p>\n<ul>\n<li>K\u0101ds ir Tavs \u0101das tips;<\/li>\n<li>K\u0101du kop\u0161anu Tavs \u0101das tips prasa;<\/li>\n<li>K\u0101 veikt efekt\u012bvu sejas mas\u0101\u017eu m\u0101jas apst\u0101k\u013cos, lai izvair\u012btos no potenci\u0101laj\u0101m injekcij\u0101m;<\/li>\n<li>K\u0101di papildl\u012bdzek\u013ci var\u0113tu papildin\u0101t Tavu sejas mas\u0101\u017eas rut\u012bnu?<\/li>\n<\/ul>\n<p><em>Sarunas ilgums &#8211; aptuveni 1h.\u00a0<\/em><\/p>\n<p>Ieg\u0101d\u0101joties \u0161o produktu, m\u0113s ar Tevi sazin\u0101simies un\u00a0 \u00a0e-past\u0101 nos\u016bt\u012bsim piek\u013cuvi sarunai.<\/p>\n<p><strong>Skaistu sejas \u0101du nav iesp\u0113jas ieg\u016bt vienas dienas laik\u0101. Tas ir regul\u0101rs un m\u0113r\u0137tiec\u012bgs darbs.<\/strong><\/p>","protected":false},"featured_media":4421,"template":"","meta":{"site-sidebar-layout":"default","site-content-layout":"","ast-site-content-layout":"default","site-content-style":"default","site-sidebar-style":"default","ast-global-header-display":"","ast-banner-title-visibility":"","ast-main-header-display":"","ast-hfb-above-header-display":"","ast-hfb-below-header-display":"","ast-hfb-mobile-header-display":"","site-post-title":"","ast-breadcrumbs-content":"","ast-featured-img":"","footer-sml-layout":"","ast-disable-related-posts":"","theme-transparent-header-meta":"default","adv-header-id-meta":"","stick-header-meta":"","header-above-stick-meta":"","header-main-stick-meta":"","header-below-stick-meta":"","astra-migrate-meta-layouts":"set","ast-page-background-enabled":"default","ast-page-background-meta":{"desktop":{"background-color":"","background-image":"","background-repeat":"repeat","background-position":"center center","background-size":"auto","background-attachment":"scroll","background-type":"","background-media":"","overlay-type":"","overlay-color":"","overlay-opacity":"","overlay-gradient":""},"tablet":{"background-color":"","background-image":"","background-repeat":"repeat","background-position":"center center","background-size":"auto","background-attachment":"scroll","background-type":"","background-media":"","overlay-type":"","overlay-color":"","overlay-opacity":"","overlay-gradient":""},"mobile":{"background-color":"","background-image":"","background-repeat":"repeat","background-position":"center center","background-size":"auto","background-attachment":"scroll","background-type":"","background-media":"","overlay-type":"","overlay-color":"","overlay-opacity":"","overlay-gradient":""}},"ast-content-background-meta":{"desktop":{"background-color":"var(--ast-global-color-5)","background-image":"","background-repeat":"repeat","background-position":"center center","background-size":"auto","background-attachment":"scroll","background-type":"","background-media":"","overlay-type":"","overlay-color":"","overlay-opacity":"","overlay-gradient":""},"tablet":{"background-color":"var(--ast-global-color-5)","background-image":"","background-repeat":"repeat","background-position":"center center","background-size":"auto","background-attachment":"scroll","background-type":"","background-media":"","overlay-type":"","overlay-color":"","overlay-opacity":"","overlay-gradient":""},"mobile":{"background-color":"var(--ast-global-color-5)","background-image":"","background-repeat":"repeat","background-position":"center center","background-size":"auto","background-attachment":"scroll","background-type":"","background-media":"","overlay-type":"","overlay-color":"","overlay-opacity":"","overlay-gradient":""}}},"product_brand":[],"product_cat":[78],"product_tag":[],"class_list":{"0":"post-4420","1":"product","2":"type-product","3":"status-publish","4":"has-post-thumbnail","6":"product_cat-kursi-izaicinajumi","7":"desktop-align-left","8":"tablet-align-left","9":"mobile-align-left","11":"first","12":"instock","13":"virtual","14":"taxable","15":"purchasable","16":"product-type-simple"},"yoast_head":"<!-- This site is optimized with the Yoast SEO plugin v27.3 - https:\/\/yoast.com\/product\/yoast-seo-wordpress\/ -->\n<title>Sejas mas\u0101\u017ea m\u0101jas apst\u0101k\u013cos - pam\u0101c\u012bba no manu\u0101l\u0101s sejas model\u0113t\u0101jas - RASA Botanicals<\/title>\n<meta name=\"description\" content=\"Uzzini, kas ir t\u0101s kust\u012bbas, sejas mas\u0101\u017eas pa\u0146\u0113mieni, kurus, pielietojot ikdien\u0101, Tu vari ieg\u016bt tvirtu un vesel\u012bgu sejas \u0101du.\" \/>\n<meta name=\"robots\" content=\"index, follow, max-snippet:-1, max-image-preview:large, max-video-preview:-1\" \/>\n<link rel=\"canonical\" href=\"https:\/\/rasa.bio\/en\/veikals\/sejas-masaza-majas-apstaklos\/\" \/>\n<meta property=\"og:locale\" content=\"en_GB\" \/>\n<meta property=\"og:type\" content=\"article\" \/>\n<meta property=\"og:title\" content=\"Sejas mas\u0101\u017ea m\u0101jas apst\u0101k\u013cos - pam\u0101c\u012bba no manu\u0101l\u0101s sejas model\u0113t\u0101jas - RASA Botanicals\" \/>\n<meta property=\"og:description\" content=\"Uzzini, kas ir t\u0101s kust\u012bbas, sejas mas\u0101\u017eas pa\u0146\u0113mieni, kurus, pielietojot ikdien\u0101, Tu vari ieg\u016bt tvirtu un vesel\u012bgu sejas \u0101du.\" \/>\n<meta property=\"og:url\" content=\"https:\/\/rasa.bio\/en\/veikals\/sejas-masaza-majas-apstaklos\/\" \/>\n<meta property=\"og:site_name\" content=\"RASA Botanicals\" \/>\n<meta property=\"article:modified_time\" content=\"2026-01-11T11:43:27+00:00\" \/>\n<meta property=\"og:image\" content=\"https:\/\/rasa.bio\/wp-content\/uploads\/2024\/05\/M_S-Skincare-Face-Oils.jpeg\" \/>\n\t<meta property=\"og:image:width\" content=\"564\" \/>\n\t<meta property=\"og:image:height\" content=\"712\" \/>\n\t<meta property=\"og:image:type\" content=\"image\/jpeg\" \/>\n<meta name=\"twitter:card\" content=\"summary_large_image\" \/>\n<script type=\"application\/ld+json\" class=\"yoast-schema-graph\">{\"@context\":\"https:\\\/\\\/schema.org\",\"@graph\":[{\"@type\":\"WebPage\",\"@id\":\"https:\\\/\\\/rasa.bio\\\/veikals\\\/sejas-masaza-majas-apstaklos\\\/\",\"url\":\"https:\\\/\\\/rasa.bio\\\/veikals\\\/sejas-masaza-majas-apstaklos\\\/\",\"name\":\"Sejas mas\u0101\u017ea m\u0101jas apst\u0101k\u013cos - pam\u0101c\u012bba no manu\u0101l\u0101s sejas model\u0113t\u0101jas - RASA Botanicals\",\"isPartOf\":{\"@id\":\"https:\\\/\\\/rasa.bio\\\/#website\"},\"primaryImageOfPage\":{\"@id\":\"https:\\\/\\\/rasa.bio\\\/veikals\\\/sejas-masaza-majas-apstaklos\\\/#primaryimage\"},\"image\":{\"@id\":\"https:\\\/\\\/rasa.bio\\\/veikals\\\/sejas-masaza-majas-apstaklos\\\/#primaryimage\"},\"thumbnailUrl\":\"https:\\\/\\\/rasa.bio\\\/wp-content\\\/uploads\\\/2024\\\/05\\\/M_S-Skincare-Face-Oils.jpeg\",\"datePublished\":\"2024-05-28T11:36:32+00:00\",\"dateModified\":\"2026-01-11T11:43:27+00:00\",\"description\":\"Uzzini, kas ir t\u0101s kust\u012bbas, sejas mas\u0101\u017eas pa\u0146\u0113mieni, kurus, pielietojot ikdien\u0101, Tu vari ieg\u016bt tvirtu un vesel\u012bgu sejas \u0101du.\",\"breadcrumb\":{\"@id\":\"https:\\\/\\\/rasa.bio\\\/veikals\\\/sejas-masaza-majas-apstaklos\\\/#breadcrumb\"},\"inLanguage\":\"en-GB\",\"potentialAction\":[{\"@type\":\"ReadAction\",\"target\":[\"https:\\\/\\\/rasa.bio\\\/veikals\\\/sejas-masaza-majas-apstaklos\\\/\"]}]},{\"@type\":\"ImageObject\",\"inLanguage\":\"en-GB\",\"@id\":\"https:\\\/\\\/rasa.bio\\\/veikals\\\/sejas-masaza-majas-apstaklos\\\/#primaryimage\",\"url\":\"https:\\\/\\\/rasa.bio\\\/wp-content\\\/uploads\\\/2024\\\/05\\\/M_S-Skincare-Face-Oils.jpeg\",\"contentUrl\":\"https:\\\/\\\/rasa.bio\\\/wp-content\\\/uploads\\\/2024\\\/05\\\/M_S-Skincare-Face-Oils.jpeg\",\"width\":564,\"height\":712},{\"@type\":\"BreadcrumbList\",\"@id\":\"https:\\\/\\\/rasa.bio\\\/veikals\\\/sejas-masaza-majas-apstaklos\\\/#breadcrumb\",\"itemListElement\":[{\"@type\":\"ListItem\",\"position\":1,\"name\":\"Veikals\",\"item\":\"https:\\\/\\\/rasa.bio\\\/veikals\\\/\"},{\"@type\":\"ListItem\",\"position\":2,\"name\":\"Sejas mas\u0101\u017ea m\u0101jas apst\u0101k\u013cos &#8211; pam\u0101c\u012bba no manu\u0101l\u0101s sejas model\u0113t\u0101jas\"}]},{\"@type\":\"WebSite\",\"@id\":\"https:\\\/\\\/rasa.bio\\\/#website\",\"url\":\"https:\\\/\\\/rasa.bio\\\/\",\"name\":\"RASA Botanicals\",\"description\":\"\",\"publisher\":{\"@id\":\"https:\\\/\\\/rasa.bio\\\/#organization\"},\"potentialAction\":[{\"@type\":\"SearchAction\",\"target\":{\"@type\":\"EntryPoint\",\"urlTemplate\":\"https:\\\/\\\/rasa.bio\\\/?s={search_term_string}\"},\"query-input\":{\"@type\":\"PropertyValueSpecification\",\"valueRequired\":true,\"valueName\":\"search_term_string\"}}],\"inLanguage\":\"en-GB\"},{\"@type\":\"Organization\",\"@id\":\"https:\\\/\\\/rasa.bio\\\/#organization\",\"name\":\"RASA Botanicals\",\"url\":\"https:\\\/\\\/rasa.bio\\\/\",\"logo\":{\"@type\":\"ImageObject\",\"inLanguage\":\"en-GB\",\"@id\":\"https:\\\/\\\/rasa.bio\\\/#\\\/schema\\\/logo\\\/image\\\/\",\"url\":\"https:\\\/\\\/rasa.bio\\\/wp-content\\\/uploads\\\/2021\\\/06\\\/RASA-logo.svg\",\"contentUrl\":\"https:\\\/\\\/rasa.bio\\\/wp-content\\\/uploads\\\/2021\\\/06\\\/RASA-logo.svg\",\"width\":246,\"height\":302,\"caption\":\"RASA Botanicals\"},\"image\":{\"@id\":\"https:\\\/\\\/rasa.bio\\\/#\\\/schema\\\/logo\\\/image\\\/\"}}]}<\/script>\n<!-- \/ Yoast SEO plugin. -->","yoast_head_json":{"title":"Sejas mas\u0101\u017ea m\u0101jas apst\u0101k\u013cos - pam\u0101c\u012bba no manu\u0101l\u0101s sejas model\u0113t\u0101jas - RASA Botanicals","description":"Uzzini, kas ir t\u0101s kust\u012bbas, sejas mas\u0101\u017eas pa\u0146\u0113mieni, kurus, pielietojot ikdien\u0101, Tu vari ieg\u016bt tvirtu un vesel\u012bgu sejas \u0101du.","robots":{"index":"index","follow":"follow","max-snippet":"max-snippet:-1","max-image-preview":"max-image-preview:large","max-video-preview":"max-video-preview:-1"},"canonical":"https:\/\/rasa.bio\/en\/veikals\/sejas-masaza-majas-apstaklos\/","og_locale":"en_GB","og_type":"article","og_title":"Sejas mas\u0101\u017ea m\u0101jas apst\u0101k\u013cos - pam\u0101c\u012bba no manu\u0101l\u0101s sejas model\u0113t\u0101jas - RASA Botanicals","og_description":"Uzzini, kas ir t\u0101s kust\u012bbas, sejas mas\u0101\u017eas pa\u0146\u0113mieni, kurus, pielietojot ikdien\u0101, Tu vari ieg\u016bt tvirtu un vesel\u012bgu sejas \u0101du.","og_url":"https:\/\/rasa.bio\/en\/veikals\/sejas-masaza-majas-apstaklos\/","og_site_name":"RASA Botanicals","article_modified_time":"2026-01-11T11:43:27+00:00","og_image":[{"width":564,"height":712,"url":"https:\/\/rasa.bio\/wp-content\/uploads\/2024\/05\/M_S-Skincare-Face-Oils.jpeg","type":"image\/jpeg"}],"twitter_card":"summary_large_image","schema":{"@context":"https:\/\/schema.org","@graph":[{"@type":"WebPage","@id":"https:\/\/rasa.bio\/veikals\/sejas-masaza-majas-apstaklos\/","url":"https:\/\/rasa.bio\/veikals\/sejas-masaza-majas-apstaklos\/","name":"Sejas mas\u0101\u017ea m\u0101jas apst\u0101k\u013cos - pam\u0101c\u012bba no manu\u0101l\u0101s sejas model\u0113t\u0101jas - RASA Botanicals","isPartOf":{"@id":"https:\/\/rasa.bio\/#website"},"primaryImageOfPage":{"@id":"https:\/\/rasa.bio\/veikals\/sejas-masaza-majas-apstaklos\/#primaryimage"},"image":{"@id":"https:\/\/rasa.bio\/veikals\/sejas-masaza-majas-apstaklos\/#primaryimage"},"thumbnailUrl":"https:\/\/rasa.bio\/wp-content\/uploads\/2024\/05\/M_S-Skincare-Face-Oils.jpeg","datePublished":"2024-05-28T11:36:32+00:00","dateModified":"2026-01-11T11:43:27+00:00","description":"Uzzini, kas ir t\u0101s kust\u012bbas, sejas mas\u0101\u017eas pa\u0146\u0113mieni, kurus, pielietojot ikdien\u0101, Tu vari ieg\u016bt tvirtu un vesel\u012bgu sejas \u0101du.","breadcrumb":{"@id":"https:\/\/rasa.bio\/veikals\/sejas-masaza-majas-apstaklos\/#breadcrumb"},"inLanguage":"en-GB","potentialAction":[{"@type":"ReadAction","target":["https:\/\/rasa.bio\/veikals\/sejas-masaza-majas-apstaklos\/"]}]},{"@type":"ImageObject","inLanguage":"en-GB","@id":"https:\/\/rasa.bio\/veikals\/sejas-masaza-majas-apstaklos\/#primaryimage","url":"https:\/\/rasa.bio\/wp-content\/uploads\/2024\/05\/M_S-Skincare-Face-Oils.jpeg","contentUrl":"https:\/\/rasa.bio\/wp-content\/uploads\/2024\/05\/M_S-Skincare-Face-Oils.jpeg","width":564,"height":712},{"@type":"BreadcrumbList","@id":"https:\/\/rasa.bio\/veikals\/sejas-masaza-majas-apstaklos\/#breadcrumb","itemListElement":[{"@type":"ListItem","position":1,"name":"Veikals","item":"https:\/\/rasa.bio\/veikals\/"},{"@type":"ListItem","position":2,"name":"Sejas mas\u0101\u017ea m\u0101jas apst\u0101k\u013cos &#8211; pam\u0101c\u012bba no manu\u0101l\u0101s sejas model\u0113t\u0101jas"}]},{"@type":"WebSite","@id":"https:\/\/rasa.bio\/#website","url":"https:\/\/rasa.bio\/","name":"RASA Botanicals","description":"","publisher":{"@id":"https:\/\/rasa.bio\/#organization"},"potentialAction":[{"@type":"SearchAction","target":{"@type":"EntryPoint","urlTemplate":"https:\/\/rasa.bio\/?s={search_term_string}"},"query-input":{"@type":"PropertyValueSpecification","valueRequired":true,"valueName":"search_term_string"}}],"inLanguage":"en-GB"},{"@type":"Organization","@id":"https:\/\/rasa.bio\/#organization","name":"RASA Botanicals","url":"https:\/\/rasa.bio\/","logo":{"@type":"ImageObject","inLanguage":"en-GB","@id":"https:\/\/rasa.bio\/#\/schema\/logo\/image\/","url":"https:\/\/rasa.bio\/wp-content\/uploads\/2021\/06\/RASA-logo.svg","contentUrl":"https:\/\/rasa.bio\/wp-content\/uploads\/2021\/06\/RASA-logo.svg","width":246,"height":302,"caption":"RASA Botanicals"},"image":{"@id":"https:\/\/rasa.bio\/#\/schema\/logo\/image\/"}}]}},"_links":{"self":[{"href":"https:\/\/rasa.bio\/en\/wp-json\/wp\/v2\/product\/4420","targetHints":{"allow":["GET"]}}],"collection":[{"href":"https:\/\/rasa.bio\/en\/wp-json\/wp\/v2\/product"}],"about":[{"href":"https:\/\/rasa.bio\/en\/wp-json\/wp\/v2\/types\/product"}],"version-history":[{"count":3,"href":"https:\/\/rasa.bio\/en\/wp-json\/wp\/v2\/product\/4420\/revisions"}],"predecessor-version":[{"id":4433,"href":"https:\/\/rasa.bio\/en\/wp-json\/wp\/v2\/product\/4420\/revisions\/4433"}],"wp:featuredmedia":[{"embeddable":true,"href":"https:\/\/rasa.bio\/en\/wp-json\/wp\/v2\/media\/4421"}],"wp:attachment":[{"href":"https:\/\/rasa.bio\/en\/wp-json\/wp\/v2\/media?parent=4420"}],"wp:term":[{"taxonomy":"product_brand","embeddable":true,"href":"https:\/\/rasa.bio\/en\/wp-json\/wp\/v2\/product_brand?post=4420"},{"taxonomy":"product_cat","embeddable":true,"href":"https:\/\/rasa.bio\/en\/wp-json\/wp\/v2\/product_cat?post=4420"},{"taxonomy":"product_tag","embeddable":true,"href":"https:\/\/rasa.bio\/en\/wp-json\/wp\/v2\/product_tag?post=4420"}],"curies":[{"name":"wp","href":"https:\/\/api.w.org\/{rel}","templated":true}]}}