{"id":4413,"date":"2024-05-28T14:27:17","date_gmt":"2024-05-28T11:27:17","guid":{"rendered":"https:\/\/rasa.bio\/?post_type=product&#038;p=4413"},"modified":"2026-01-11T13:43:00","modified_gmt":"2026-01-11T11:43:00","slug":"izvelies-matu-kopsanas-produktus-gudri","status":"publish","type":"product","link":"https:\/\/rasa.bio\/en\/veikals\/izvelies-matu-kopsanas-produktus-gudri\/","title":{"rendered":"Izv\u0113lies matu kop\u0161anas produktus gudri &#8211; saruna ar kosm\u0113tikas \u0137\u012bmi\u0137i"},"content":{"rendered":"<p><span style=\"font-weight: 400;\">Saruna par matu kop\u0161anas produktu sast\u0101viem ar <\/span><b>Dr.sc.ing. Zani Grigali-Soro\u010dinu<\/b><span style=\"font-weight: 400;\">.<\/span><\/p>\n<ul>\n<li><span style=\"font-weight: 400;\"> Izejvielas, no kur\u0101m ieteicams izvair\u012bties.<\/span><\/li>\n<li><span style=\"font-weight: 400;\"> Izejvielas, kuras mekl\u0113t produktu sast\u0101vos. <\/span><\/li>\n<li><span style=\"font-weight: 400;\">Da\u017e\u0101du matu kop\u0161anas produktu sast\u0101vu anal\u012bze. <\/span><\/li>\n<li><span style=\"font-weight: 400;\">Kosm\u0113tisko produktu rekomend\u0101cijas<\/span><\/li>\n<\/ul>","protected":false},"excerpt":{"rendered":"<p><strong>Ne\u013cauj m\u0101rketinga trikiem sevi maldin\u0101t! Spried par produkta kvalit\u0101ti nevis p\u0113c ra\u017eot\u0101ja sol\u012bjumiem, bet gan re\u0101lajiem faktiem, ko produkts un t\u0101 eti\u0137ete pasaka!\u00a0<\/strong><\/p>\n<p>Ieg\u0101d\u0101joties \u0161o kursu, kuru vad\u012bja kosm\u0113tikas \u0137\u012bmi\u0137e, ar 14 gadu pieredzi , Zane Grigale &#8211; Soro\u010dina,\u00a0 Tu ieg\u016bsi atbildi uz \u0161\u0101diem jaut\u0101jumiem:<\/p>\n<ul>\n<li>No k\u0101 izvair\u012bties kosm\u0113tisko produktu sast\u0101v\u0101;<\/li>\n<li>Kas ir t\u0101s izejvielas, kuras kait\u0113 Tavas \u0101das vesel\u012bgumam;<\/li>\n<li>Kuri ir tie produkti, kuri Tavai \u0101dai dar\u012bs tikai un vien\u012bgi labu;<\/li>\n<li>K\u0101dus pa\u0146\u0113mienus ikdien\u0101 izmanto kosm\u0113tikas \u0137\u012bmi\u0137e, lai saglab\u0101tu jaunekl\u012bgu izskatu;<\/li>\n<li>Citi jaut\u0101jumi un atbildes.<\/li>\n<\/ul>\n<p><em>Sarunas ilgums &#8211; aptuveni 1h.\u00a0<\/em><\/p>\n<p>Ieg\u0101d\u0101joties \u0161o produktu, m\u0113s ar Tevi sazin\u0101simies un\u00a0 \u00a0e-past\u0101 nos\u016bt\u012bsim piek\u013cuvi sarunai.<\/p>\n<p><strong>R\u016bp\u0113m par savu \u0101du ir j\u0101b\u016bt regul\u0101r\u0101m. Aicin\u0101m Tevi ne tikai dar\u012bt to, bet gan ar\u012b DAR\u012aT GUDRI!<\/strong><\/p>","protected":false},"featured_media":5170,"template":"","meta":{"site-sidebar-layout":"default","site-content-layout":"","ast-site-content-layout":"default","site-content-style":"default","site-sidebar-style":"default","ast-global-header-display":"","ast-banner-title-visibility":"","ast-main-header-display":"","ast-hfb-above-header-display":"","ast-hfb-below-header-display":"","ast-hfb-mobile-header-display":"","site-post-title":"","ast-breadcrumbs-content":"","ast-featured-img":"","footer-sml-layout":"","ast-disable-related-posts":"","theme-transparent-header-meta":"default","adv-header-id-meta":"","stick-header-meta":"","header-above-stick-meta":"","header-main-stick-meta":"","header-below-stick-meta":"","astra-migrate-meta-layouts":"set","ast-page-background-enabled":"default","ast-page-background-meta":{"desktop":{"background-color":"","background-image":"","background-repeat":"repeat","background-position":"center center","background-size":"auto","background-attachment":"scroll","background-type":"","background-media":"","overlay-type":"","overlay-color":"","overlay-opacity":"","overlay-gradient":""},"tablet":{"background-color":"","background-image":"","background-repeat":"repeat","background-position":"center center","background-size":"auto","background-attachment":"scroll","background-type":"","background-media":"","overlay-type":"","overlay-color":"","overlay-opacity":"","overlay-gradient":""},"mobile":{"background-color":"","background-image":"","background-repeat":"repeat","background-position":"center center","background-size":"auto","background-attachment":"scroll","background-type":"","background-media":"","overlay-type":"","overlay-color":"","overlay-opacity":"","overlay-gradient":""}},"ast-content-background-meta":{"desktop":{"background-color":"var(--ast-global-color-5)","background-image":"","background-repeat":"repeat","background-position":"center center","background-size":"auto","background-attachment":"scroll","background-type":"","background-media":"","overlay-type":"","overlay-color":"","overlay-opacity":"","overlay-gradient":""},"tablet":{"background-color":"var(--ast-global-color-5)","background-image":"","background-repeat":"repeat","background-position":"center center","background-size":"auto","background-attachment":"scroll","background-type":"","background-media":"","overlay-type":"","overlay-color":"","overlay-opacity":"","overlay-gradient":""},"mobile":{"background-color":"var(--ast-global-color-5)","background-image":"","background-repeat":"repeat","background-position":"center center","background-size":"auto","background-attachment":"scroll","background-type":"","background-media":"","overlay-type":"","overlay-color":"","overlay-opacity":"","overlay-gradient":""}}},"product_brand":[],"product_cat":[78],"product_tag":[],"class_list":{"0":"post-4413","1":"product","2":"type-product","3":"status-publish","4":"has-post-thumbnail","6":"product_cat-kursi-izaicinajumi","7":"desktop-align-left","8":"tablet-align-left","9":"mobile-align-left","11":"first","12":"instock","13":"virtual","14":"taxable","15":"purchasable","16":"product-type-simple"},"yoast_head":"<!-- This site is optimized with the Yoast SEO plugin v27.3 - https:\/\/yoast.com\/product\/yoast-seo-wordpress\/ -->\n<title>Izv\u0113lies matu kop\u0161anas produktus gudri - saruna ar kosm\u0113tikas \u0137\u012bmi\u0137i - RASA Botanicals<\/title>\n<meta name=\"description\" content=\"Ne\u013cauj m\u0101rketinga trikiem sevi maldin\u0101t! Spried par produkta kvalit\u0101ti nevis p\u0113c ra\u017eot\u0101ja sol\u012bjumiem, bet gan p\u0113c t\u0101 re\u0101l\u0101 sast\u0101va! K\u0101 - uzzini sarun\u0101!\" \/>\n<meta name=\"robots\" content=\"index, follow, max-snippet:-1, max-image-preview:large, max-video-preview:-1\" \/>\n<link rel=\"canonical\" href=\"https:\/\/rasa.bio\/en\/veikals\/izvelies-matu-kopsanas-produktus-gudri\/\" \/>\n<meta property=\"og:locale\" content=\"en_GB\" \/>\n<meta property=\"og:type\" content=\"article\" \/>\n<meta property=\"og:title\" content=\"Izv\u0113lies matu kop\u0161anas produktus gudri - saruna ar kosm\u0113tikas \u0137\u012bmi\u0137i - RASA Botanicals\" \/>\n<meta property=\"og:description\" content=\"Ne\u013cauj m\u0101rketinga trikiem sevi maldin\u0101t! Spried par produkta kvalit\u0101ti nevis p\u0113c ra\u017eot\u0101ja sol\u012bjumiem, bet gan p\u0113c t\u0101 re\u0101l\u0101 sast\u0101va! K\u0101 - uzzini sarun\u0101!\" \/>\n<meta property=\"og:url\" content=\"https:\/\/rasa.bio\/en\/veikals\/izvelies-matu-kopsanas-produktus-gudri\/\" \/>\n<meta property=\"og:site_name\" content=\"RASA Botanicals\" \/>\n<meta property=\"article:modified_time\" content=\"2026-01-11T11:43:00+00:00\" \/>\n<meta property=\"og:image\" content=\"https:\/\/rasa.bio\/wp-content\/uploads\/2024\/05\/Nourish-your-hair-scalp-and-mind-with-Conscias-waterless-shampoo-and-conditioner-stones.jpeg\" \/>\n\t<meta property=\"og:image:width\" content=\"736\" \/>\n\t<meta property=\"og:image:height\" content=\"981\" \/>\n\t<meta property=\"og:image:type\" content=\"image\/jpeg\" \/>\n<meta name=\"twitter:card\" content=\"summary_large_image\" \/>\n<script type=\"application\/ld+json\" class=\"yoast-schema-graph\">{\"@context\":\"https:\\\/\\\/schema.org\",\"@graph\":[{\"@type\":\"WebPage\",\"@id\":\"https:\\\/\\\/rasa.bio\\\/veikals\\\/izvelies-matu-kopsanas-produktus-gudri\\\/\",\"url\":\"https:\\\/\\\/rasa.bio\\\/veikals\\\/izvelies-matu-kopsanas-produktus-gudri\\\/\",\"name\":\"Izv\u0113lies matu kop\u0161anas produktus gudri - saruna ar kosm\u0113tikas \u0137\u012bmi\u0137i - RASA Botanicals\",\"isPartOf\":{\"@id\":\"https:\\\/\\\/rasa.bio\\\/#website\"},\"primaryImageOfPage\":{\"@id\":\"https:\\\/\\\/rasa.bio\\\/veikals\\\/izvelies-matu-kopsanas-produktus-gudri\\\/#primaryimage\"},\"image\":{\"@id\":\"https:\\\/\\\/rasa.bio\\\/veikals\\\/izvelies-matu-kopsanas-produktus-gudri\\\/#primaryimage\"},\"thumbnailUrl\":\"https:\\\/\\\/rasa.bio\\\/wp-content\\\/uploads\\\/2024\\\/05\\\/Nourish-your-hair-scalp-and-mind-with-Conscias-waterless-shampoo-and-conditioner-stones.jpeg\",\"datePublished\":\"2024-05-28T11:27:17+00:00\",\"dateModified\":\"2026-01-11T11:43:00+00:00\",\"description\":\"Ne\u013cauj m\u0101rketinga trikiem sevi maldin\u0101t! Spried par produkta kvalit\u0101ti nevis p\u0113c ra\u017eot\u0101ja sol\u012bjumiem, bet gan p\u0113c t\u0101 re\u0101l\u0101 sast\u0101va! K\u0101 - uzzini sarun\u0101!\",\"breadcrumb\":{\"@id\":\"https:\\\/\\\/rasa.bio\\\/veikals\\\/izvelies-matu-kopsanas-produktus-gudri\\\/#breadcrumb\"},\"inLanguage\":\"en-GB\",\"potentialAction\":[{\"@type\":\"ReadAction\",\"target\":[\"https:\\\/\\\/rasa.bio\\\/veikals\\\/izvelies-matu-kopsanas-produktus-gudri\\\/\"]}]},{\"@type\":\"ImageObject\",\"inLanguage\":\"en-GB\",\"@id\":\"https:\\\/\\\/rasa.bio\\\/veikals\\\/izvelies-matu-kopsanas-produktus-gudri\\\/#primaryimage\",\"url\":\"https:\\\/\\\/rasa.bio\\\/wp-content\\\/uploads\\\/2024\\\/05\\\/Nourish-your-hair-scalp-and-mind-with-Conscias-waterless-shampoo-and-conditioner-stones.jpeg\",\"contentUrl\":\"https:\\\/\\\/rasa.bio\\\/wp-content\\\/uploads\\\/2024\\\/05\\\/Nourish-your-hair-scalp-and-mind-with-Conscias-waterless-shampoo-and-conditioner-stones.jpeg\",\"width\":736,\"height\":981},{\"@type\":\"BreadcrumbList\",\"@id\":\"https:\\\/\\\/rasa.bio\\\/veikals\\\/izvelies-matu-kopsanas-produktus-gudri\\\/#breadcrumb\",\"itemListElement\":[{\"@type\":\"ListItem\",\"position\":1,\"name\":\"Veikals\",\"item\":\"https:\\\/\\\/rasa.bio\\\/veikals\\\/\"},{\"@type\":\"ListItem\",\"position\":2,\"name\":\"Izv\u0113lies matu kop\u0161anas produktus gudri &#8211; saruna ar kosm\u0113tikas \u0137\u012bmi\u0137i\"}]},{\"@type\":\"WebSite\",\"@id\":\"https:\\\/\\\/rasa.bio\\\/#website\",\"url\":\"https:\\\/\\\/rasa.bio\\\/\",\"name\":\"RASA Botanicals\",\"description\":\"\",\"publisher\":{\"@id\":\"https:\\\/\\\/rasa.bio\\\/#organization\"},\"potentialAction\":[{\"@type\":\"SearchAction\",\"target\":{\"@type\":\"EntryPoint\",\"urlTemplate\":\"https:\\\/\\\/rasa.bio\\\/?s={search_term_string}\"},\"query-input\":{\"@type\":\"PropertyValueSpecification\",\"valueRequired\":true,\"valueName\":\"search_term_string\"}}],\"inLanguage\":\"en-GB\"},{\"@type\":\"Organization\",\"@id\":\"https:\\\/\\\/rasa.bio\\\/#organization\",\"name\":\"RASA Botanicals\",\"url\":\"https:\\\/\\\/rasa.bio\\\/\",\"logo\":{\"@type\":\"ImageObject\",\"inLanguage\":\"en-GB\",\"@id\":\"https:\\\/\\\/rasa.bio\\\/#\\\/schema\\\/logo\\\/image\\\/\",\"url\":\"https:\\\/\\\/rasa.bio\\\/wp-content\\\/uploads\\\/2021\\\/06\\\/RASA-logo.svg\",\"contentUrl\":\"https:\\\/\\\/rasa.bio\\\/wp-content\\\/uploads\\\/2021\\\/06\\\/RASA-logo.svg\",\"width\":246,\"height\":302,\"caption\":\"RASA Botanicals\"},\"image\":{\"@id\":\"https:\\\/\\\/rasa.bio\\\/#\\\/schema\\\/logo\\\/image\\\/\"}}]}<\/script>\n<!-- \/ Yoast SEO plugin. -->","yoast_head_json":{"title":"Izv\u0113lies matu kop\u0161anas produktus gudri - saruna ar kosm\u0113tikas \u0137\u012bmi\u0137i - RASA Botanicals","description":"Ne\u013cauj m\u0101rketinga trikiem sevi maldin\u0101t! Spried par produkta kvalit\u0101ti nevis p\u0113c ra\u017eot\u0101ja sol\u012bjumiem, bet gan p\u0113c t\u0101 re\u0101l\u0101 sast\u0101va! K\u0101 - uzzini sarun\u0101!","robots":{"index":"index","follow":"follow","max-snippet":"max-snippet:-1","max-image-preview":"max-image-preview:large","max-video-preview":"max-video-preview:-1"},"canonical":"https:\/\/rasa.bio\/en\/veikals\/izvelies-matu-kopsanas-produktus-gudri\/","og_locale":"en_GB","og_type":"article","og_title":"Izv\u0113lies matu kop\u0161anas produktus gudri - saruna ar kosm\u0113tikas \u0137\u012bmi\u0137i - RASA Botanicals","og_description":"Ne\u013cauj m\u0101rketinga trikiem sevi maldin\u0101t! Spried par produkta kvalit\u0101ti nevis p\u0113c ra\u017eot\u0101ja sol\u012bjumiem, bet gan p\u0113c t\u0101 re\u0101l\u0101 sast\u0101va! K\u0101 - uzzini sarun\u0101!","og_url":"https:\/\/rasa.bio\/en\/veikals\/izvelies-matu-kopsanas-produktus-gudri\/","og_site_name":"RASA Botanicals","article_modified_time":"2026-01-11T11:43:00+00:00","og_image":[{"width":736,"height":981,"url":"https:\/\/rasa.bio\/wp-content\/uploads\/2024\/05\/Nourish-your-hair-scalp-and-mind-with-Conscias-waterless-shampoo-and-conditioner-stones.jpeg","type":"image\/jpeg"}],"twitter_card":"summary_large_image","schema":{"@context":"https:\/\/schema.org","@graph":[{"@type":"WebPage","@id":"https:\/\/rasa.bio\/veikals\/izvelies-matu-kopsanas-produktus-gudri\/","url":"https:\/\/rasa.bio\/veikals\/izvelies-matu-kopsanas-produktus-gudri\/","name":"Izv\u0113lies matu kop\u0161anas produktus gudri - saruna ar kosm\u0113tikas \u0137\u012bmi\u0137i - RASA Botanicals","isPartOf":{"@id":"https:\/\/rasa.bio\/#website"},"primaryImageOfPage":{"@id":"https:\/\/rasa.bio\/veikals\/izvelies-matu-kopsanas-produktus-gudri\/#primaryimage"},"image":{"@id":"https:\/\/rasa.bio\/veikals\/izvelies-matu-kopsanas-produktus-gudri\/#primaryimage"},"thumbnailUrl":"https:\/\/rasa.bio\/wp-content\/uploads\/2024\/05\/Nourish-your-hair-scalp-and-mind-with-Conscias-waterless-shampoo-and-conditioner-stones.jpeg","datePublished":"2024-05-28T11:27:17+00:00","dateModified":"2026-01-11T11:43:00+00:00","description":"Ne\u013cauj m\u0101rketinga trikiem sevi maldin\u0101t! Spried par produkta kvalit\u0101ti nevis p\u0113c ra\u017eot\u0101ja sol\u012bjumiem, bet gan p\u0113c t\u0101 re\u0101l\u0101 sast\u0101va! K\u0101 - uzzini sarun\u0101!","breadcrumb":{"@id":"https:\/\/rasa.bio\/veikals\/izvelies-matu-kopsanas-produktus-gudri\/#breadcrumb"},"inLanguage":"en-GB","potentialAction":[{"@type":"ReadAction","target":["https:\/\/rasa.bio\/veikals\/izvelies-matu-kopsanas-produktus-gudri\/"]}]},{"@type":"ImageObject","inLanguage":"en-GB","@id":"https:\/\/rasa.bio\/veikals\/izvelies-matu-kopsanas-produktus-gudri\/#primaryimage","url":"https:\/\/rasa.bio\/wp-content\/uploads\/2024\/05\/Nourish-your-hair-scalp-and-mind-with-Conscias-waterless-shampoo-and-conditioner-stones.jpeg","contentUrl":"https:\/\/rasa.bio\/wp-content\/uploads\/2024\/05\/Nourish-your-hair-scalp-and-mind-with-Conscias-waterless-shampoo-and-conditioner-stones.jpeg","width":736,"height":981},{"@type":"BreadcrumbList","@id":"https:\/\/rasa.bio\/veikals\/izvelies-matu-kopsanas-produktus-gudri\/#breadcrumb","itemListElement":[{"@type":"ListItem","position":1,"name":"Veikals","item":"https:\/\/rasa.bio\/veikals\/"},{"@type":"ListItem","position":2,"name":"Izv\u0113lies matu kop\u0161anas produktus gudri &#8211; saruna ar kosm\u0113tikas \u0137\u012bmi\u0137i"}]},{"@type":"WebSite","@id":"https:\/\/rasa.bio\/#website","url":"https:\/\/rasa.bio\/","name":"RASA Botanicals","description":"","publisher":{"@id":"https:\/\/rasa.bio\/#organization"},"potentialAction":[{"@type":"SearchAction","target":{"@type":"EntryPoint","urlTemplate":"https:\/\/rasa.bio\/?s={search_term_string}"},"query-input":{"@type":"PropertyValueSpecification","valueRequired":true,"valueName":"search_term_string"}}],"inLanguage":"en-GB"},{"@type":"Organization","@id":"https:\/\/rasa.bio\/#organization","name":"RASA Botanicals","url":"https:\/\/rasa.bio\/","logo":{"@type":"ImageObject","inLanguage":"en-GB","@id":"https:\/\/rasa.bio\/#\/schema\/logo\/image\/","url":"https:\/\/rasa.bio\/wp-content\/uploads\/2021\/06\/RASA-logo.svg","contentUrl":"https:\/\/rasa.bio\/wp-content\/uploads\/2021\/06\/RASA-logo.svg","width":246,"height":302,"caption":"RASA Botanicals"},"image":{"@id":"https:\/\/rasa.bio\/#\/schema\/logo\/image\/"}}]}},"_links":{"self":[{"href":"https:\/\/rasa.bio\/en\/wp-json\/wp\/v2\/product\/4413","targetHints":{"allow":["GET"]}}],"collection":[{"href":"https:\/\/rasa.bio\/en\/wp-json\/wp\/v2\/product"}],"about":[{"href":"https:\/\/rasa.bio\/en\/wp-json\/wp\/v2\/types\/product"}],"version-history":[{"count":4,"href":"https:\/\/rasa.bio\/en\/wp-json\/wp\/v2\/product\/4413\/revisions"}],"predecessor-version":[{"id":5171,"href":"https:\/\/rasa.bio\/en\/wp-json\/wp\/v2\/product\/4413\/revisions\/5171"}],"wp:featuredmedia":[{"embeddable":true,"href":"https:\/\/rasa.bio\/en\/wp-json\/wp\/v2\/media\/5170"}],"wp:attachment":[{"href":"https:\/\/rasa.bio\/en\/wp-json\/wp\/v2\/media?parent=4413"}],"wp:term":[{"taxonomy":"product_brand","embeddable":true,"href":"https:\/\/rasa.bio\/en\/wp-json\/wp\/v2\/product_brand?post=4413"},{"taxonomy":"product_cat","embeddable":true,"href":"https:\/\/rasa.bio\/en\/wp-json\/wp\/v2\/product_cat?post=4413"},{"taxonomy":"product_tag","embeddable":true,"href":"https:\/\/rasa.bio\/en\/wp-json\/wp\/v2\/product_tag?post=4413"}],"curies":[{"name":"wp","href":"https:\/\/api.w.org\/{rel}","templated":true}]}}