{"id":4408,"date":"2024-05-28T14:18:21","date_gmt":"2024-05-28T11:18:21","guid":{"rendered":"https:\/\/rasa.bio\/?post_type=product&#038;p=4408"},"modified":"2026-01-11T13:43:57","modified_gmt":"2026-01-11T11:43:57","slug":"pasarga-adu-no-saules-gudri-saruna","status":"publish","type":"product","link":"https:\/\/rasa.bio\/en\/veikals\/pasarga-adu-no-saules-gudri-saruna\/","title":{"rendered":"Pasarg\u0101 \u0101du no saules gudri &#8211; saruna ar kosm\u0113tikas \u0137\u012bmi\u0137i"},"content":{"rendered":"<p><strong> Spried par produkta kvalit\u0101ti nevis p\u0113c ra\u017eot\u0101ja sol\u012bjumiem, bet gan re\u0101lajiem faktiem, ko produkts un t\u0101 eti\u0137ete pasaka!<\/strong><\/p>\n<p><strong>K\u0101 pasarg\u0101t savu \u0101du no saules negat\u012bv\u0101s ietekmes?<\/strong> \u0160\u012bs sarunas laik\u0101 b\u016bs iesp\u0113jams uzzin\u0101t piln\u012bgi visu par un ap saules aizsargkr\u0113mu lieto\u0161anu. K\u0101 piem\u0113ram \u2013 vai tie\u0161\u0101m SPF kr\u0113mi, ar liel\u0101ku skaitli uz iepakojuma, nodro\u0161ina liel\u0101ku \u0101das aizsardz\u012bbu? Kas ir tas, ko dermatologi Tev nest\u0101sta? Kas ir UVA un UVB aizsardz\u012bba? Cik \u013coti saules starojums kait\u0113 Tavai \u0101dai? K\u0101dus, konkr\u0113ti,\u00a0 SPF kr\u0113mus izv\u0113l\u0113ties?<\/p>","protected":false},"excerpt":{"rendered":"<p><strong>Ne\u013cauj m\u0101rketinga trikiem sevi maldin\u0101t! Spried par produkta kvalit\u0101ti nevis p\u0113c ra\u017eot\u0101ja sol\u012bjumiem, bet gan re\u0101lajiem faktiem, ko produkts un t\u0101 eti\u0137ete pasaka!\u00a0<\/strong><\/p>\n<p>Ieg\u0101d\u0101joties \u0161o kursu, kuru vad\u012bja kosm\u0113tikas \u0137\u012bmi\u0137e, ar 14 gadu pieredzi , Zane Grigale &#8211; Soro\u010dina,\u00a0 Tu ieg\u016bsi atbildi uz \u0161\u0101diem jaut\u0101jumiem:<\/p>\n<ul>\n<li>K\u0101d\u0113\u013c b\u016btu ieteicams priek\u0161roku dot SPF 15 kr\u0113mam, nevis SPF 50;<\/li>\n<li>Kas ir UVA un UVB aizsardz\u012bba;<\/li>\n<li>K\u0101ds ir vispiem\u0113rot\u0101kais SPF kr\u0113ma veids, kuru Tev izv\u0113l\u0113ties;<\/li>\n<li>No k\u0101 izvair\u012bties \u0161o kr\u0113mu sast\u0101v\u0101;<\/li>\n<li>Cik bie\u017ei ir j\u0101atjauno saules aizsardz\u012bbas kr\u0113ms, lai b\u016btu dro\u0161s par to, ka tas pilda savu funkciju;<\/li>\n<li>un daudz citi jaut\u0101jumi un atbildes.<\/li>\n<\/ul>\n<p><em>Sarunas ilgums &#8211; aptuveni 1h.\u00a0<\/em><\/p>\n<p>Ieg\u0101d\u0101joties \u0161o produktu, m\u0113s ar Tevi sazin\u0101simies un\u00a0 e-past\u0101 nos\u016bt\u012bsim piek\u013cuvi sarunai.<\/p>\n<p><strong>SPF kr\u0113ms ir j\u0101lieto KATRU DIENU. Aicin\u0101m Tevi ne tikai dar\u012bt to, bet gan ar\u012b DAR\u012aT GUDRI!<\/strong><\/p>","protected":false},"featured_media":4410,"template":"","meta":{"site-sidebar-layout":"default","site-content-layout":"","ast-site-content-layout":"default","site-content-style":"default","site-sidebar-style":"default","ast-global-header-display":"","ast-banner-title-visibility":"","ast-main-header-display":"","ast-hfb-above-header-display":"","ast-hfb-below-header-display":"","ast-hfb-mobile-header-display":"","site-post-title":"","ast-breadcrumbs-content":"","ast-featured-img":"","footer-sml-layout":"","ast-disable-related-posts":"","theme-transparent-header-meta":"default","adv-header-id-meta":"","stick-header-meta":"","header-above-stick-meta":"","header-main-stick-meta":"","header-below-stick-meta":"","astra-migrate-meta-layouts":"set","ast-page-background-enabled":"default","ast-page-background-meta":{"desktop":{"background-color":"","background-image":"","background-repeat":"repeat","background-position":"center center","background-size":"auto","background-attachment":"scroll","background-type":"","background-media":"","overlay-type":"","overlay-color":"","overlay-opacity":"","overlay-gradient":""},"tablet":{"background-color":"","background-image":"","background-repeat":"repeat","background-position":"center center","background-size":"auto","background-attachment":"scroll","background-type":"","background-media":"","overlay-type":"","overlay-color":"","overlay-opacity":"","overlay-gradient":""},"mobile":{"background-color":"","background-image":"","background-repeat":"repeat","background-position":"center center","background-size":"auto","background-attachment":"scroll","background-type":"","background-media":"","overlay-type":"","overlay-color":"","overlay-opacity":"","overlay-gradient":""}},"ast-content-background-meta":{"desktop":{"background-color":"var(--ast-global-color-5)","background-image":"","background-repeat":"repeat","background-position":"center center","background-size":"auto","background-attachment":"scroll","background-type":"","background-media":"","overlay-type":"","overlay-color":"","overlay-opacity":"","overlay-gradient":""},"tablet":{"background-color":"var(--ast-global-color-5)","background-image":"","background-repeat":"repeat","background-position":"center center","background-size":"auto","background-attachment":"scroll","background-type":"","background-media":"","overlay-type":"","overlay-color":"","overlay-opacity":"","overlay-gradient":""},"mobile":{"background-color":"var(--ast-global-color-5)","background-image":"","background-repeat":"repeat","background-position":"center center","background-size":"auto","background-attachment":"scroll","background-type":"","background-media":"","overlay-type":"","overlay-color":"","overlay-opacity":"","overlay-gradient":""}}},"product_brand":[],"product_cat":[78],"product_tag":[],"class_list":{"0":"post-4408","1":"product","2":"type-product","3":"status-publish","4":"has-post-thumbnail","6":"product_cat-kursi-izaicinajumi","7":"desktop-align-left","8":"tablet-align-left","9":"mobile-align-left","11":"first","12":"instock","13":"virtual","14":"taxable","15":"purchasable","16":"product-type-simple"},"yoast_head":"<!-- This site is optimized with the Yoast SEO plugin v27.3 - https:\/\/yoast.com\/product\/yoast-seo-wordpress\/ -->\n<title>Pasarg\u0101 \u0101du no saules gudri - saruna ar kosm\u0113tikas \u0137\u012bmi\u0137i - RASA Botanicals<\/title>\n<meta name=\"description\" content=\"Ne\u013cauj m\u0101rketinga trikiem sevi maldin\u0101t! Uzzini visu par un ap savas \u0101das pasarg\u0101\u0161anu no negat\u012bv\u0101s saules ietekmes, nodro\u0161inot t\u0101s vesel\u012bgumu ilgtermi\u0146\u0101!\" \/>\n<meta name=\"robots\" content=\"index, follow, max-snippet:-1, max-image-preview:large, max-video-preview:-1\" \/>\n<link rel=\"canonical\" href=\"https:\/\/rasa.bio\/en\/veikals\/pasarga-adu-no-saules-gudri-saruna\/\" \/>\n<meta property=\"og:locale\" content=\"en_GB\" \/>\n<meta property=\"og:type\" content=\"article\" \/>\n<meta property=\"og:title\" content=\"Pasarg\u0101 \u0101du no saules gudri - saruna ar kosm\u0113tikas \u0137\u012bmi\u0137i - RASA Botanicals\" \/>\n<meta property=\"og:description\" content=\"Ne\u013cauj m\u0101rketinga trikiem sevi maldin\u0101t! Uzzini visu par un ap savas \u0101das pasarg\u0101\u0161anu no negat\u012bv\u0101s saules ietekmes, nodro\u0161inot t\u0101s vesel\u012bgumu ilgtermi\u0146\u0101!\" \/>\n<meta property=\"og:url\" content=\"https:\/\/rasa.bio\/en\/veikals\/pasarga-adu-no-saules-gudri-saruna\/\" \/>\n<meta property=\"og:site_name\" content=\"RASA Botanicals\" \/>\n<meta property=\"article:modified_time\" content=\"2026-01-11T11:43:57+00:00\" \/>\n<meta property=\"og:image\" content=\"https:\/\/rasa.bio\/wp-content\/uploads\/2024\/05\/Sunscreen-lotion-1.jpeg\" \/>\n\t<meta property=\"og:image:width\" content=\"736\" \/>\n\t<meta property=\"og:image:height\" content=\"1514\" \/>\n\t<meta property=\"og:image:type\" content=\"image\/jpeg\" \/>\n<meta name=\"twitter:card\" content=\"summary_large_image\" \/>\n<meta name=\"twitter:label1\" content=\"Estimated reading time\" \/>\n\t<meta name=\"twitter:data1\" content=\"1 minute\" \/>\n<script type=\"application\/ld+json\" class=\"yoast-schema-graph\">{\"@context\":\"https:\\\/\\\/schema.org\",\"@graph\":[{\"@type\":\"WebPage\",\"@id\":\"https:\\\/\\\/rasa.bio\\\/veikals\\\/pasarga-adu-no-saules-gudri-saruna\\\/\",\"url\":\"https:\\\/\\\/rasa.bio\\\/veikals\\\/pasarga-adu-no-saules-gudri-saruna\\\/\",\"name\":\"Pasarg\u0101 \u0101du no saules gudri - saruna ar kosm\u0113tikas \u0137\u012bmi\u0137i - RASA Botanicals\",\"isPartOf\":{\"@id\":\"https:\\\/\\\/rasa.bio\\\/#website\"},\"primaryImageOfPage\":{\"@id\":\"https:\\\/\\\/rasa.bio\\\/veikals\\\/pasarga-adu-no-saules-gudri-saruna\\\/#primaryimage\"},\"image\":{\"@id\":\"https:\\\/\\\/rasa.bio\\\/veikals\\\/pasarga-adu-no-saules-gudri-saruna\\\/#primaryimage\"},\"thumbnailUrl\":\"https:\\\/\\\/rasa.bio\\\/wp-content\\\/uploads\\\/2024\\\/05\\\/Sunscreen-lotion-1.jpeg\",\"datePublished\":\"2024-05-28T11:18:21+00:00\",\"dateModified\":\"2026-01-11T11:43:57+00:00\",\"description\":\"Ne\u013cauj m\u0101rketinga trikiem sevi maldin\u0101t! Uzzini visu par un ap savas \u0101das pasarg\u0101\u0161anu no negat\u012bv\u0101s saules ietekmes, nodro\u0161inot t\u0101s vesel\u012bgumu ilgtermi\u0146\u0101!\",\"breadcrumb\":{\"@id\":\"https:\\\/\\\/rasa.bio\\\/veikals\\\/pasarga-adu-no-saules-gudri-saruna\\\/#breadcrumb\"},\"inLanguage\":\"en-GB\",\"potentialAction\":[{\"@type\":\"ReadAction\",\"target\":[\"https:\\\/\\\/rasa.bio\\\/veikals\\\/pasarga-adu-no-saules-gudri-saruna\\\/\"]}]},{\"@type\":\"ImageObject\",\"inLanguage\":\"en-GB\",\"@id\":\"https:\\\/\\\/rasa.bio\\\/veikals\\\/pasarga-adu-no-saules-gudri-saruna\\\/#primaryimage\",\"url\":\"https:\\\/\\\/rasa.bio\\\/wp-content\\\/uploads\\\/2024\\\/05\\\/Sunscreen-lotion-1.jpeg\",\"contentUrl\":\"https:\\\/\\\/rasa.bio\\\/wp-content\\\/uploads\\\/2024\\\/05\\\/Sunscreen-lotion-1.jpeg\",\"width\":736,\"height\":1514},{\"@type\":\"BreadcrumbList\",\"@id\":\"https:\\\/\\\/rasa.bio\\\/veikals\\\/pasarga-adu-no-saules-gudri-saruna\\\/#breadcrumb\",\"itemListElement\":[{\"@type\":\"ListItem\",\"position\":1,\"name\":\"Veikals\",\"item\":\"https:\\\/\\\/rasa.bio\\\/veikals\\\/\"},{\"@type\":\"ListItem\",\"position\":2,\"name\":\"Pasarg\u0101 \u0101du no saules gudri &#8211; saruna ar kosm\u0113tikas \u0137\u012bmi\u0137i\"}]},{\"@type\":\"WebSite\",\"@id\":\"https:\\\/\\\/rasa.bio\\\/#website\",\"url\":\"https:\\\/\\\/rasa.bio\\\/\",\"name\":\"RASA Botanicals\",\"description\":\"\",\"publisher\":{\"@id\":\"https:\\\/\\\/rasa.bio\\\/#organization\"},\"potentialAction\":[{\"@type\":\"SearchAction\",\"target\":{\"@type\":\"EntryPoint\",\"urlTemplate\":\"https:\\\/\\\/rasa.bio\\\/?s={search_term_string}\"},\"query-input\":{\"@type\":\"PropertyValueSpecification\",\"valueRequired\":true,\"valueName\":\"search_term_string\"}}],\"inLanguage\":\"en-GB\"},{\"@type\":\"Organization\",\"@id\":\"https:\\\/\\\/rasa.bio\\\/#organization\",\"name\":\"RASA Botanicals\",\"url\":\"https:\\\/\\\/rasa.bio\\\/\",\"logo\":{\"@type\":\"ImageObject\",\"inLanguage\":\"en-GB\",\"@id\":\"https:\\\/\\\/rasa.bio\\\/#\\\/schema\\\/logo\\\/image\\\/\",\"url\":\"https:\\\/\\\/rasa.bio\\\/wp-content\\\/uploads\\\/2021\\\/06\\\/RASA-logo.svg\",\"contentUrl\":\"https:\\\/\\\/rasa.bio\\\/wp-content\\\/uploads\\\/2021\\\/06\\\/RASA-logo.svg\",\"width\":246,\"height\":302,\"caption\":\"RASA Botanicals\"},\"image\":{\"@id\":\"https:\\\/\\\/rasa.bio\\\/#\\\/schema\\\/logo\\\/image\\\/\"}}]}<\/script>\n<!-- \/ Yoast SEO plugin. -->","yoast_head_json":{"title":"Pasarg\u0101 \u0101du no saules gudri - saruna ar kosm\u0113tikas \u0137\u012bmi\u0137i - RASA Botanicals","description":"Ne\u013cauj m\u0101rketinga trikiem sevi maldin\u0101t! Uzzini visu par un ap savas \u0101das pasarg\u0101\u0161anu no negat\u012bv\u0101s saules ietekmes, nodro\u0161inot t\u0101s vesel\u012bgumu ilgtermi\u0146\u0101!","robots":{"index":"index","follow":"follow","max-snippet":"max-snippet:-1","max-image-preview":"max-image-preview:large","max-video-preview":"max-video-preview:-1"},"canonical":"https:\/\/rasa.bio\/en\/veikals\/pasarga-adu-no-saules-gudri-saruna\/","og_locale":"en_GB","og_type":"article","og_title":"Pasarg\u0101 \u0101du no saules gudri - saruna ar kosm\u0113tikas \u0137\u012bmi\u0137i - RASA Botanicals","og_description":"Ne\u013cauj m\u0101rketinga trikiem sevi maldin\u0101t! Uzzini visu par un ap savas \u0101das pasarg\u0101\u0161anu no negat\u012bv\u0101s saules ietekmes, nodro\u0161inot t\u0101s vesel\u012bgumu ilgtermi\u0146\u0101!","og_url":"https:\/\/rasa.bio\/en\/veikals\/pasarga-adu-no-saules-gudri-saruna\/","og_site_name":"RASA Botanicals","article_modified_time":"2026-01-11T11:43:57+00:00","og_image":[{"width":736,"height":1514,"url":"https:\/\/rasa.bio\/wp-content\/uploads\/2024\/05\/Sunscreen-lotion-1.jpeg","type":"image\/jpeg"}],"twitter_card":"summary_large_image","twitter_misc":{"Estimated reading time":"1 minute"},"schema":{"@context":"https:\/\/schema.org","@graph":[{"@type":"WebPage","@id":"https:\/\/rasa.bio\/veikals\/pasarga-adu-no-saules-gudri-saruna\/","url":"https:\/\/rasa.bio\/veikals\/pasarga-adu-no-saules-gudri-saruna\/","name":"Pasarg\u0101 \u0101du no saules gudri - saruna ar kosm\u0113tikas \u0137\u012bmi\u0137i - RASA Botanicals","isPartOf":{"@id":"https:\/\/rasa.bio\/#website"},"primaryImageOfPage":{"@id":"https:\/\/rasa.bio\/veikals\/pasarga-adu-no-saules-gudri-saruna\/#primaryimage"},"image":{"@id":"https:\/\/rasa.bio\/veikals\/pasarga-adu-no-saules-gudri-saruna\/#primaryimage"},"thumbnailUrl":"https:\/\/rasa.bio\/wp-content\/uploads\/2024\/05\/Sunscreen-lotion-1.jpeg","datePublished":"2024-05-28T11:18:21+00:00","dateModified":"2026-01-11T11:43:57+00:00","description":"Ne\u013cauj m\u0101rketinga trikiem sevi maldin\u0101t! Uzzini visu par un ap savas \u0101das pasarg\u0101\u0161anu no negat\u012bv\u0101s saules ietekmes, nodro\u0161inot t\u0101s vesel\u012bgumu ilgtermi\u0146\u0101!","breadcrumb":{"@id":"https:\/\/rasa.bio\/veikals\/pasarga-adu-no-saules-gudri-saruna\/#breadcrumb"},"inLanguage":"en-GB","potentialAction":[{"@type":"ReadAction","target":["https:\/\/rasa.bio\/veikals\/pasarga-adu-no-saules-gudri-saruna\/"]}]},{"@type":"ImageObject","inLanguage":"en-GB","@id":"https:\/\/rasa.bio\/veikals\/pasarga-adu-no-saules-gudri-saruna\/#primaryimage","url":"https:\/\/rasa.bio\/wp-content\/uploads\/2024\/05\/Sunscreen-lotion-1.jpeg","contentUrl":"https:\/\/rasa.bio\/wp-content\/uploads\/2024\/05\/Sunscreen-lotion-1.jpeg","width":736,"height":1514},{"@type":"BreadcrumbList","@id":"https:\/\/rasa.bio\/veikals\/pasarga-adu-no-saules-gudri-saruna\/#breadcrumb","itemListElement":[{"@type":"ListItem","position":1,"name":"Veikals","item":"https:\/\/rasa.bio\/veikals\/"},{"@type":"ListItem","position":2,"name":"Pasarg\u0101 \u0101du no saules gudri &#8211; saruna ar kosm\u0113tikas \u0137\u012bmi\u0137i"}]},{"@type":"WebSite","@id":"https:\/\/rasa.bio\/#website","url":"https:\/\/rasa.bio\/","name":"RASA Botanicals","description":"","publisher":{"@id":"https:\/\/rasa.bio\/#organization"},"potentialAction":[{"@type":"SearchAction","target":{"@type":"EntryPoint","urlTemplate":"https:\/\/rasa.bio\/?s={search_term_string}"},"query-input":{"@type":"PropertyValueSpecification","valueRequired":true,"valueName":"search_term_string"}}],"inLanguage":"en-GB"},{"@type":"Organization","@id":"https:\/\/rasa.bio\/#organization","name":"RASA Botanicals","url":"https:\/\/rasa.bio\/","logo":{"@type":"ImageObject","inLanguage":"en-GB","@id":"https:\/\/rasa.bio\/#\/schema\/logo\/image\/","url":"https:\/\/rasa.bio\/wp-content\/uploads\/2021\/06\/RASA-logo.svg","contentUrl":"https:\/\/rasa.bio\/wp-content\/uploads\/2021\/06\/RASA-logo.svg","width":246,"height":302,"caption":"RASA Botanicals"},"image":{"@id":"https:\/\/rasa.bio\/#\/schema\/logo\/image\/"}}]}},"_links":{"self":[{"href":"https:\/\/rasa.bio\/en\/wp-json\/wp\/v2\/product\/4408","targetHints":{"allow":["GET"]}}],"collection":[{"href":"https:\/\/rasa.bio\/en\/wp-json\/wp\/v2\/product"}],"about":[{"href":"https:\/\/rasa.bio\/en\/wp-json\/wp\/v2\/types\/product"}],"version-history":[{"count":8,"href":"https:\/\/rasa.bio\/en\/wp-json\/wp\/v2\/product\/4408\/revisions"}],"predecessor-version":[{"id":4428,"href":"https:\/\/rasa.bio\/en\/wp-json\/wp\/v2\/product\/4408\/revisions\/4428"}],"wp:featuredmedia":[{"embeddable":true,"href":"https:\/\/rasa.bio\/en\/wp-json\/wp\/v2\/media\/4410"}],"wp:attachment":[{"href":"https:\/\/rasa.bio\/en\/wp-json\/wp\/v2\/media?parent=4408"}],"wp:term":[{"taxonomy":"product_brand","embeddable":true,"href":"https:\/\/rasa.bio\/en\/wp-json\/wp\/v2\/product_brand?post=4408"},{"taxonomy":"product_cat","embeddable":true,"href":"https:\/\/rasa.bio\/en\/wp-json\/wp\/v2\/product_cat?post=4408"},{"taxonomy":"product_tag","embeddable":true,"href":"https:\/\/rasa.bio\/en\/wp-json\/wp\/v2\/product_tag?post=4408"}],"curies":[{"name":"wp","href":"https:\/\/api.w.org\/{rel}","templated":true}]}}