{"id":3811,"date":"2023-04-13T13:51:33","date_gmt":"2023-04-13T10:51:33","guid":{"rendered":"https:\/\/rasa.bio\/?post_type=product&#038;p=3811"},"modified":"2026-01-11T17:08:50","modified_gmt":"2026-01-11T15:08:50","slug":"skrubju-gatavosanas-meistarklase-un-sarunas-par-skaistumu","status":"publish","type":"product","link":"https:\/\/rasa.bio\/en\/veikals\/skrubju-gatavosanas-meistarklase-un-sarunas-par-skaistumu\/","title":{"rendered":"Skrubju gatavo\u0161anas meistarklase Sutros"},"content":{"rendered":"<div data-elementor-type=\"product-post\" data-elementor-id=\"3811\" class=\"elementor elementor-3811\" data-elementor-post-type=\"product\">\n\t\t\t\t\t\t<section class=\"elementor-section elementor-top-section elementor-element elementor-element-ba1c507 elementor-section-boxed elementor-section-height-default elementor-section-height-default\" data-id=\"ba1c507\" data-element_type=\"section\" data-e-type=\"section\">\n\t\t\t\t\t\t<div class=\"elementor-container elementor-column-gap-default\">\n\t\t\t\t\t<div class=\"elementor-column elementor-col-100 elementor-top-column elementor-element elementor-element-edec616\" data-id=\"edec616\" data-element_type=\"column\" data-e-type=\"column\">\n\t\t\t<div class=\"elementor-widget-wrap elementor-element-populated\">\n\t\t\t\t\t\t<div class=\"elementor-element elementor-element-aa5e81f elementor-widget elementor-widget-heading\" data-id=\"aa5e81f\" data-element_type=\"widget\" data-e-type=\"widget\" data-widget_type=\"heading.default\">\n\t\t\t\t<div class=\"elementor-widget-container\">\n\t\t\t\t\t<h2 class=\"elementor-heading-title elementor-size-default\">During the master class you will be able to:<\/h2>\t\t\t\t<\/div>\n\t\t\t\t<\/div>\n\t\t\t\t<div class=\"elementor-element elementor-element-f1740bf elementor-mobile-align-center elementor-align-start elementor-icon-list--layout-traditional elementor-list-item-link-full_width elementor-widget elementor-widget-icon-list\" data-id=\"f1740bf\" data-element_type=\"widget\" data-e-type=\"widget\" data-widget_type=\"icon-list.default\">\n\t\t\t\t<div class=\"elementor-widget-container\">\n\t\t\t\t\t\t\t<ul class=\"elementor-icon-list-items\">\n\t\t\t\t\t\t\t<li class=\"elementor-icon-list-item\">\n\t\t\t\t\t\t\t\t\t\t\t<span class=\"elementor-icon-list-icon\">\n\t\t\t\t\t\t\t<svg aria-hidden=\"true\" class=\"e-font-icon-svg e-fas-check\" viewbox=\"0 0 512 512\" xmlns=\"http:\/\/www.w3.org\/2000\/svg\"><path d=\"M173.898 439.404l-166.4-166.4c-9.997-9.997-9.997-26.206 0-36.204l36.203-36.204c9.997-9.998 26.207-9.998 36.204 0L192 312.69 432.095 72.596c9.997-9.997 26.207-9.997 36.204 0l36.203 36.204c9.997 9.997 9.997 26.206 0 36.204l-294.4 294.401c-9.998 9.997-26.207 9.997-36.204-.001z\"><\/path><\/svg>\t\t\t\t\t\t<\/span>\n\t\t\t\t\t\t\t\t\t\t<span class=\"elementor-icon-list-text\">Make yourself a scrub from Latvian herbs and sea salt!<\/span>\n\t\t\t\t\t\t\t\t\t<\/li>\n\t\t\t\t\t\t\t\t<li class=\"elementor-icon-list-item\">\n\t\t\t\t\t\t\t\t\t\t\t<span class=\"elementor-icon-list-icon\">\n\t\t\t\t\t\t\t<svg aria-hidden=\"true\" class=\"e-font-icon-svg e-fas-check\" viewbox=\"0 0 512 512\" xmlns=\"http:\/\/www.w3.org\/2000\/svg\"><path d=\"M173.898 439.404l-166.4-166.4c-9.997-9.997-9.997-26.206 0-36.204l36.203-36.204c9.997-9.998 26.207-9.998 36.204 0L192 312.69 432.095 72.596c9.997-9.997 26.207-9.997 36.204 0l36.203 36.204c9.997 9.997 9.997 26.206 0 36.204l-294.4 294.401c-9.998 9.997-26.207 9.997-36.204-.001z\"><\/path><\/svg>\t\t\t\t\t\t<\/span>\n\t\t\t\t\t\t\t\t\t\t<span class=\"elementor-icon-list-text\">Uzzin\u0101t d\u0101\u017e\u0101dus \u0101das kop\u0161anas tips&amp;tricks!<\/span>\n\t\t\t\t\t\t\t\t\t<\/li>\n\t\t\t\t\t\t\t\t<li class=\"elementor-icon-list-item\">\n\t\t\t\t\t\t\t\t\t\t\t<span class=\"elementor-icon-list-icon\">\n\t\t\t\t\t\t\t<svg aria-hidden=\"true\" class=\"e-font-icon-svg e-fas-check\" viewbox=\"0 0 512 512\" xmlns=\"http:\/\/www.w3.org\/2000\/svg\"><path d=\"M173.898 439.404l-166.4-166.4c-9.997-9.997-9.997-26.206 0-36.204l36.203-36.204c9.997-9.998 26.207-9.998 36.204 0L192 312.69 432.095 72.596c9.997-9.997 26.207-9.997 36.204 0l36.203 36.204c9.997 9.997 9.997 26.206 0 36.204l-294.4 294.401c-9.998 9.997-26.207 9.997-36.204-.001z\"><\/path><\/svg>\t\t\t\t\t\t<\/span>\n\t\t\t\t\t\t\t\t\t\t<span class=\"elementor-icon-list-text\">Get to know the valuable properties of plants!<\/span>\n\t\t\t\t\t\t\t\t\t<\/li>\n\t\t\t\t\t\t\t\t<li class=\"elementor-icon-list-item\">\n\t\t\t\t\t\t\t\t\t\t\t<span class=\"elementor-icon-list-icon\">\n\t\t\t\t\t\t\t<svg aria-hidden=\"true\" class=\"e-font-icon-svg e-fas-check\" viewbox=\"0 0 512 512\" xmlns=\"http:\/\/www.w3.org\/2000\/svg\"><path d=\"M173.898 439.404l-166.4-166.4c-9.997-9.997-9.997-26.206 0-36.204l36.203-36.204c9.997-9.998 26.207-9.998 36.204 0L192 312.69 432.095 72.596c9.997-9.997 26.207-9.997 36.204 0l36.203 36.204c9.997 9.997 9.997 26.206 0 36.204l-294.4 294.401c-9.998 9.997-26.207 9.997-36.204-.001z\"><\/path><\/svg>\t\t\t\t\t\t<\/span>\n\t\t\t\t\t\t\t\t\t\t<span class=\"elementor-icon-list-text\">Enjoy time in a beautiful place with tea and snacks!<\/span>\n\t\t\t\t\t\t\t\t\t<\/li>\n\t\t\t\t\t\t\t\t<li class=\"elementor-icon-list-item\">\n\t\t\t\t\t\t\t\t\t\t\t<span class=\"elementor-icon-list-icon\">\n\t\t\t\t\t\t\t<svg aria-hidden=\"true\" class=\"e-font-icon-svg e-fas-check\" viewbox=\"0 0 512 512\" xmlns=\"http:\/\/www.w3.org\/2000\/svg\"><path d=\"M173.898 439.404l-166.4-166.4c-9.997-9.997-9.997-26.206 0-36.204l36.203-36.204c9.997-9.998 26.207-9.998 36.204 0L192 312.69 432.095 72.596c9.997-9.997 26.207-9.997 36.204 0l36.203 36.204c9.997 9.997 9.997 26.206 0 36.204l-294.4 294.401c-9.998 9.997-26.207 9.997-36.204-.001z\"><\/path><\/svg>\t\t\t\t\t\t<\/span>\n\t\t\t\t\t\t\t\t\t\t<span class=\"elementor-icon-list-text\">Organize a photo session in the most beautiful garden in Latgale!<\/span>\n\t\t\t\t\t\t\t\t\t<\/li>\n\t\t\t\t\t\t\t\t<li class=\"elementor-icon-list-item\">\n\t\t\t\t\t\t\t\t\t\t\t<span class=\"elementor-icon-list-icon\">\n\t\t\t\t\t\t\t<svg aria-hidden=\"true\" class=\"e-font-icon-svg e-fas-check\" viewbox=\"0 0 512 512\" xmlns=\"http:\/\/www.w3.org\/2000\/svg\"><path d=\"M173.898 439.404l-166.4-166.4c-9.997-9.997-9.997-26.206 0-36.204l36.203-36.204c9.997-9.998 26.207-9.998 36.204 0L192 312.69 432.095 72.596c9.997-9.997 26.207-9.997 36.204 0l36.203 36.204c9.997 9.997 9.997 26.206 0 36.204l-294.4 294.401c-9.998 9.997-26.207 9.997-36.204-.001z\"><\/path><\/svg>\t\t\t\t\t\t<\/span>\n\t\t\t\t\t\t\t\t\t\t<span class=\"elementor-icon-list-text\">Call and apply for a master class! 26262209 (Elita). <\/span>\n\t\t\t\t\t\t\t\t\t<\/li>\n\t\t\t\t\t\t<\/ul>\n\t\t\t\t\t\t<\/div>\n\t\t\t\t<\/div>\n\t\t\t\t\t<\/div>\n\t\t<\/div>\n\t\t\t\t\t<\/div>\n\t\t<\/section>\n\t\t\t\t<section class=\"elementor-section elementor-top-section elementor-element elementor-element-0a540d8 elementor-section-boxed elementor-section-height-default elementor-section-height-default\" data-id=\"0a540d8\" data-element_type=\"section\" data-e-type=\"section\" data-settings=\"{&quot;background_background&quot;:&quot;classic&quot;}\">\n\t\t\t\t\t\t<div class=\"elementor-container elementor-column-gap-default\">\n\t\t\t\t\t<div class=\"elementor-column elementor-col-100 elementor-top-column elementor-element elementor-element-e7151c0\" data-id=\"e7151c0\" data-element_type=\"column\" data-e-type=\"column\">\n\t\t\t<div class=\"elementor-widget-wrap\">\n\t\t\t\t\t\t\t<\/div>\n\t\t<\/div>\n\t\t\t\t\t<\/div>\n\t\t<\/section>\n\t\t\t\t<section class=\"elementor-section elementor-top-section elementor-element elementor-element-e05a020 elementor-section-boxed elementor-section-height-default elementor-section-height-default\" data-id=\"e05a020\" data-element_type=\"section\" data-e-type=\"section\" data-settings=\"{&quot;background_background&quot;:&quot;classic&quot;}\">\n\t\t\t\t\t\t<div class=\"elementor-container elementor-column-gap-default\">\n\t\t\t\t\t<div class=\"elementor-column elementor-col-100 elementor-top-column elementor-element elementor-element-1fa00be\" data-id=\"1fa00be\" data-element_type=\"column\" data-e-type=\"column\">\n\t\t\t<div class=\"elementor-widget-wrap elementor-element-populated\">\n\t\t\t\t\t\t<section class=\"elementor-section elementor-inner-section elementor-element elementor-element-ffe3ae8 elementor-section-boxed elementor-section-height-default elementor-section-height-default\" data-id=\"ffe3ae8\" data-element_type=\"section\" data-e-type=\"section\">\n\t\t\t\t\t\t<div class=\"elementor-container elementor-column-gap-default\">\n\t\t\t\t\t<div class=\"elementor-column elementor-col-100 elementor-inner-column elementor-element elementor-element-0617122\" data-id=\"0617122\" data-element_type=\"column\" data-e-type=\"column\">\n\t\t\t<div class=\"elementor-widget-wrap\">\n\t\t\t\t\t\t\t<\/div>\n\t\t<\/div>\n\t\t\t\t\t<\/div>\n\t\t<\/section>\n\t\t\t\t\t<\/div>\n\t\t<\/div>\n\t\t\t\t\t<\/div>\n\t\t<\/section>\n\t\t\t\t<\/div>","protected":false},"excerpt":{"rendered":"<p><strong>+ D\u0101van\u0101 no mums uz ugunskura v\u0101r\u012bta zupa!<\/strong><\/p>\n<p>If you want to take on the role of creator and create your own body scrub - then this is your chance!<\/p>\n<p>We offer you to choose the Latvian plants closest to you and create a gentle, cleansing and aromatic scrub for the body or face, as well as learn various useful tips on skin care!<\/p>\n<p><strong>Meistarklases ilgums:<\/strong> 1h.<\/p>\n<p><strong>Dal\u012bbnieku skaits:<\/strong> 7-20.<\/p>\n<p><strong>Lok\u0101cija:<\/strong> L\u012bv\u0101nu novads, Sutri, Rasa Botanicals meistarkla\u0161u nami\u0146\u0161.<\/p>\n<p><em>Pied\u0101v\u0101jum\u0101 ietilpst \u2013 uz ugunskura v\u0101r\u012bta zupa, iesp\u0113ja organiz\u0113t fotosesiju m\u016bsu dai\u013cd\u0101rz\u0101, iepakojums, eti\u0137etes, izejmateri\u0101li un st\u0101sti par augiem.<\/em><\/p>","protected":false},"featured_media":5806,"template":"","meta":{"site-sidebar-layout":"default","site-content-layout":"default","ast-site-content-layout":"default","site-content-style":"default","site-sidebar-style":"default","ast-global-header-display":"","ast-banner-title-visibility":"","ast-main-header-display":"","ast-hfb-above-header-display":"","ast-hfb-below-header-display":"","ast-hfb-mobile-header-display":"","site-post-title":"","ast-breadcrumbs-content":"","ast-featured-img":"","footer-sml-layout":"","ast-disable-related-posts":"","theme-transparent-header-meta":"default","adv-header-id-meta":"","stick-header-meta":"","header-above-stick-meta":"","header-main-stick-meta":"","header-below-stick-meta":"","astra-migrate-meta-layouts":"set","ast-page-background-enabled":"default","ast-page-background-meta":{"desktop":{"background-color":"","background-image":"","background-repeat":"repeat","background-position":"center center","background-size":"auto","background-attachment":"scroll","background-type":"","background-media":"","overlay-type":"","overlay-color":"","overlay-opacity":"","overlay-gradient":""},"tablet":{"background-color":"","background-image":"","background-repeat":"repeat","background-position":"center center","background-size":"auto","background-attachment":"scroll","background-type":"","background-media":"","overlay-type":"","overlay-color":"","overlay-opacity":"","overlay-gradient":""},"mobile":{"background-color":"","background-image":"","background-repeat":"repeat","background-position":"center center","background-size":"auto","background-attachment":"scroll","background-type":"","background-media":"","overlay-type":"","overlay-color":"","overlay-opacity":"","overlay-gradient":""}},"ast-content-background-meta":{"desktop":{"background-color":"var(--ast-global-color-5)","background-image":"","background-repeat":"repeat","background-position":"center center","background-size":"auto","background-attachment":"scroll","background-type":"","background-media":"","overlay-type":"","overlay-color":"","overlay-opacity":"","overlay-gradient":""},"tablet":{"background-color":"var(--ast-global-color-5)","background-image":"","background-repeat":"repeat","background-position":"center center","background-size":"auto","background-attachment":"scroll","background-type":"","background-media":"","overlay-type":"","overlay-color":"","overlay-opacity":"","overlay-gradient":""},"mobile":{"background-color":"var(--ast-global-color-5)","background-image":"","background-repeat":"repeat","background-position":"center center","background-size":"auto","background-attachment":"scroll","background-type":"","background-media":"","overlay-type":"","overlay-color":"","overlay-opacity":"","overlay-gradient":""}}},"product_brand":[],"product_cat":[91],"product_tag":[],"class_list":{"0":"post-3811","1":"product","2":"type-product","3":"status-publish","4":"has-post-thumbnail","6":"product_cat-meistarklases","7":"desktop-align-left","8":"tablet-align-left","9":"mobile-align-left","11":"first","12":"instock","13":"virtual","14":"taxable","15":"purchasable","16":"product-type-simple"},"yoast_head":"<!-- This site is optimized with the Yoast SEO plugin v27.4 - https:\/\/yoast.com\/product\/yoast-seo-wordpress\/ -->\n<title>Skrubju gatavo\u0161anas meistarklase Sutros - RASA Botanicals<\/title>\n<meta name=\"description\" content=\"Tev ir pl\u0101nota dzim\u0161anas dienas \/ vecmeitu ball\u012bte vai dzimtas sievie\u0161u tik\u0161an\u0101s? Padari \u0161o dienu neaizmirstamu, piedaloties meistarklas\u0113, radot kosm\u0113tiku!\" \/>\n<meta name=\"robots\" content=\"index, follow, max-snippet:-1, max-image-preview:large, max-video-preview:-1\" \/>\n<link rel=\"canonical\" href=\"https:\/\/rasa.bio\/en\/veikals\/skrubju-gatavosanas-meistarklase-un-sarunas-par-skaistumu\/\" \/>\n<meta property=\"og:locale\" content=\"en_GB\" \/>\n<meta property=\"og:type\" content=\"article\" \/>\n<meta property=\"og:title\" content=\"Skrubju gatavo\u0161anas meistarklase Sutros - RASA Botanicals\" \/>\n<meta property=\"og:description\" content=\"Tev ir pl\u0101nota dzim\u0161anas dienas \/ vecmeitu ball\u012bte vai dzimtas sievie\u0161u tik\u0161an\u0101s? Padari \u0161o dienu neaizmirstamu, piedaloties meistarklas\u0113, radot kosm\u0113tiku!\" \/>\n<meta property=\"og:url\" content=\"https:\/\/rasa.bio\/en\/veikals\/skrubju-gatavosanas-meistarklase-un-sarunas-par-skaistumu\/\" \/>\n<meta property=\"og:site_name\" content=\"RASA Botanicals\" \/>\n<meta property=\"article:modified_time\" content=\"2026-01-11T15:08:50+00:00\" \/>\n<meta property=\"og:image\" content=\"https:\/\/rasa.bio\/wp-content\/uploads\/2023\/04\/1.png\" \/>\n\t<meta property=\"og:image:width\" content=\"1350\" \/>\n\t<meta property=\"og:image:height\" content=\"1350\" \/>\n\t<meta property=\"og:image:type\" content=\"image\/png\" \/>\n<meta name=\"twitter:card\" content=\"summary_large_image\" \/>\n<script type=\"application\/ld+json\" class=\"yoast-schema-graph\">{\"@context\":\"https:\\\/\\\/schema.org\",\"@graph\":[{\"@type\":\"WebPage\",\"@id\":\"https:\\\/\\\/rasa.bio\\\/veikals\\\/skrubju-gatavosanas-meistarklase-un-sarunas-par-skaistumu\\\/\",\"url\":\"https:\\\/\\\/rasa.bio\\\/veikals\\\/skrubju-gatavosanas-meistarklase-un-sarunas-par-skaistumu\\\/\",\"name\":\"Skrubju gatavo\u0161anas meistarklase Sutros - RASA Botanicals\",\"isPartOf\":{\"@id\":\"https:\\\/\\\/rasa.bio\\\/#website\"},\"primaryImageOfPage\":{\"@id\":\"https:\\\/\\\/rasa.bio\\\/veikals\\\/skrubju-gatavosanas-meistarklase-un-sarunas-par-skaistumu\\\/#primaryimage\"},\"image\":{\"@id\":\"https:\\\/\\\/rasa.bio\\\/veikals\\\/skrubju-gatavosanas-meistarklase-un-sarunas-par-skaistumu\\\/#primaryimage\"},\"thumbnailUrl\":\"https:\\\/\\\/rasa.bio\\\/wp-content\\\/uploads\\\/2023\\\/04\\\/1.png\",\"datePublished\":\"2023-04-13T10:51:33+00:00\",\"dateModified\":\"2026-01-11T15:08:50+00:00\",\"description\":\"Tev ir pl\u0101nota dzim\u0161anas dienas \\\/ vecmeitu ball\u012bte vai dzimtas sievie\u0161u tik\u0161an\u0101s? Padari \u0161o dienu neaizmirstamu, piedaloties meistarklas\u0113, radot kosm\u0113tiku!\",\"breadcrumb\":{\"@id\":\"https:\\\/\\\/rasa.bio\\\/veikals\\\/skrubju-gatavosanas-meistarklase-un-sarunas-par-skaistumu\\\/#breadcrumb\"},\"inLanguage\":\"en-GB\",\"potentialAction\":[{\"@type\":\"ReadAction\",\"target\":[\"https:\\\/\\\/rasa.bio\\\/veikals\\\/skrubju-gatavosanas-meistarklase-un-sarunas-par-skaistumu\\\/\"]}]},{\"@type\":\"ImageObject\",\"inLanguage\":\"en-GB\",\"@id\":\"https:\\\/\\\/rasa.bio\\\/veikals\\\/skrubju-gatavosanas-meistarklase-un-sarunas-par-skaistumu\\\/#primaryimage\",\"url\":\"https:\\\/\\\/rasa.bio\\\/wp-content\\\/uploads\\\/2023\\\/04\\\/1.png\",\"contentUrl\":\"https:\\\/\\\/rasa.bio\\\/wp-content\\\/uploads\\\/2023\\\/04\\\/1.png\",\"width\":1350,\"height\":1350},{\"@type\":\"BreadcrumbList\",\"@id\":\"https:\\\/\\\/rasa.bio\\\/veikals\\\/skrubju-gatavosanas-meistarklase-un-sarunas-par-skaistumu\\\/#breadcrumb\",\"itemListElement\":[{\"@type\":\"ListItem\",\"position\":1,\"name\":\"Veikals\",\"item\":\"https:\\\/\\\/rasa.bio\\\/veikals\\\/\"},{\"@type\":\"ListItem\",\"position\":2,\"name\":\"Skrubju gatavo\u0161anas meistarklase Sutros\"}]},{\"@type\":\"WebSite\",\"@id\":\"https:\\\/\\\/rasa.bio\\\/#website\",\"url\":\"https:\\\/\\\/rasa.bio\\\/\",\"name\":\"RASA Botanicals\",\"description\":\"\",\"publisher\":{\"@id\":\"https:\\\/\\\/rasa.bio\\\/#organization\"},\"potentialAction\":[{\"@type\":\"SearchAction\",\"target\":{\"@type\":\"EntryPoint\",\"urlTemplate\":\"https:\\\/\\\/rasa.bio\\\/?s={search_term_string}\"},\"query-input\":{\"@type\":\"PropertyValueSpecification\",\"valueRequired\":true,\"valueName\":\"search_term_string\"}}],\"inLanguage\":\"en-GB\"},{\"@type\":\"Organization\",\"@id\":\"https:\\\/\\\/rasa.bio\\\/#organization\",\"name\":\"RASA Botanicals\",\"url\":\"https:\\\/\\\/rasa.bio\\\/\",\"logo\":{\"@type\":\"ImageObject\",\"inLanguage\":\"en-GB\",\"@id\":\"https:\\\/\\\/rasa.bio\\\/#\\\/schema\\\/logo\\\/image\\\/\",\"url\":\"https:\\\/\\\/rasa.bio\\\/wp-content\\\/uploads\\\/2021\\\/06\\\/RASA-logo.svg\",\"contentUrl\":\"https:\\\/\\\/rasa.bio\\\/wp-content\\\/uploads\\\/2021\\\/06\\\/RASA-logo.svg\",\"width\":246,\"height\":302,\"caption\":\"RASA Botanicals\"},\"image\":{\"@id\":\"https:\\\/\\\/rasa.bio\\\/#\\\/schema\\\/logo\\\/image\\\/\"}}]}<\/script>\n<!-- \/ Yoast SEO plugin. -->","yoast_head_json":{"title":"Skrubju gatavo\u0161anas meistarklase Sutros - RASA Botanicals","description":"Tev ir pl\u0101nota dzim\u0161anas dienas \/ vecmeitu ball\u012bte vai dzimtas sievie\u0161u tik\u0161an\u0101s? Padari \u0161o dienu neaizmirstamu, piedaloties meistarklas\u0113, radot kosm\u0113tiku!","robots":{"index":"index","follow":"follow","max-snippet":"max-snippet:-1","max-image-preview":"max-image-preview:large","max-video-preview":"max-video-preview:-1"},"canonical":"https:\/\/rasa.bio\/en\/veikals\/skrubju-gatavosanas-meistarklase-un-sarunas-par-skaistumu\/","og_locale":"en_GB","og_type":"article","og_title":"Skrubju gatavo\u0161anas meistarklase Sutros - RASA Botanicals","og_description":"Tev ir pl\u0101nota dzim\u0161anas dienas \/ vecmeitu ball\u012bte vai dzimtas sievie\u0161u tik\u0161an\u0101s? Padari \u0161o dienu neaizmirstamu, piedaloties meistarklas\u0113, radot kosm\u0113tiku!","og_url":"https:\/\/rasa.bio\/en\/veikals\/skrubju-gatavosanas-meistarklase-un-sarunas-par-skaistumu\/","og_site_name":"RASA Botanicals","article_modified_time":"2026-01-11T15:08:50+00:00","og_image":[{"width":1350,"height":1350,"url":"https:\/\/rasa.bio\/wp-content\/uploads\/2023\/04\/1.png","type":"image\/png"}],"twitter_card":"summary_large_image","schema":{"@context":"https:\/\/schema.org","@graph":[{"@type":"WebPage","@id":"https:\/\/rasa.bio\/veikals\/skrubju-gatavosanas-meistarklase-un-sarunas-par-skaistumu\/","url":"https:\/\/rasa.bio\/veikals\/skrubju-gatavosanas-meistarklase-un-sarunas-par-skaistumu\/","name":"Skrubju gatavo\u0161anas meistarklase Sutros - RASA Botanicals","isPartOf":{"@id":"https:\/\/rasa.bio\/#website"},"primaryImageOfPage":{"@id":"https:\/\/rasa.bio\/veikals\/skrubju-gatavosanas-meistarklase-un-sarunas-par-skaistumu\/#primaryimage"},"image":{"@id":"https:\/\/rasa.bio\/veikals\/skrubju-gatavosanas-meistarklase-un-sarunas-par-skaistumu\/#primaryimage"},"thumbnailUrl":"https:\/\/rasa.bio\/wp-content\/uploads\/2023\/04\/1.png","datePublished":"2023-04-13T10:51:33+00:00","dateModified":"2026-01-11T15:08:50+00:00","description":"Tev ir pl\u0101nota dzim\u0161anas dienas \/ vecmeitu ball\u012bte vai dzimtas sievie\u0161u tik\u0161an\u0101s? Padari \u0161o dienu neaizmirstamu, piedaloties meistarklas\u0113, radot kosm\u0113tiku!","breadcrumb":{"@id":"https:\/\/rasa.bio\/veikals\/skrubju-gatavosanas-meistarklase-un-sarunas-par-skaistumu\/#breadcrumb"},"inLanguage":"en-GB","potentialAction":[{"@type":"ReadAction","target":["https:\/\/rasa.bio\/veikals\/skrubju-gatavosanas-meistarklase-un-sarunas-par-skaistumu\/"]}]},{"@type":"ImageObject","inLanguage":"en-GB","@id":"https:\/\/rasa.bio\/veikals\/skrubju-gatavosanas-meistarklase-un-sarunas-par-skaistumu\/#primaryimage","url":"https:\/\/rasa.bio\/wp-content\/uploads\/2023\/04\/1.png","contentUrl":"https:\/\/rasa.bio\/wp-content\/uploads\/2023\/04\/1.png","width":1350,"height":1350},{"@type":"BreadcrumbList","@id":"https:\/\/rasa.bio\/veikals\/skrubju-gatavosanas-meistarklase-un-sarunas-par-skaistumu\/#breadcrumb","itemListElement":[{"@type":"ListItem","position":1,"name":"Veikals","item":"https:\/\/rasa.bio\/veikals\/"},{"@type":"ListItem","position":2,"name":"Skrubju gatavo\u0161anas meistarklase Sutros"}]},{"@type":"WebSite","@id":"https:\/\/rasa.bio\/#website","url":"https:\/\/rasa.bio\/","name":"RASA Botanicals","description":"","publisher":{"@id":"https:\/\/rasa.bio\/#organization"},"potentialAction":[{"@type":"SearchAction","target":{"@type":"EntryPoint","urlTemplate":"https:\/\/rasa.bio\/?s={search_term_string}"},"query-input":{"@type":"PropertyValueSpecification","valueRequired":true,"valueName":"search_term_string"}}],"inLanguage":"en-GB"},{"@type":"Organization","@id":"https:\/\/rasa.bio\/#organization","name":"RASA Botanicals","url":"https:\/\/rasa.bio\/","logo":{"@type":"ImageObject","inLanguage":"en-GB","@id":"https:\/\/rasa.bio\/#\/schema\/logo\/image\/","url":"https:\/\/rasa.bio\/wp-content\/uploads\/2021\/06\/RASA-logo.svg","contentUrl":"https:\/\/rasa.bio\/wp-content\/uploads\/2021\/06\/RASA-logo.svg","width":246,"height":302,"caption":"RASA Botanicals"},"image":{"@id":"https:\/\/rasa.bio\/#\/schema\/logo\/image\/"}}]}},"_links":{"self":[{"href":"https:\/\/rasa.bio\/en\/wp-json\/wp\/v2\/product\/3811","targetHints":{"allow":["GET"]}}],"collection":[{"href":"https:\/\/rasa.bio\/en\/wp-json\/wp\/v2\/product"}],"about":[{"href":"https:\/\/rasa.bio\/en\/wp-json\/wp\/v2\/types\/product"}],"version-history":[{"count":12,"href":"https:\/\/rasa.bio\/en\/wp-json\/wp\/v2\/product\/3811\/revisions"}],"predecessor-version":[{"id":4511,"href":"https:\/\/rasa.bio\/en\/wp-json\/wp\/v2\/product\/3811\/revisions\/4511"}],"wp:featuredmedia":[{"embeddable":true,"href":"https:\/\/rasa.bio\/en\/wp-json\/wp\/v2\/media\/5806"}],"wp:attachment":[{"href":"https:\/\/rasa.bio\/en\/wp-json\/wp\/v2\/media?parent=3811"}],"wp:term":[{"taxonomy":"product_brand","embeddable":true,"href":"https:\/\/rasa.bio\/en\/wp-json\/wp\/v2\/product_brand?post=3811"},{"taxonomy":"product_cat","embeddable":true,"href":"https:\/\/rasa.bio\/en\/wp-json\/wp\/v2\/product_cat?post=3811"},{"taxonomy":"product_tag","embeddable":true,"href":"https:\/\/rasa.bio\/en\/wp-json\/wp\/v2\/product_tag?post=3811"}],"curies":[{"name":"wp","href":"https:\/\/api.w.org\/{rel}","templated":true}]}}