{"id":3686,"date":"2023-01-23T09:57:39","date_gmt":"2023-01-23T07:57:39","guid":{"rendered":"https:\/\/rasa.bio\/?page_id=3686"},"modified":"2023-01-23T10:00:36","modified_gmt":"2023-01-23T08:00:36","slug":"vakances","status":"publish","type":"page","link":"https:\/\/rasa.bio\/en\/vakances\/","title":{"rendered":"Vakances"},"content":{"rendered":"<div data-elementor-type=\"wp-page\" data-elementor-id=\"3686\" class=\"elementor elementor-3686\" data-elementor-post-type=\"page\">\n\t\t\t\t\t\t<section class=\"elementor-section elementor-top-section elementor-element elementor-element-aaac169 elementor-section-boxed elementor-section-height-default elementor-section-height-default\" data-id=\"aaac169\" data-element_type=\"section\" data-e-type=\"section\" data-settings=\"{&quot;background_background&quot;:&quot;classic&quot;}\">\n\t\t\t\t\t\t<div class=\"elementor-container elementor-column-gap-default\">\n\t\t\t\t\t<div class=\"elementor-column elementor-col-100 elementor-top-column elementor-element elementor-element-812d1a7\" data-id=\"812d1a7\" data-element_type=\"column\" data-e-type=\"column\">\n\t\t\t<div class=\"elementor-widget-wrap elementor-element-populated\">\n\t\t\t\t\t\t<div class=\"elementor-element elementor-element-eed5938 elementor-widget elementor-widget-heading\" data-id=\"eed5938\" data-element_type=\"widget\" data-e-type=\"widget\" data-widget_type=\"heading.default\">\n\t\t\t\t<div class=\"elementor-widget-container\">\n\t\t\t\t\t<h1 class=\"elementor-heading-title elementor-size-default\">Vakances<\/h1>\t\t\t\t<\/div>\n\t\t\t\t<\/div>\n\t\t\t\t<div class=\"elementor-element elementor-element-e17eb3a elementor-widget elementor-widget-heading\" data-id=\"e17eb3a\" data-element_type=\"widget\" data-e-type=\"widget\" data-widget_type=\"heading.default\">\n\t\t\t\t<div class=\"elementor-widget-container\">\n\t\t\t\t\t<h3 class=\"elementor-heading-title elementor-size-default\">M\u0113s m\u0113r\u0137tiec\u012bgi augam, t\u0101p\u0113c mekl\u0113jam sav\u0101 komand\u0101 jaunus kol\u0113\u0123us<\/h3>\t\t\t\t<\/div>\n\t\t\t\t<\/div>\n\t\t\t\t<div class=\"elementor-element elementor-element-4bfee1a elementor-widget elementor-widget-heading\" data-id=\"4bfee1a\" data-element_type=\"widget\" data-e-type=\"widget\" data-widget_type=\"heading.default\">\n\t\t\t\t<div class=\"elementor-widget-container\">\n\t\t\t\t\t<h3 class=\"elementor-heading-title elementor-size-default\"><a href=\"https:\/\/forms.gle\/YhAKoeYa2BYNKV6z9\"><u>* Soci\u0101lo t\u012bklu satura veidot\u0101ju<\/u><\/a><\/h3>\t\t\t\t<\/div>\n\t\t\t\t<\/div>\n\t\t\t\t<div class=\"elementor-element elementor-element-682dafa elementor-widget elementor-widget-heading\" data-id=\"682dafa\" data-element_type=\"widget\" data-e-type=\"widget\" data-widget_type=\"heading.default\">\n\t\t\t\t<div class=\"elementor-widget-container\">\n\t\t\t\t\t<h3 class=\"elementor-heading-title elementor-size-default\"><a href=\"https:\/\/forms.gle\/C7u2RYDV9dvyFsAP6\"><u>* Vad\u012bt\u0101ja asistentu kosm\u0113tisko formulu izstr\u0101d\u0113<\/u>\n<\/a><\/h3>\t\t\t\t<\/div>\n\t\t\t\t<\/div>\n\t\t\t\t<div class=\"elementor-element elementor-element-e3cbac1 elementor-widget elementor-widget-heading\" data-id=\"e3cbac1\" data-element_type=\"widget\" data-e-type=\"widget\" data-widget_type=\"heading.default\">\n\t\t\t\t<div class=\"elementor-widget-container\">\n\t\t\t\t\t<h3 class=\"elementor-heading-title elementor-size-default\">Spied uz saites, piesakies un k\u013c\u016bsti viens no Rasa Botanicals komandas! \n<\/h3>\t\t\t\t<\/div>\n\t\t\t\t<\/div>\n\t\t\t\t\t<\/div>\n\t\t<\/div>\n\t\t\t\t\t<\/div>\n\t\t<\/section>\n\t\t\t\t<\/div>","protected":false},"excerpt":{"rendered":"<p>Vakances M\u0113s m\u0113r\u0137tiec\u012bgi augam, t\u0101p\u0113c mekl\u0113jam sav\u0101 komand\u0101 jaunus kol\u0113\u0123us * Soci\u0101lo t\u012bklu satura veidot\u0101ju * Vad\u012bt\u0101ja asistentu kosm\u0113tisko formulu izstr\u0101d\u0113 Spied uz saites, piesakies un k\u013c\u016bsti viens no Rasa Botanicals komandas!<\/p>","protected":false},"author":20,"featured_media":0,"parent":0,"menu_order":0,"comment_status":"closed","ping_status":"closed","template":"","meta":{"site-sidebar-layout":"no-sidebar","site-content-layout":"page-builder","ast-site-content-layout":"default","site-content-style":"default","site-sidebar-style":"default","ast-global-header-display":"","ast-banner-title-visibility":"","ast-main-header-display":"","ast-hfb-above-header-display":"","ast-hfb-below-header-display":"","ast-hfb-mobile-header-display":"","site-post-title":"disabled","ast-breadcrumbs-content":"","ast-featured-img":"disabled","footer-sml-layout":"","ast-disable-related-posts":"","theme-transparent-header-meta":"default","adv-header-id-meta":"","stick-header-meta":"","header-above-stick-meta":"","header-main-stick-meta":"","header-below-stick-meta":"","astra-migrate-meta-layouts":"default","ast-page-background-enabled":"default","ast-page-background-meta":{"desktop":{"background-color":"","background-image":"","background-repeat":"repeat","background-position":"center center","background-size":"auto","background-attachment":"scroll","background-type":"","background-media":"","overlay-type":"","overlay-color":"","overlay-opacity":"","overlay-gradient":""},"tablet":{"background-color":"","background-image":"","background-repeat":"repeat","background-position":"center center","background-size":"auto","background-attachment":"scroll","background-type":"","background-media":"","overlay-type":"","overlay-color":"","overlay-opacity":"","overlay-gradient":""},"mobile":{"background-color":"","background-image":"","background-repeat":"repeat","background-position":"center center","background-size":"auto","background-attachment":"scroll","background-type":"","background-media":"","overlay-type":"","overlay-color":"","overlay-opacity":"","overlay-gradient":""}},"ast-content-background-meta":{"desktop":{"background-color":"var(--ast-global-color-5)","background-image":"","background-repeat":"repeat","background-position":"center center","background-size":"auto","background-attachment":"scroll","background-type":"","background-media":"","overlay-type":"","overlay-color":"","overlay-opacity":"","overlay-gradient":""},"tablet":{"background-color":"var(--ast-global-color-5)","background-image":"","background-repeat":"repeat","background-position":"center center","background-size":"auto","background-attachment":"scroll","background-type":"","background-media":"","overlay-type":"","overlay-color":"","overlay-opacity":"","overlay-gradient":""},"mobile":{"background-color":"var(--ast-global-color-5)","background-image":"","background-repeat":"repeat","background-position":"center center","background-size":"auto","background-attachment":"scroll","background-type":"","background-media":"","overlay-type":"","overlay-color":"","overlay-opacity":"","overlay-gradient":""}},"footnotes":""},"class_list":["post-3686","page","type-page","status-publish","hentry"],"yoast_head":"<!-- This site is optimized with the Yoast SEO plugin v27.4 - https:\/\/yoast.com\/product\/yoast-seo-wordpress\/ -->\n<title>Vakances - RASA Botanicals<\/title>\n<meta name=\"description\" content=\"Sazinies ar mums, lai noskaidrotu Tev interes\u0113jo\u0161os jaut\u0101jumus par m\u016bsu gatavo kosm\u0113tiku, augu ekstraktiem vai sadarb\u012bbu!\" \/>\n<meta name=\"robots\" content=\"index, follow, max-snippet:-1, max-image-preview:large, max-video-preview:-1\" \/>\n<link rel=\"canonical\" href=\"https:\/\/rasa.bio\/en\/vakances\/\" \/>\n<meta property=\"og:locale\" content=\"en_GB\" \/>\n<meta property=\"og:type\" content=\"article\" \/>\n<meta property=\"og:title\" content=\"Vakances - RASA Botanicals\" \/>\n<meta property=\"og:description\" content=\"Sazinies ar mums, lai noskaidrotu Tev interes\u0113jo\u0161os jaut\u0101jumus par m\u016bsu gatavo kosm\u0113tiku, augu ekstraktiem vai sadarb\u012bbu!\" \/>\n<meta property=\"og:url\" content=\"https:\/\/rasa.bio\/en\/vakances\/\" \/>\n<meta property=\"og:site_name\" content=\"RASA Botanicals\" \/>\n<meta property=\"article:modified_time\" content=\"2023-01-23T08:00:36+00:00\" \/>\n<meta name=\"twitter:card\" content=\"summary_large_image\" \/>\n<meta name=\"twitter:label1\" content=\"Estimated reading time\" \/>\n\t<meta name=\"twitter:data1\" content=\"1 minute\" \/>\n<script type=\"application\/ld+json\" class=\"yoast-schema-graph\">{\"@context\":\"https:\\\/\\\/schema.org\",\"@graph\":[{\"@type\":\"WebPage\",\"@id\":\"https:\\\/\\\/rasa.bio\\\/vakances\\\/\",\"url\":\"https:\\\/\\\/rasa.bio\\\/vakances\\\/\",\"name\":\"Vakances - RASA Botanicals\",\"isPartOf\":{\"@id\":\"https:\\\/\\\/rasa.bio\\\/#website\"},\"datePublished\":\"2023-01-23T07:57:39+00:00\",\"dateModified\":\"2023-01-23T08:00:36+00:00\",\"description\":\"Sazinies ar mums, lai noskaidrotu Tev interes\u0113jo\u0161os jaut\u0101jumus par m\u016bsu gatavo kosm\u0113tiku, augu ekstraktiem vai sadarb\u012bbu!\",\"inLanguage\":\"en-GB\",\"potentialAction\":[{\"@type\":\"ReadAction\",\"target\":[\"https:\\\/\\\/rasa.bio\\\/vakances\\\/\"]}]},{\"@type\":\"WebSite\",\"@id\":\"https:\\\/\\\/rasa.bio\\\/#website\",\"url\":\"https:\\\/\\\/rasa.bio\\\/\",\"name\":\"RASA Botanicals\",\"description\":\"\",\"publisher\":{\"@id\":\"https:\\\/\\\/rasa.bio\\\/#organization\"},\"potentialAction\":[{\"@type\":\"SearchAction\",\"target\":{\"@type\":\"EntryPoint\",\"urlTemplate\":\"https:\\\/\\\/rasa.bio\\\/?s={search_term_string}\"},\"query-input\":{\"@type\":\"PropertyValueSpecification\",\"valueRequired\":true,\"valueName\":\"search_term_string\"}}],\"inLanguage\":\"en-GB\"},{\"@type\":\"Organization\",\"@id\":\"https:\\\/\\\/rasa.bio\\\/#organization\",\"name\":\"RASA Botanicals\",\"url\":\"https:\\\/\\\/rasa.bio\\\/\",\"logo\":{\"@type\":\"ImageObject\",\"inLanguage\":\"en-GB\",\"@id\":\"https:\\\/\\\/rasa.bio\\\/#\\\/schema\\\/logo\\\/image\\\/\",\"url\":\"https:\\\/\\\/rasa.bio\\\/wp-content\\\/uploads\\\/2021\\\/06\\\/RASA-logo.svg\",\"contentUrl\":\"https:\\\/\\\/rasa.bio\\\/wp-content\\\/uploads\\\/2021\\\/06\\\/RASA-logo.svg\",\"width\":246,\"height\":302,\"caption\":\"RASA Botanicals\"},\"image\":{\"@id\":\"https:\\\/\\\/rasa.bio\\\/#\\\/schema\\\/logo\\\/image\\\/\"}}]}<\/script>\n<!-- \/ Yoast SEO plugin. -->","yoast_head_json":{"title":"Vakances - RASA Botanicals","description":"Sazinies ar mums, lai noskaidrotu Tev interes\u0113jo\u0161os jaut\u0101jumus par m\u016bsu gatavo kosm\u0113tiku, augu ekstraktiem vai sadarb\u012bbu!","robots":{"index":"index","follow":"follow","max-snippet":"max-snippet:-1","max-image-preview":"max-image-preview:large","max-video-preview":"max-video-preview:-1"},"canonical":"https:\/\/rasa.bio\/en\/vakances\/","og_locale":"en_GB","og_type":"article","og_title":"Vakances - RASA Botanicals","og_description":"Sazinies ar mums, lai noskaidrotu Tev interes\u0113jo\u0161os jaut\u0101jumus par m\u016bsu gatavo kosm\u0113tiku, augu ekstraktiem vai sadarb\u012bbu!","og_url":"https:\/\/rasa.bio\/en\/vakances\/","og_site_name":"RASA Botanicals","article_modified_time":"2023-01-23T08:00:36+00:00","twitter_card":"summary_large_image","twitter_misc":{"Estimated reading time":"1 minute"},"schema":{"@context":"https:\/\/schema.org","@graph":[{"@type":"WebPage","@id":"https:\/\/rasa.bio\/vakances\/","url":"https:\/\/rasa.bio\/vakances\/","name":"Vakances - RASA Botanicals","isPartOf":{"@id":"https:\/\/rasa.bio\/#website"},"datePublished":"2023-01-23T07:57:39+00:00","dateModified":"2023-01-23T08:00:36+00:00","description":"Sazinies ar mums, lai noskaidrotu Tev interes\u0113jo\u0161os jaut\u0101jumus par m\u016bsu gatavo kosm\u0113tiku, augu ekstraktiem vai sadarb\u012bbu!","inLanguage":"en-GB","potentialAction":[{"@type":"ReadAction","target":["https:\/\/rasa.bio\/vakances\/"]}]},{"@type":"WebSite","@id":"https:\/\/rasa.bio\/#website","url":"https:\/\/rasa.bio\/","name":"RASA Botanicals","description":"","publisher":{"@id":"https:\/\/rasa.bio\/#organization"},"potentialAction":[{"@type":"SearchAction","target":{"@type":"EntryPoint","urlTemplate":"https:\/\/rasa.bio\/?s={search_term_string}"},"query-input":{"@type":"PropertyValueSpecification","valueRequired":true,"valueName":"search_term_string"}}],"inLanguage":"en-GB"},{"@type":"Organization","@id":"https:\/\/rasa.bio\/#organization","name":"RASA Botanicals","url":"https:\/\/rasa.bio\/","logo":{"@type":"ImageObject","inLanguage":"en-GB","@id":"https:\/\/rasa.bio\/#\/schema\/logo\/image\/","url":"https:\/\/rasa.bio\/wp-content\/uploads\/2021\/06\/RASA-logo.svg","contentUrl":"https:\/\/rasa.bio\/wp-content\/uploads\/2021\/06\/RASA-logo.svg","width":246,"height":302,"caption":"RASA Botanicals"},"image":{"@id":"https:\/\/rasa.bio\/#\/schema\/logo\/image\/"}}]}},"_links":{"self":[{"href":"https:\/\/rasa.bio\/en\/wp-json\/wp\/v2\/pages\/3686","targetHints":{"allow":["GET"]}}],"collection":[{"href":"https:\/\/rasa.bio\/en\/wp-json\/wp\/v2\/pages"}],"about":[{"href":"https:\/\/rasa.bio\/en\/wp-json\/wp\/v2\/types\/page"}],"author":[{"embeddable":true,"href":"https:\/\/rasa.bio\/en\/wp-json\/wp\/v2\/users\/20"}],"replies":[{"embeddable":true,"href":"https:\/\/rasa.bio\/en\/wp-json\/wp\/v2\/comments?post=3686"}],"version-history":[{"count":8,"href":"https:\/\/rasa.bio\/en\/wp-json\/wp\/v2\/pages\/3686\/revisions"}],"predecessor-version":[{"id":3694,"href":"https:\/\/rasa.bio\/en\/wp-json\/wp\/v2\/pages\/3686\/revisions\/3694"}],"wp:attachment":[{"href":"https:\/\/rasa.bio\/en\/wp-json\/wp\/v2\/media?parent=3686"}],"curies":[{"name":"wp","href":"https:\/\/api.w.org\/{rel}","templated":true}]}}